{"id":4849,"date":"2023-06-30T13:43:26","date_gmt":"2023-06-30T10:43:26","guid":{"rendered":"https:\/\/turkuswingsociety.com\/tss\/?page_id=4849"},"modified":"2023-07-29T01:13:30","modified_gmt":"2023-07-28T22:13:30","slug":"saannot","status":"publish","type":"page","link":"https:\/\/www.turkuswingsociety.com\/tss\/saannot\/","title":{"rendered":"S\u00e4\u00e4nn\u00f6t"},"content":{"rendered":"\n<div style=\"height:55px\" aria-hidden=\"true\" class=\"wp-block-spacer\"><\/div>\n\n\n\n<div class=\"wp-block-cover alignfull\" style=\"min-height:400px;aspect-ratio:unset;\"><span aria-hidden=\"true\" class=\"wp-block-cover__background has-background-dim-20 has-background-dim wp-block-cover__gradient-background has-background-gradient\" style=\"background:linear-gradient(135deg,rgb(169,184,195) undefined%,rgb(238,238,238) 54%)\"><\/span><img loading=\"lazy\" decoding=\"async\" width=\"1740\" height=\"800\" class=\"wp-block-cover__image-background wp-image-5188\" alt=\"\" src=\"https:\/\/turkuswingsociety.com\/tss\/wp-content\/uploads\/2023\/07\/jerejelena-EXPANDED-mustavalko-cropped-blurred-MERGED-fixed-vari-liila-tiilit-2varia-compressed-darker-2-kapea-compressed.jpg\" style=\"object-position:50% 40%\" data-object-fit=\"cover\" data-object-position=\"50% 40%\" srcset=\"https:\/\/www.turkuswingsociety.com\/tss\/wp-content\/uploads\/2023\/07\/jerejelena-EXPANDED-mustavalko-cropped-blurred-MERGED-fixed-vari-liila-tiilit-2varia-compressed-darker-2-kapea-compressed.jpg 1740w, https:\/\/www.turkuswingsociety.com\/tss\/wp-content\/uploads\/2023\/07\/jerejelena-EXPANDED-mustavalko-cropped-blurred-MERGED-fixed-vari-liila-tiilit-2varia-compressed-darker-2-kapea-compressed-300x138.jpg 300w, https:\/\/www.turkuswingsociety.com\/tss\/wp-content\/uploads\/2023\/07\/jerejelena-EXPANDED-mustavalko-cropped-blurred-MERGED-fixed-vari-liila-tiilit-2varia-compressed-darker-2-kapea-compressed-1024x471.jpg 1024w, https:\/\/www.turkuswingsociety.com\/tss\/wp-content\/uploads\/2023\/07\/jerejelena-EXPANDED-mustavalko-cropped-blurred-MERGED-fixed-vari-liila-tiilit-2varia-compressed-darker-2-kapea-compressed-768x353.jpg 768w, https:\/\/www.turkuswingsociety.com\/tss\/wp-content\/uploads\/2023\/07\/jerejelena-EXPANDED-mustavalko-cropped-blurred-MERGED-fixed-vari-liila-tiilit-2varia-compressed-darker-2-kapea-compressed-1536x706.jpg 1536w, https:\/\/www.turkuswingsociety.com\/tss\/wp-content\/uploads\/2023\/07\/jerejelena-EXPANDED-mustavalko-cropped-blurred-MERGED-fixed-vari-liila-tiilit-2varia-compressed-darker-2-kapea-compressed-18x8.jpg 18w\" sizes=\"auto, (max-width: 1740px) 100vw, 1740px\" \/><div class=\"wp-block-cover__inner-container is-layout-flow wp-block-cover-is-layout-flow\">\n<p class=\"has-text-align-center has-x-large-font-size\" style=\"font-style:normal;font-weight:400;letter-spacing:5px\">YHDISTYKSEN S\u00c4\u00c4NN\u00d6T<\/p>\n<\/div><\/div>\n\n\n\n<div style=\"height:80px\" aria-hidden=\"true\" class=\"wp-block-spacer\"><\/div>\n\n\n\n<div class=\"wp-block-columns is-layout-flex wp-container-core-columns-is-layout-9d6595d7 wp-block-columns-is-layout-flex\">\n<div class=\"wp-block-column is-layout-flow wp-block-column-is-layout-flow\" style=\"flex-basis:15%\"><\/div>\n\n\n\n<div class=\"wp-block-column is-layout-flow wp-block-column-is-layout-flow\" style=\"flex-basis:70%\">\n<h1 class=\"wp-block-heading has-text-align-center\" style=\"letter-spacing:5px\">Turku Swing Societyn s\u00e4\u00e4nn\u00f6t<\/h1>\n\n\n\n<hr class=\"wp-block-separator has-alpha-channel-opacity is-style-wide\"\/>\n\n\n\n<p>PATENTTI- JA REKISTERIHALLITUS<br>Yhdistysrekisteri<\/p>\n\n\n\n<p>1. YHDISTYKSEN NIMI JA KOTIPAIKKA<\/p>\n\n\n\n<p>Yhdistyksen nimi on Turku Swing Society ja sen kotipaikka on Turku<\/p>\n\n\n\n<p>2. TARKOITUS JA TOIMINNAN LAATU<\/p>\n\n\n\n<p>Yhdistyksen tarkoituksena on tuoda rock\u2019n\u2019swing-tansseja sek\u00e4 argentiinalaista tangoa ja niihin soveliaita musiikin lajeja tunnetuiksi sek\u00e4 turvata mahdollisuudet edell\u00e4 mainittujen tanssilajien monipuoliseen harrastamiseen Turun seudulla tasapuolisesti my\u00f6s opiskelijoiden keskuudessa.<\/p>\n\n\n\n<p>Tarkoituksensa toteuttamiseksi yhdistys j\u00e4rjest\u00e4\u00e4 tanssivalmennusta, tanssiesityksi\u00e4 ja tanssikilpailuja sek\u00e4 luentoja rock\u2019n\u2019swing-tanssimusiikin teoriasta ja historiasta, konserttimatkoja j\u00e4senilleen ja artistitapaamisia mahdollisuuksien mukaan.<\/p>\n\n\n\n<p>Toimintansa tukemiseksi yhdistys j\u00e4rjest\u00e4\u00e4 maksullisia tanssitapahtumia, joista perit\u00e4\u00e4n osallistumismaksu ja se ker\u00e4\u00e4 j\u00e4senmaksuja. Yhdistys voi ottaa vastaan rahallisia avustuksia sek\u00e4 testamentattuja perint\u00f6j\u00e4.<\/p>\n\n\n\n<p>3. J\u00c4SENET<\/p>\n\n\n\n<p>Yhdistykseen varsinaiseksi j\u00e4seneksi voidaan hyv\u00e4ksy\u00e4 henkil\u00f6, joka hyv\u00e4ksyy yhdistyksen tarkoituksen ja toimintamuodot.<\/p>\n\n\n\n<p>Kannattavaksi j\u00e4seneksi voidaan hyv\u00e4ksy\u00e4 yksityinen henkil\u00f6 tai oikeuskelpoinen yhteis\u00f6, joka haluaa tukea yhdistyksen tarkoitusta ja toimintaa.<\/p>\n\n\n\n<p>Yhdistyksen hallitus hyv\u00e4ksyy j\u00e4senyytt\u00e4 hakevat varsinaiset j\u00e4senet ja kannattavat j\u00e4senet.<\/p>\n\n\n\n<p>Kunniapuheenjohtajaksi tai kunniaj\u00e4seneksi voidaan hallituksen esityksest\u00e4 yhdistyksen kokouksessa kutsua henkil\u00f6, joka on huomattavasti edist\u00e4nyt ja tukenut yhdistyksen toimintaa.<\/p>\n\n\n\n<p>4. J\u00c4SENEN EROAMINEN JA EROTTAMINEN<\/p>\n\n\n\n<p>J\u00e4senell\u00e4 on oikeus erota yhdistyksest\u00e4 ilmoittamalla siit\u00e4 kirjallisesti hallitukselle tai sen puheenjohtajalle taikka ilmoittamalla erosta yhdistyksen kokouksessa merkitt\u00e4v\u00e4ksi p\u00f6yt\u00e4kirjaan.<\/p>\n\n\n\n<p>Hallitus voi erottaa j\u00e4senen yhdistyksest\u00e4, jos j\u00e4sen on j\u00e4tt\u00e4nyt er\u00e4\u00e4ntyneen j\u00e4senmaksunsa maksamatta tai muuten j\u00e4tt\u00e4nyt t\u00e4ytt\u00e4m\u00e4tt\u00e4 ne velvoitukset, joihin h\u00e4n on yhdistykseen liittym\u00e4ll\u00e4 sitoutunut tai on menettelyll\u00e4\u00e4n yhdistyksess\u00e4 tai sen ulkopuolella huomattavasti vahingoittanut yhdistyst\u00e4 tai ei en\u00e4\u00e4 t\u00e4yt\u00e4 laissa taikka yhdistyksen s\u00e4\u00e4nn\u00f6iss\u00e4 mainittuja j\u00e4senyyden ehtoja.<\/p>\n\n\n\n<p>5.<strong> <\/strong>LIITTYMIS- JA J\u00c4SENMAKSU<\/p>\n\n\n\n<p>Varsinaisilta j\u00e4senilt\u00e4 ja kannattavilta j\u00e4senilt\u00e4 peritt\u00e4v\u00e4n liittymismaksun ja vuotuisen j\u00e4senmaksun suuruudesta erikseen kummallekin j\u00e4senryhm\u00e4lle p\u00e4\u00e4tt\u00e4\u00e4 yhdistyksen syyskokous seuraavaa kalenterivuotta varten siten kuin s\u00e4\u00e4nn\u00f6t t\u00e4ss\u00e4 ja muissa pyk\u00e4liss\u00e4 m\u00e4\u00e4rittelev\u00e4t. Kunniapuheenjohtaja ja kunniaj\u00e4senet eiv\u00e4t suorita j\u00e4senmaksuja.<\/p>\n\n\n\n<p>6. HALLITUS<\/p>\n\n\n\n<p>Yhdistyksen asioita hoitaa hallitus, johon kuuluu yhdistyksen syyskokouksessa valitut puheenjohtaja ja v\u00e4hint\u00e4\u00e4n 2, enint\u00e4\u00e4n 6 muuta varsinaista j\u00e4sent\u00e4 sek\u00e4 2 varaj\u00e4sent\u00e4.<\/p>\n\n\n\n<p>Hallituksen toimikausi on kalenterivuosi.<\/p>\n\n\n\n<p>Hallitus valitsee keskuudestaan 1-2 varapuheenjohtajaa. Varapuheenjohtajia valitaan kaksi, mik\u00e4li puolet hallituksen j\u00e4senist\u00e4 kannattavat t\u00e4t\u00e4. Hallitus nimitt\u00e4\u00e4 keskuudestaan tai ulkopuoleltaan yhdistykselle sihteerin, rahastonhoitajan ja muut tarvittavat toimihenkil\u00f6t.<\/p>\n\n\n\n<p>Jos hallituksen varsinainen j\u00e4sen eroaa kesken toimikauden, varaj\u00e4sen toimii h\u00e4nen sijallaan.<\/p>\n\n\n\n<p>Hallitus kokoontuu puheenjohtajan tai h\u00e4nen estyneen\u00e4 ollessaan varapuheenjohtajan kutsusta, kun he katsovat siihen olevan aihetta tai kun v\u00e4hint\u00e4\u00e4n puolet hallituksen j\u00e4senist\u00e4 sit\u00e4 vaatii.<\/p>\n\n\n\n<p>Hallitus on p\u00e4\u00e4t\u00f6svaltainen, kun v\u00e4hint\u00e4\u00e4n puolet sen j\u00e4senist\u00e4, puheenjohtaja tai varapuheenjohtaja mukaan luettuna on l\u00e4sn\u00e4. \u00c4\u00e4nestykset ratkaistaan yksinkertaisella \u00e4\u00e4nten enemmist\u00f6ll\u00e4. Vaadittaessa on j\u00e4rjestett\u00e4v\u00e4 suljettu lippu\u00e4\u00e4nestys. \u00c4\u00e4nten menness\u00e4 tasan ratkaisee puheenjohtajan \u00e4\u00e4ni, vaaleissa kuitenkin arpa.<\/p>\n\n\n\n<p>7. YHDISTYKSEN NIMEN KIRJOITTAMINEN<\/p>\n\n\n\n<p>Yhdistyksen nimen kirjoittaa hallituksen puheenjohtaja, varapuheenjohtaja, sihteeri tai rahastonhoitaja, kaksi yhdess\u00e4.<\/p>\n\n\n\n<p>Yhdistyksen pankkitilin k\u00e4ytt\u00f6oikeus on puheenjohtajalla, varapuheenjohtajalla sek\u00e4 rahastonhoitajalla tai hallituksen kokouksen p\u00e4\u00e4tt\u00e4m\u00e4ll\u00e4 henkil\u00f6ll\u00e4.<\/p>\n\n\n\n<p>8. TILIKAUSI JA TILINTARKASTUS<\/p>\n\n\n\n<p>Yhdistyksen tilikausi on kalenterivuosi.<\/p>\n\n\n\n<p>Tilinp\u00e4\u00e4t\u00f6s tarvittavine asiakirjoineen ja hallituksen vuosikertomus on annettava tilintarkastajille viimeist\u00e4\u00e4n kolme viikkoa ennen yhdistyksen kev\u00e4tkokousta. Tilintarkastajien tulee antaa kirjallinen lausuntonsa viimeist\u00e4\u00e4n kaksi viikkoa ennen vuosikokousta hallitukselle.<\/p>\n\n\n\n<p>9. YHDISTYKSEN KOKOUKSET<\/p>\n\n\n\n<p>Yhdistys pit\u00e4\u00e4 vuosittain kaksi varsinaista kokousta. Yhdistyksen kev\u00e4tkokous pidet\u00e4\u00e4n tammi-maaliskuussa ja yhdistyksen syyskokous loka-joulukuussa hallituksen m\u00e4\u00e4r\u00e4\u00e4min\u00e4 p\u00e4ivin\u00e4.<\/p>\n\n\n\n<p>Ylim\u00e4\u00e4r\u00e4inen kokous pidet\u00e4\u00e4n, kun yhdistyksen kokous niin p\u00e4\u00e4tt\u00e4\u00e4 tai kun hallitus katsoo siihen olevan aihetta tai kun v\u00e4hint\u00e4\u00e4n kymmenesosa (1\/10) yhdistyksen \u00e4\u00e4nioikeutetuista j\u00e4senist\u00e4 sit\u00e4 hallitukselta erityisesti ilmoitettua asiaa varten kirjallisesti vaatii. Kokous on pidett\u00e4v\u00e4 kolmenkymmenen vuorokauden kuluessa siit\u00e4, kun vaatimus sen pit\u00e4misest\u00e4 on esitetty hallitukselle.<\/p>\n\n\n\n<p>Yhdistyksen kokouksissa on jokaisella varsinaisella j\u00e4senell\u00e4, kunniapuheenjohtajalla ja kunniaj\u00e4senell\u00e4 yksi \u00e4\u00e4ni. Kannattavalla j\u00e4senell\u00e4 on kokouksessa l\u00e4sn\u00e4olo- ja puheoikeus.<\/p>\n\n\n\n<p>Yhdistyksen kokouksen p\u00e4\u00e4t\u00f6kseksi tulee se mielipide, jota on kannattanut yli puolet annetuista \u00e4\u00e4nist\u00e4. \u00c4\u00e4nten menness\u00e4 tasan ratkaisee kokouksen puheenjohtajan \u00e4\u00e4ni, vaaleissa kuitenkin arpa. Vaadittaessa on j\u00e4rjestett\u00e4v\u00e4 suljettu lippu\u00e4\u00e4nestys.<\/p>\n\n\n\n<p>10. YHDISTYKSEN KOKOUSTEN KOOLLEKUTSUMINEN<\/p>\n\n\n\n<p>Hallituksen on kutsuttava yhdistyksen kokoukset koolle v\u00e4hint\u00e4\u00e4n seitsem\u00e4n vuorokautta ennen kokousta j\u00e4senille postitetuilla kirjeill\u00e4 tai s\u00e4hk\u00f6postilla sellaisille j\u00e4senille, jotka ovat antaneet s\u00e4hk\u00f6postiosoitteensa.<\/p>\n\n\n\n<p>11. VARSINAISET YHDISTYKSEN KOKOUKSET<\/p>\n\n\n\n<p>Yhdistyksen kev\u00e4tkokouksessa k\u00e4sitell\u00e4\u00e4n seuraavat asiat:<\/p>\n\n\n\n<p>1. Kokouksen avaus<br>2. Valitaan kokouksen puheenjohtaja, sihteeri, kaksi p\u00f6yt\u00e4kirjantarkastajaa ja tarvittaessa kaksi \u00e4\u00e4ntenlaskijaa<br>3. Todetaan kokouksen laillisuus ja p\u00e4\u00e4t\u00f6svaltaisuus<br>4. Hyv\u00e4ksyt\u00e4\u00e4n kokouksen ty\u00f6j\u00e4rjestys<br>5. Esitet\u00e4\u00e4n edellist\u00e4 vuotta koskeva tilinp\u00e4\u00e4t\u00f6s, vuosikertomus ja tilintarkastajien lausunto<br>6. P\u00e4\u00e4tet\u00e4\u00e4n tilinp\u00e4\u00e4t\u00f6ksen vahvistamisesta ja vastuuvapauden my\u00f6nt\u00e4misest\u00e4 hallitukselle ja muille vastuuvelvollisille<br>7. K\u00e4sitell\u00e4\u00e4n muut n\u00e4iden s\u00e4\u00e4nt\u00f6jen edellytt\u00e4m\u00e4t, hallituksen kev\u00e4tkokoukselle valmistelemat ja kokouskutsussa mainitut asiat.<\/p>\n\n\n\n<p>Yhdistyksen syyskokouksessa k\u00e4sitell\u00e4\u00e4n seuraavat asiat:<\/p>\n\n\n\n<p>1. Kokouksen avaus<br>2. Valitaan kokouksen puheenjohtaja, sihteeri, kaksi p\u00f6yt\u00e4kirjantarkastajaa ja tarvittaessa kaksi \u00e4\u00e4ntenlaskijaa<br>3. Todetaan kokouksen laillisuus ja p\u00e4\u00e4t\u00f6svaltaisuus<br>4. Hyv\u00e4ksyt\u00e4\u00e4n kokouksen ty\u00f6j\u00e4rjestys<br>5. Vahvistetaan toimintasuunnitelma, tulo- ja menoarvio sek\u00e4 liittymis- ja j\u00e4senmaksujen suuruudet seuraavaa kalenterivuotta varten<br>6. Vahvistetaan hallituksen j\u00e4senm\u00e4\u00e4r\u00e4 yhdistyksen s\u00e4\u00e4nt\u00f6jen 6\u00a7 rajoissa sek\u00e4 valitaan hallituksen puheenjohtaja ja muut j\u00e4senet seuraavaa kalenterivuotta varten<br>7. Valitaan yksi tai kaksi tilintarkastajaa ja heille varatilintarkastajat seuraavaa kalenterivuotta varten<br>8. K\u00e4sitell\u00e4\u00e4n muut n\u00e4iden s\u00e4\u00e4nt\u00f6jen edellytt\u00e4m\u00e4t, hallituksen syyskokoukselle valmistelemat ja kokouskutsussa mainitut asiat.<br><br>Mik\u00e4li yhdistyksen j\u00e4sen haluaa saada jonkin asian yhdistyksen vuosikokouksen k\u00e4sitelt\u00e4v\u00e4ksi, on h\u00e4nen ilmoitettava siit\u00e4 kirjallisesti hallitukselle niin hyviss\u00e4 ajoin, ett\u00e4 asia voidaan sis\u00e4llytt\u00e4\u00e4 kokouskutsuun.<\/p>\n\n\n\n<p>12. S\u00c4\u00c4NT\u00d6JEN MUUTTAMINEN JA YHDISTUKSEN PURKAMINEN<\/p>\n\n\n\n<p>P\u00e4\u00e4t\u00f6s s\u00e4\u00e4nt\u00f6jen muuttamisesta ja yhdistyksen purkamisesta on teht\u00e4v\u00e4 yhdistyksen kokouksessa v\u00e4hint\u00e4\u00e4n kolmen nelj\u00e4sosan (3\/4) enemmist\u00f6ll\u00e4 annetuista \u00e4\u00e4nist\u00e4. Kokouskutsussa on mainittava s\u00e4\u00e4nt\u00f6jen muuttamisesta tai yhdistyksen purkamisesta.<\/p>\n\n\n\n<p>Yhdistyksen purkautuessa k\u00e4ytet\u00e4\u00e4n yhdistyksen varat yhdistyksen tarkoituksen edist\u00e4miseen purkamisesta p\u00e4\u00e4tt\u00e4v\u00e4n kokouksen m\u00e4\u00e4r\u00e4\u00e4m\u00e4ll\u00e4 tavalla. Yhdistyksen tullessa lakkautetuksi k\u00e4ytet\u00e4\u00e4n sen varat samaan tarkoitukseen.<\/p>\n<\/div>\n\n\n\n<div class=\"wp-block-column is-layout-flow wp-block-column-is-layout-flow\" style=\"flex-basis:15%\"><\/div>\n<\/div>\n","protected":false},"excerpt":{"rendered":"<p>Turku Swing Societyn s\u00e4\u00e4nn\u00f6t PATENTTI- JA REKISTERIHALLITUSYhdistysrekisteri 1. YHDISTYKSEN NIMI JA KOTIPAIKKA Yhdistyksen nimi on Turku Swing Society ja sen kotipaikka on Turku 2. TARKOITUS JA TOIMINNAN LAATU Yhdistyksen tarkoituksena on tuoda rock\u2019n\u2019swing-tansseja sek\u00e4 argentiinalaista tangoa ja niihin soveliaita musiikin lajeja tunnetuiksi sek\u00e4 turvata mahdollisuudet edell\u00e4 mainittujen tanssilajien monipuoliseen harrastamiseen Turun seudulla tasapuolisesti my\u00f6s opiskelijoiden [&hellip;]<\/p>\n","protected":false},"author":1,"featured_media":0,"parent":0,"menu_order":0,"comment_status":"closed","ping_status":"closed","template":"","meta":{"ocean_post_layout":"","ocean_both_sidebars_style":"","ocean_both_sidebars_content_width":0,"ocean_both_sidebars_sidebars_width":0,"ocean_sidebar":"0","ocean_second_sidebar":"0","ocean_disable_margins":"enable","ocean_add_body_class":"","ocean_shortcode_before_top_bar":"","ocean_shortcode_after_top_bar":"","ocean_shortcode_before_header":"","ocean_shortcode_after_header":"","ocean_has_shortcode":"","ocean_shortcode_after_title":"","ocean_shortcode_before_footer_widgets":"","ocean_shortcode_after_footer_widgets":"","ocean_shortcode_before_footer_bottom":"","ocean_shortcode_after_footer_bottom":"","ocean_display_top_bar":"default","ocean_display_header":"default","ocean_header_style":"","ocean_center_header_left_menu":"0","ocean_custom_header_template":"0","ocean_custom_logo":0,"ocean_custom_retina_logo":0,"ocean_custom_logo_max_width":0,"ocean_custom_logo_tablet_max_width":0,"ocean_custom_logo_mobile_max_width":0,"ocean_custom_logo_max_height":0,"ocean_custom_logo_tablet_max_height":0,"ocean_custom_logo_mobile_max_height":0,"ocean_header_custom_menu":"0","ocean_menu_typo_font_family":"0","ocean_menu_typo_font_subset":"","ocean_menu_typo_font_size":0,"ocean_menu_typo_font_size_tablet":0,"ocean_menu_typo_font_size_mobile":0,"ocean_menu_typo_font_size_unit":"px","ocean_menu_typo_font_weight":"","ocean_menu_typo_font_weight_tablet":"","ocean_menu_typo_font_weight_mobile":"","ocean_menu_typo_transform":"","ocean_menu_typo_transform_tablet":"","ocean_menu_typo_transform_mobile":"","ocean_menu_typo_line_height":0,"ocean_menu_typo_line_height_tablet":0,"ocean_menu_typo_line_height_mobile":0,"ocean_menu_typo_line_height_unit":"","ocean_menu_typo_spacing":0,"ocean_menu_typo_spacing_tablet":0,"ocean_menu_typo_spacing_mobile":0,"ocean_menu_typo_spacing_unit":"","ocean_menu_link_color":"","ocean_menu_link_color_hover":"","ocean_menu_link_color_active":"","ocean_menu_link_background":"","ocean_menu_link_hover_background":"","ocean_menu_link_active_background":"","ocean_menu_social_links_bg":"","ocean_menu_social_hover_links_bg":"","ocean_menu_social_links_color":"","ocean_menu_social_hover_links_color":"","ocean_disable_title":"default","ocean_disable_heading":"default","ocean_post_title":"","ocean_post_subheading":"","ocean_post_title_style":"","ocean_post_title_background_color":"","ocean_post_title_background":0,"ocean_post_title_bg_image_position":"","ocean_post_title_bg_image_attachment":"","ocean_post_title_bg_image_repeat":"","ocean_post_title_bg_image_size":"","ocean_post_title_height":0,"ocean_post_title_bg_overlay":0.5,"ocean_post_title_bg_overlay_color":"","ocean_disable_breadcrumbs":"default","ocean_breadcrumbs_color":"","ocean_breadcrumbs_separator_color":"","ocean_breadcrumbs_links_color":"","ocean_breadcrumbs_links_hover_color":"","ocean_display_footer_widgets":"default","ocean_display_footer_bottom":"default","ocean_custom_footer_template":"0","footnotes":""},"class_list":["post-4849","page","type-page","status-publish","hentry","entry"],"aioseo_notices":[],"_links":{"self":[{"href":"https:\/\/www.turkuswingsociety.com\/tss\/wp-json\/wp\/v2\/pages\/4849","targetHints":{"allow":["GET"]}}],"collection":[{"href":"https:\/\/www.turkuswingsociety.com\/tss\/wp-json\/wp\/v2\/pages"}],"about":[{"href":"https:\/\/www.turkuswingsociety.com\/tss\/wp-json\/wp\/v2\/types\/page"}],"author":[{"embeddable":true,"href":"https:\/\/www.turkuswingsociety.com\/tss\/wp-json\/wp\/v2\/users\/1"}],"replies":[{"embeddable":true,"href":"https:\/\/www.turkuswingsociety.com\/tss\/wp-json\/wp\/v2\/comments?post=4849"}],"version-history":[{"count":6,"href":"https:\/\/www.turkuswingsociety.com\/tss\/wp-json\/wp\/v2\/pages\/4849\/revisions"}],"predecessor-version":[{"id":5290,"href":"https:\/\/www.turkuswingsociety.com\/tss\/wp-json\/wp\/v2\/pages\/4849\/revisions\/5290"}],"wp:attachment":[{"href":"https:\/\/www.turkuswingsociety.com\/tss\/wp-json\/wp\/v2\/media?parent=4849"}],"curies":[{"name":"wp","href":"https:\/\/api.w.org\/{rel}","templated":true}]}}