{"id":4777,"date":"2023-06-29T13:24:36","date_gmt":"2023-06-29T10:24:36","guid":{"rendered":"https:\/\/turkuswingsociety.com\/tss\/?page_id=4777"},"modified":"2024-03-21T16:25:17","modified_gmt":"2024-03-21T13:25:17","slug":"tanssietiketti","status":"publish","type":"page","link":"https:\/\/www.turkuswingsociety.com\/tss\/tanssietiketti\/","title":{"rendered":"Tanssietiketti"},"content":{"rendered":"\n<div style=\"height:58px\" aria-hidden=\"true\" class=\"wp-block-spacer\"><\/div>\n\n\n\n<div class=\"wp-block-cover alignfull is-light\" style=\"min-height:400px;aspect-ratio:unset;\"><span aria-hidden=\"true\" class=\"wp-block-cover__background has-background-dim-20 has-background-dim wp-block-cover__gradient-background has-background-gradient\" style=\"background:linear-gradient(135deg,rgb(169,184,195) undefined%,rgb(238,238,238) 54%)\"><\/span><img loading=\"lazy\" decoding=\"async\" width=\"1740\" height=\"800\" class=\"wp-block-cover__image-background wp-image-5188\" alt=\"\" src=\"https:\/\/turkuswingsociety.com\/tss\/wp-content\/uploads\/2023\/07\/jerejelena-EXPANDED-mustavalko-cropped-blurred-MERGED-fixed-vari-liila-tiilit-2varia-compressed-darker-2-kapea-compressed.jpg\" style=\"object-position:50% 40%\" data-object-fit=\"cover\" data-object-position=\"50% 40%\" srcset=\"https:\/\/www.turkuswingsociety.com\/tss\/wp-content\/uploads\/2023\/07\/jerejelena-EXPANDED-mustavalko-cropped-blurred-MERGED-fixed-vari-liila-tiilit-2varia-compressed-darker-2-kapea-compressed.jpg 1740w, https:\/\/www.turkuswingsociety.com\/tss\/wp-content\/uploads\/2023\/07\/jerejelena-EXPANDED-mustavalko-cropped-blurred-MERGED-fixed-vari-liila-tiilit-2varia-compressed-darker-2-kapea-compressed-300x138.jpg 300w, https:\/\/www.turkuswingsociety.com\/tss\/wp-content\/uploads\/2023\/07\/jerejelena-EXPANDED-mustavalko-cropped-blurred-MERGED-fixed-vari-liila-tiilit-2varia-compressed-darker-2-kapea-compressed-1024x471.jpg 1024w, https:\/\/www.turkuswingsociety.com\/tss\/wp-content\/uploads\/2023\/07\/jerejelena-EXPANDED-mustavalko-cropped-blurred-MERGED-fixed-vari-liila-tiilit-2varia-compressed-darker-2-kapea-compressed-768x353.jpg 768w, https:\/\/www.turkuswingsociety.com\/tss\/wp-content\/uploads\/2023\/07\/jerejelena-EXPANDED-mustavalko-cropped-blurred-MERGED-fixed-vari-liila-tiilit-2varia-compressed-darker-2-kapea-compressed-1536x706.jpg 1536w, https:\/\/www.turkuswingsociety.com\/tss\/wp-content\/uploads\/2023\/07\/jerejelena-EXPANDED-mustavalko-cropped-blurred-MERGED-fixed-vari-liila-tiilit-2varia-compressed-darker-2-kapea-compressed-18x8.jpg 18w\" sizes=\"auto, (max-width: 1740px) 100vw, 1740px\" \/><div class=\"wp-block-cover__inner-container is-layout-flow wp-block-cover-is-layout-flow\">\n<p class=\"has-text-align-center has-x-large-font-size\" style=\"font-style:normal;font-weight:400;letter-spacing:5px\"><mark style=\"background-color:rgba(0, 0, 0, 0);color:#e2d2f4\" class=\"has-inline-color\">TANSSIETIKETTI JA EETTISET OHJEET<\/mark><\/p>\n<\/div><\/div>\n\n\n\n<div style=\"height:80px\" aria-hidden=\"true\" class=\"wp-block-spacer\"><\/div>\n\n\n\n<div class=\"wp-block-columns is-layout-flex wp-container-core-columns-is-layout-9d6595d7 wp-block-columns-is-layout-flex\">\n<div class=\"wp-block-column is-layout-flow wp-block-column-is-layout-flow\" style=\"flex-basis:15%\"><\/div>\n\n\n\n<div class=\"wp-block-column is-layout-flow wp-block-column-is-layout-flow\" style=\"flex-basis:70%\">\n<h1 class=\"wp-block-heading has-text-align-center\" style=\"letter-spacing:5px\">Swingtanssien etiketti<\/h1>\n\n\n\n<hr class=\"wp-block-separator has-alpha-channel-opacity is-style-wide\"\/>\n\n\n\n<p>YLEISI\u00c4 NEUVOJA<\/p>\n\n\n\n<ul class=\"wp-block-list\">\n<li>Kohtele muita yst\u00e4v\u00e4llisesti ja kunnioittavasti.<\/li>\n\n\n\n<li>Hymyily auttaa luomaan positiivisen ilmapiirin.<\/li>\n\n\n\n<li>Pukeudu sellaisiin vaatteisiin, joissa on mukava tanssia. Valitse tanssimiseen soveltuvat keng\u00e4t. Mik\u00e4li et tied\u00e4 millaiset keng\u00e4t soveltuvat kyseiseen tanssiin, kysy opettajilta. Voit tanssia my\u00f6s sukkasillaan, jollei sinulla ole viel\u00e4 sopivia kenki\u00e4.<\/li>\n\n\n\n<li>V\u00e4lt\u00e4 sellaisia asuja, asusteita, koruja tai kelloja, jotka voisivat tanssissa tarttua pariin tai muuten aiheuttaa vahinkoa.<\/li>\n\n\n\n<li>Huolehdi henkil\u00f6kohtaisesta hygieniastasi (hikoilu, hengitys).<\/li>\n\n\n\n<li>V\u00e4lt\u00e4 voimakkaita hajusteita.<\/li>\n<\/ul>\n\n\n\n<p>TANSSIIN HAKU<\/p>\n\n\n\n<ul class=\"wp-block-list\">\n<li>Swingtansseissa kaikki voivat hakea kaikkia tanssimaan.<\/li>\n\n\n\n<li>Tanssiin pyydet\u00e4\u00e4n yksinkertaisesti kysym\u00e4ll\u00e4: \u201cTuletko tanssimaan?\u201d, &#8221;Tanssitaanko?&#8221;, &#8221;Haluaisitko tanssia?&#8221; tai muulla vastaavalla tavalla. Voit samalla tarkistaa, kummassa roolissa toinen mieluiten tanssii sill\u00e4 hetkell\u00e4. Esimerkiksi: &#8221;L\u00e4hdetk\u00f6 viem\u00e4\u00e4n?&#8221;.<\/li>\n\n\n\n<li>Hae tasapuolisesti kaikkia tanssimaan aloittelijoista edistyneisiin.<\/li>\n\n\n\n<li>Hae sek\u00e4 vanhoja tuttuja ett\u00e4 uusia tuttavuuksia.<\/li>\n\n\n\n<li>Tanssiin hakeminen on suositeltavaa tehd\u00e4 tanssilattialta tai sen reunalta, sill\u00e4 kaikki eiv\u00e4t halua tanssia jokaista kappaletta. V\u00e4lill\u00e4 on mukava sosialisoida ja pit\u00e4\u00e4 taukoa.<\/li>\n\n\n\n<li>Tanssista voi aina kielt\u00e4yty\u00e4 kohteliaasti, jos esimerkiksi haluat v\u00e4lill\u00e4 lev\u00e4t\u00e4 tai et pid\u00e4 sill\u00e4 hetkell\u00e4 soivasta musiikista. Voit ehdottaa kysyj\u00e4lle halutessasi seuraavaan kappaleeseen tai my\u00f6hemmin tanssimista.<\/li>\n<\/ul>\n\n\n\n<p>TANSSIESSA<\/p>\n\n\n\n<ul class=\"wp-block-list\">\n<li>Tanssiessa katsekontakti on suotavaa, mutta jatkuva silmiin tuijottaminen saattaa tuntua joistakin ep\u00e4mukavalta.<\/li>\n\n\n\n<li>Pid\u00e4 huomio tanssiparissasi: molempien osapuolten teht\u00e4v\u00e4n\u00e4 on tehd\u00e4 tanssista mukavaa.<\/li>\n\n\n\n<li>\u00c4l\u00e4 opeta tai korjaa toista ilman lupaa.<\/li>\n\n\n\n<li>Kokeneempi tanssija pyrkii sovittamaan oman tanssinsa parin taitotasoon sopivaksi.<\/li>\n\n\n\n<li>Ota muut parit huomioon. Toimi turvallisesti ja kohteliaasti tanssilattialla. Viej\u00e4 koettaa vied\u00e4 siten, ettei pari t\u00f6rm\u00e4\u00e4 toisiin tanssijoihin, mutta my\u00f6s seuraajan tulee huomauttaa tai est\u00e4\u00e4 mahdollinen vaaratilanne. Pyyd\u00e4 anteeksi, jos vahingossa osut tai satutat toista.<\/li>\n\n\n\n<li>Akrobatiakuviot ja nostot eiv\u00e4t kuulu sosiaalitansseihin. Varsinkin jos tanssilattialla on t\u00e4ytt\u00e4, voi helposti satuttaa itse\u00e4\u00e4n, pariaan tai muita tanssijoita.<\/li>\n\n\n\n<li>Mik\u00e4li joku tekee olosi ep\u00e4mukavaksi tanssiessa, kerro siit\u00e4 h\u00e4nelle hienovaraisesti. Mik\u00e4li henkil\u00f6 jatkaa toimintaansa huomautuksesta huolimatta, tulee tapauksesta ilmoittaa tapahtuman j\u00e4rjest\u00e4jille, vastuuhenkil\u00f6ille tai opettajille. Jos joku kertoo sinulle, ett\u00e4 teet h\u00e4nen olonsa ep\u00e4mukavaksi, kuuntele ja pyri ymm\u00e4rt\u00e4m\u00e4\u00e4n tilanne sek\u00e4 korjaa toimintaasi parhaasi mukaan.<\/li>\n\n\n\n<li>Swingtansseissa tanssitaan yleens\u00e4 yksi tanssi kerrallaan, mutta mik\u00e4li tanssijat haluavat, kahden tanssin tanssiminen per\u00e4kk\u00e4in ei ole tavatonta.<\/li>\n\n\n\n<li>Muista kiitt\u00e4\u00e4 pariasi tanssista. Toiset pit\u00e4v\u00e4t halauksesta tanssin j\u00e4lkeen, toiset taas eiv\u00e4t. Kysym\u00e4ll\u00e4 selvi\u00e4\u00e4, onko halaus OK!<\/li>\n\n\n\n<li>Swingtansseissa paria ei saateta takaisin hakupaikalle.<\/li>\n<\/ul>\n<\/div>\n\n\n\n<div class=\"wp-block-column is-layout-flow wp-block-column-is-layout-flow\" style=\"flex-basis:15%\"><\/div>\n<\/div>\n\n\n\n<div style=\"height:58px\" aria-hidden=\"true\" class=\"wp-block-spacer\"><\/div>\n\n\n\n<div class=\"wp-block-columns is-layout-flex wp-container-core-columns-is-layout-9d6595d7 wp-block-columns-is-layout-flex\">\n<div class=\"wp-block-column is-layout-flow wp-block-column-is-layout-flow\" style=\"flex-basis:15%\"><\/div>\n\n\n\n<div class=\"wp-block-column is-layout-flow wp-block-column-is-layout-flow\" style=\"flex-basis:70%\">\n<h1 class=\"wp-block-heading has-text-align-center\" style=\"letter-spacing:5px\">Argentiinalaisen tangon etiketti<\/h1>\n\n\n\n<hr class=\"wp-block-separator has-alpha-channel-opacity is-style-wide\"\/>\n\n\n\n<p>Argentiinalaisen Tangon tansseissa p\u00e4tev\u00e4t samat yleiset neuvot kuin swingtansseissakin. Toisin kuin esimerkiksi suhteellisen nuorella West Coast Swingill\u00e4, Tangon tanssikulttuurilla on pitk\u00e4t historialliset juuret, jotka ovat muovanneet tanssietiketti\u00e4 omanlaatuiseksi.<\/p>\n\n\n\n<p><a rel=\"noreferrer noopener\" href=\"https:\/\/milongafin.wordpress.com\/tangon-tanssietiketti\/\" data-type=\"URL\" data-id=\"https:\/\/milongafin.wordpress.com\/tangon-tanssietiketti\/\" target=\"_blank\">T\u00e4lt\u00e4 sivulta<\/a> l\u00f6yd\u00e4t kattavan kuvauksen Argentiinalaisen Tangon tanssietiketist\u00e4. Samalta sivustolta l\u00f6yd\u00e4t my\u00f6s paljon muuta mielenkiintoista tietoa tanssilajista, sen historiasta ja kulttuurista Suomessa ja muualla maailmalla.<\/p>\n<\/div>\n\n\n\n<div class=\"wp-block-column is-layout-flow wp-block-column-is-layout-flow\" style=\"flex-basis:15%\"><\/div>\n<\/div>\n\n\n\n<div style=\"height:58px\" aria-hidden=\"true\" class=\"wp-block-spacer\"><\/div>\n\n\n\n<div class=\"wp-block-columns is-layout-flex wp-container-core-columns-is-layout-9d6595d7 wp-block-columns-is-layout-flex\">\n<div class=\"wp-block-column is-layout-flow wp-block-column-is-layout-flow\" style=\"flex-basis:15%\"><\/div>\n\n\n\n<div class=\"wp-block-column is-layout-flow wp-block-column-is-layout-flow\" style=\"flex-basis:70%\">\n<h1 class=\"wp-block-heading has-text-align-center\" style=\"letter-spacing:5px\">Turvallisemman tilan periaatteet<\/h1>\n\n\n\n<hr class=\"wp-block-separator has-alpha-channel-opacity is-style-wide\"\/>\n\n\n\n<p>Turvallinen tila tarkoittaa, ett\u00e4 kaikilla on vapaus olla oma itsens\u00e4, ilmaista itse\u00e4\u00e4n ja olla osallinen kaikessa toiminnassa. Turvallisessa tilassa kaikenlainen h\u00e4irint\u00e4 on ehdottomasti kielletty\u00e4. Kaikki osallistujat auttavat tekem\u00e4\u00e4n tansseistamme, tunneistamme, tapahtumistamme ja kaikesta toiminnastamme turvallista, viihtyis\u00e4\u00e4 ja mukavaa jokaiselle.<\/p>\n\n\n\n<ul class=\"wp-block-list\">\n<li>Emme oleta kenenk\u00e4\u00e4n sukupuolta, taustaa, seksuaalisuutta, toimintakyky\u00e4, varallisuutta tai muuta yksil\u00f6\u00f6n liittyv\u00e4\u00e4.<\/li>\n\n\n\n<li>Emme kommentoi kenenk\u00e4\u00e4n kehoa, liikett\u00e4, ulkon\u00e4k\u00f6\u00e4 tai muuta ominaisuutta asiattomasti.<\/li>\n\n\n\n<li>Emme yleist\u00e4 omia kokemuksiamme muita koskeviksi emmek\u00e4 m\u00e4\u00e4rittele kokemuksia kenenk\u00e4\u00e4n puolesta.<\/li>\n\n\n\n<li>Huolehdimme, ett\u00e4 kaikki tulevat kuulluksi ja p\u00e4\u00e4sev\u00e4t osalliseksi toimintaan.<\/li>\n\n\n\n<li>Jokainen saa osallistua toimintaan omien voimavarojensa, toimintakykyns\u00e4 ja rajojensa mukaan.<\/li>\n\n\n\n<li>Toiminnanj\u00e4rjest\u00e4jille ja opettajille saa aina esitt\u00e4\u00e4 kysymyksi\u00e4 ja antaa palautetta. Palautetta voit antaa <a href=\"https:\/\/www.turkuswingsociety.com\/tss\/palaute\/\" target=\"_blank\" rel=\"noopener\" title=\"lomakkeen\">lomakkeen<\/a> kautta halutessasi my\u00f6s anonyymisti.<\/li>\n\n\n\n<li>Pyrimme v\u00e4ltt\u00e4m\u00e4\u00e4n tanssin sukupuolittamista ja seksualisointia. Tanssimista ei tule ymm\u00e4rt\u00e4\u00e4 luontaisesti romanttisena tai seksuaalisena, edes silloin, kun musiikintulkinta on flirttailevaa.<\/li>\n\n\n\n<li>Rohkaisemme jokaista tanssimaan haluamassaan roolissa joko seuraajana, viej\u00e4n\u00e4 tai molemmissa rooleissa riippumatta oletetusta sukupuolestaan. Tiedostamme ja hyv\u00e4ksymme my\u00f6s sen, ett\u00e4 tanssijalle mieluisin rooli voi muuttua.<\/li>\n\n\n\n<li>Toivotamme tervetulleiksi ja tuemme aloittelevia tanssijoita ja tiedostamme, ett\u00e4 uusien tulokkaiden voi olla vaikeaa liitty\u00e4 tanssiyhteis\u00f6\u00f6mme. Teemme parhaamme, jotta my\u00f6s aloittelevat tanssijat tuntisivat olonsa tervetulleiksi.<\/li>\n\n\n\n<li>\u00c4l\u00e4 kuvaa ilman opettajan lupaa. Tunnin sis\u00e4ll\u00f6st\u00e4 annetaan usein sen lopuksi kooste, jonka halukkaat saavat videoida henkil\u00f6kohtaiseen k\u00e4ytt\u00f6\u00f6n. Varmista my\u00f6s, ettei kukaan joudu tahtomattaan kuvaasi\/videoosi. \u00c4l\u00e4 julkaise kuvaamaasi materiaalia ilman asianosaisten suostumusta.<\/li>\n\n\n\n<li>Emme tule tunneille tai tapahtumiin sairastuneena tai edes \u201cvain v\u00e4h\u00e4n\u201d kipe\u00e4n oloisena, koska huolehdimme kaikkien terveydest\u00e4! Samaten on hyv\u00e4 muistaa k\u00e4sienpesu- ja yskimishygienia.<\/li>\n\n\n\n<li>J\u00e4senvastaava toimii yhdistyksen h\u00e4irint\u00e4yhdyshenkil\u00f6n\u00e4. Tapahtumissa saattaa my\u00f6s olla l\u00e4sn\u00e4 erikseen ilmoitettuja h\u00e4irint\u00e4yhdyshenkil\u00f6it\u00e4.<\/li>\n\n\n\n<li>Jos huomaat joutuneesi tilanteeseen, jossa n\u00e4it\u00e4 periaatteita ei noudateta, tiedosta omat rajasi, ja ole valmis puhumaan kokemastasi. Jos tarvitset apua tai olet huolissasi, kerro asiasta j\u00e4rjest\u00e4jille, vastuuhenkil\u00f6ille, h\u00e4irint\u00e4yhdyshenkil\u00f6lle tai opettajille.<\/li>\n\n\n\n<li>Jos n\u00e4et konfliktin tai tilanteen, jossa n\u00e4it\u00e4 periaatteita ei noudateta, ilmoita pikimiten j\u00e4rjest\u00e4jille, vastuuhenkil\u00f6ille, h\u00e4irint\u00e4yhdyshenkil\u00f6lle tai opettajille.<\/li>\n<\/ul>\n\n\n\n<p>Kiireett\u00f6m\u00e4mm\u00e4t ilmoitukset, huolet, kysymykset ja parannusehdotukset voi l\u00e4hett\u00e4\u00e4 s\u00e4hk\u00f6postilla: jasenvastaava(at)turkuswingsociety.com tai halutessasi my\u00f6s anonyymisti yleisell\u00e4 <a href=\"https:\/\/www.turkuswingsociety.com\/tss\/palaute\/\" target=\"_blank\" rel=\"noopener\" title=\"palautelomakkeella\">palautelomakkeella<\/a>.<\/p>\n\n\n\n<p>Lupaamme k\u00e4sitell\u00e4 kaikkia ilmoituksia hienotunteisesti ja pit\u00e4\u00e4 yksityiskohdat niin luottamuksellisina kuin mahdollista (poliisitutkimuksen ollessa kyseess\u00e4 kaikki tarvittava tieto kuitenkin luovutetaan asiaan liittyville viranomaisille).<br><br>Voit tutustua my\u00f6s <a data-type=\"URL\" data-id=\"https:\/\/www.tyy.fi\/fi\/node\/11133\" href=\"https:\/\/www.tyy.fi\/fi\/node\/11133\" target=\"_blank\" rel=\"noreferrer noopener\">TYY:n turvallisen tilan periaatteisiin<\/a> (Turun Yliopiston Ylioppilaskunta), jotka TYY:n alayhdistyksen\u00e4 allekirjoitamme.<\/p>\n<\/div>\n\n\n\n<div class=\"wp-block-column is-layout-flow wp-block-column-is-layout-flow\" style=\"flex-basis:15%\"><\/div>\n<\/div>\n\n\n\n<div style=\"height:58px\" aria-hidden=\"true\" class=\"wp-block-spacer\"><\/div>\n\n\n\n<div class=\"wp-block-columns is-layout-flex wp-container-core-columns-is-layout-9d6595d7 wp-block-columns-is-layout-flex\">\n<div class=\"wp-block-column is-layout-flow wp-block-column-is-layout-flow\" style=\"flex-basis:10%\"><\/div>\n\n\n\n<div class=\"wp-block-column is-layout-flow wp-block-column-is-layout-flow\" style=\"flex-basis:70%\">\n<h1 class=\"wp-block-heading has-text-align-center\" style=\"letter-spacing:5px\">Syrjinn\u00e4st\u00e4 vapaa alue<\/h1>\n\n\n\n<hr class=\"wp-block-separator has-alpha-channel-opacity is-style-wide\"\/>\n\n\n\n<div class=\"wp-block-media-text has-media-on-the-right is-stacked-on-mobile\" style=\"grid-template-columns:auto 32%\"><div class=\"wp-block-media-text__content\">\n<div style=\"height:20px\" aria-hidden=\"true\" class=\"wp-block-spacer\"><\/div>\n\n\n\n<p>Turku Swing Society on julistautunut Syrjinn\u00e4st\u00e4 vapaaksi alueeksi. Sitoudumme kohtelemaan kaikkia yhdenvertaisesti riippumatta sukupuolesta, i\u00e4st\u00e4, etnisest\u00e4 alkuper\u00e4st\u00e4, uskonnosta tai vakaumuksesta, mielipiteest\u00e4, terveydentilasta, vammaisuudesta tai seksuaalisesta suuntautumisesta.<\/p>\n<\/div><figure class=\"wp-block-media-text__media\"><img loading=\"lazy\" decoding=\"async\" width=\"300\" height=\"280\" src=\"https:\/\/turkuswingsociety.com\/tss\/wp-content\/uploads\/2023\/07\/syrjinnastavapaaFI-EN-1-300x280.jpg\" alt=\"\" class=\"wp-image-5219 size-medium\" srcset=\"https:\/\/www.turkuswingsociety.com\/tss\/wp-content\/uploads\/2023\/07\/syrjinnastavapaaFI-EN-1-300x280.jpg 300w, https:\/\/www.turkuswingsociety.com\/tss\/wp-content\/uploads\/2023\/07\/syrjinnastavapaaFI-EN-1-13x12.jpg 13w, https:\/\/www.turkuswingsociety.com\/tss\/wp-content\/uploads\/2023\/07\/syrjinnastavapaaFI-EN-1.jpg 765w\" sizes=\"auto, (max-width: 300px) 100vw, 300px\" \/><\/figure><\/div>\n\n\n\n<div style=\"height:58px\" aria-hidden=\"true\" class=\"wp-block-spacer\"><\/div>\n\n\n\n<p class=\"has-text-align-center\">Turku Swing Society toivottaa mukavia tanssihetki\u00e4!<\/p>\n<\/div>\n\n\n\n<div class=\"wp-block-column is-layout-flow wp-block-column-is-layout-flow\" style=\"flex-basis:10%\"><\/div>\n<\/div>\n","protected":false},"excerpt":{"rendered":"<p>Swingtanssien etiketti YLEISI\u00c4 NEUVOJA TANSSIIN HAKU TANSSIESSA Argentiinalaisen tangon etiketti Argentiinalaisen Tangon tansseissa p\u00e4tev\u00e4t samat yleiset neuvot kuin swingtansseissakin. Toisin kuin esimerkiksi suhteellisen nuorella West Coast Swingill\u00e4, Tangon tanssikulttuurilla on pitk\u00e4t historialliset juuret, jotka ovat muovanneet tanssietiketti\u00e4 omanlaatuiseksi. T\u00e4lt\u00e4 sivulta l\u00f6yd\u00e4t kattavan kuvauksen Argentiinalaisen Tangon tanssietiketist\u00e4. Samalta sivustolta l\u00f6yd\u00e4t my\u00f6s paljon muuta mielenkiintoista tietoa tanssilajista, [&hellip;]<\/p>\n","protected":false},"author":1,"featured_media":0,"parent":0,"menu_order":0,"comment_status":"closed","ping_status":"closed","template":"","meta":{"ocean_post_layout":"","ocean_both_sidebars_style":"","ocean_both_sidebars_content_width":0,"ocean_both_sidebars_sidebars_width":0,"ocean_sidebar":"0","ocean_second_sidebar":"0","ocean_disable_margins":"enable","ocean_add_body_class":"","ocean_shortcode_before_top_bar":"","ocean_shortcode_after_top_bar":"","ocean_shortcode_before_header":"","ocean_shortcode_after_header":"","ocean_has_shortcode":"","ocean_shortcode_after_title":"","ocean_shortcode_before_footer_widgets":"","ocean_shortcode_after_footer_widgets":"","ocean_shortcode_before_footer_bottom":"","ocean_shortcode_after_footer_bottom":"","ocean_display_top_bar":"default","ocean_display_header":"default","ocean_header_style":"","ocean_center_header_left_menu":"0","ocean_custom_header_template":"0","ocean_custom_logo":0,"ocean_custom_retina_logo":0,"ocean_custom_logo_max_width":0,"ocean_custom_logo_tablet_max_width":0,"ocean_custom_logo_mobile_max_width":0,"ocean_custom_logo_max_height":0,"ocean_custom_logo_tablet_max_height":0,"ocean_custom_logo_mobile_max_height":0,"ocean_header_custom_menu":"0","ocean_menu_typo_font_family":"0","ocean_menu_typo_font_subset":"","ocean_menu_typo_font_size":0,"ocean_menu_typo_font_size_tablet":0,"ocean_menu_typo_font_size_mobile":0,"ocean_menu_typo_font_size_unit":"px","ocean_menu_typo_font_weight":"","ocean_menu_typo_font_weight_tablet":"","ocean_menu_typo_font_weight_mobile":"","ocean_menu_typo_transform":"","ocean_menu_typo_transform_tablet":"","ocean_menu_typo_transform_mobile":"","ocean_menu_typo_line_height":0,"ocean_menu_typo_line_height_tablet":0,"ocean_menu_typo_line_height_mobile":0,"ocean_menu_typo_line_height_unit":"","ocean_menu_typo_spacing":0,"ocean_menu_typo_spacing_tablet":0,"ocean_menu_typo_spacing_mobile":0,"ocean_menu_typo_spacing_unit":"","ocean_menu_link_color":"","ocean_menu_link_color_hover":"","ocean_menu_link_color_active":"","ocean_menu_link_background":"","ocean_menu_link_hover_background":"","ocean_menu_link_active_background":"","ocean_menu_social_links_bg":"","ocean_menu_social_hover_links_bg":"","ocean_menu_social_links_color":"","ocean_menu_social_hover_links_color":"","ocean_disable_title":"default","ocean_disable_heading":"default","ocean_post_title":"","ocean_post_subheading":"","ocean_post_title_style":"","ocean_post_title_background_color":"","ocean_post_title_background":0,"ocean_post_title_bg_image_position":"","ocean_post_title_bg_image_attachment":"","ocean_post_title_bg_image_repeat":"","ocean_post_title_bg_image_size":"","ocean_post_title_height":0,"ocean_post_title_bg_overlay":0.5,"ocean_post_title_bg_overlay_color":"","ocean_disable_breadcrumbs":"default","ocean_breadcrumbs_color":"","ocean_breadcrumbs_separator_color":"","ocean_breadcrumbs_links_color":"","ocean_breadcrumbs_links_hover_color":"","ocean_display_footer_widgets":"default","ocean_display_footer_bottom":"default","ocean_custom_footer_template":"0","footnotes":""},"class_list":["post-4777","page","type-page","status-publish","hentry","entry"],"aioseo_notices":[],"_links":{"self":[{"href":"https:\/\/www.turkuswingsociety.com\/tss\/wp-json\/wp\/v2\/pages\/4777","targetHints":{"allow":["GET"]}}],"collection":[{"href":"https:\/\/www.turkuswingsociety.com\/tss\/wp-json\/wp\/v2\/pages"}],"about":[{"href":"https:\/\/www.turkuswingsociety.com\/tss\/wp-json\/wp\/v2\/types\/page"}],"author":[{"embeddable":true,"href":"https:\/\/www.turkuswingsociety.com\/tss\/wp-json\/wp\/v2\/users\/1"}],"replies":[{"embeddable":true,"href":"https:\/\/www.turkuswingsociety.com\/tss\/wp-json\/wp\/v2\/comments?post=4777"}],"version-history":[{"count":51,"href":"https:\/\/www.turkuswingsociety.com\/tss\/wp-json\/wp\/v2\/pages\/4777\/revisions"}],"predecessor-version":[{"id":5881,"href":"https:\/\/www.turkuswingsociety.com\/tss\/wp-json\/wp\/v2\/pages\/4777\/revisions\/5881"}],"wp:attachment":[{"href":"https:\/\/www.turkuswingsociety.com\/tss\/wp-json\/wp\/v2\/media?parent=4777"}],"curies":[{"name":"wp","href":"https:\/\/api.w.org\/{rel}","templated":true}]}}