{"id":4702,"date":"2023-06-28T14:48:42","date_gmt":"2023-06-28T11:48:42","guid":{"rendered":"https:\/\/turkuswingsociety.com\/tss\/?page_id=4702"},"modified":"2023-07-28T17:22:21","modified_gmt":"2023-07-28T14:22:21","slug":"jasenrekisteriseloste","status":"publish","type":"page","link":"https:\/\/www.turkuswingsociety.com\/tss\/jasenrekisteriseloste\/","title":{"rendered":"J\u00e4senrekisteriseloste"},"content":{"rendered":"\n<div style=\"height:58px\" aria-hidden=\"true\" class=\"wp-block-spacer\"><\/div>\n\n\n\n<div class=\"wp-block-cover alignfull\" style=\"min-height:400px;aspect-ratio:unset;\"><span aria-hidden=\"true\" class=\"wp-block-cover__background has-background-dim-20 has-background-dim wp-block-cover__gradient-background has-background-gradient\" style=\"background:linear-gradient(135deg,rgb(169,184,195) undefined%,rgb(238,238,238) 54%)\"><\/span><img loading=\"lazy\" decoding=\"async\" width=\"1740\" height=\"800\" class=\"wp-block-cover__image-background wp-image-5188\" alt=\"\" src=\"https:\/\/turkuswingsociety.com\/tss\/wp-content\/uploads\/2023\/07\/jerejelena-EXPANDED-mustavalko-cropped-blurred-MERGED-fixed-vari-liila-tiilit-2varia-compressed-darker-2-kapea-compressed.jpg\" data-object-fit=\"cover\" srcset=\"https:\/\/www.turkuswingsociety.com\/tss\/wp-content\/uploads\/2023\/07\/jerejelena-EXPANDED-mustavalko-cropped-blurred-MERGED-fixed-vari-liila-tiilit-2varia-compressed-darker-2-kapea-compressed.jpg 1740w, https:\/\/www.turkuswingsociety.com\/tss\/wp-content\/uploads\/2023\/07\/jerejelena-EXPANDED-mustavalko-cropped-blurred-MERGED-fixed-vari-liila-tiilit-2varia-compressed-darker-2-kapea-compressed-300x138.jpg 300w, https:\/\/www.turkuswingsociety.com\/tss\/wp-content\/uploads\/2023\/07\/jerejelena-EXPANDED-mustavalko-cropped-blurred-MERGED-fixed-vari-liila-tiilit-2varia-compressed-darker-2-kapea-compressed-1024x471.jpg 1024w, https:\/\/www.turkuswingsociety.com\/tss\/wp-content\/uploads\/2023\/07\/jerejelena-EXPANDED-mustavalko-cropped-blurred-MERGED-fixed-vari-liila-tiilit-2varia-compressed-darker-2-kapea-compressed-768x353.jpg 768w, https:\/\/www.turkuswingsociety.com\/tss\/wp-content\/uploads\/2023\/07\/jerejelena-EXPANDED-mustavalko-cropped-blurred-MERGED-fixed-vari-liila-tiilit-2varia-compressed-darker-2-kapea-compressed-1536x706.jpg 1536w, https:\/\/www.turkuswingsociety.com\/tss\/wp-content\/uploads\/2023\/07\/jerejelena-EXPANDED-mustavalko-cropped-blurred-MERGED-fixed-vari-liila-tiilit-2varia-compressed-darker-2-kapea-compressed-18x8.jpg 18w\" sizes=\"auto, (max-width: 1740px) 100vw, 1740px\" \/><div class=\"wp-block-cover__inner-container is-layout-flow wp-block-cover-is-layout-flow\">\n<p class=\"has-text-align-center has-x-large-font-size\" style=\"font-style:normal;font-weight:400;letter-spacing:5px\">J\u00c4SENREKISTERISELOSTE<\/p>\n<\/div><\/div>\n\n\n\n<div style=\"height:80px\" aria-hidden=\"true\" class=\"wp-block-spacer\"><\/div>\n\n\n\n<div class=\"wp-block-columns is-layout-flex wp-container-core-columns-is-layout-9d6595d7 wp-block-columns-is-layout-flex\">\n<div class=\"wp-block-column is-layout-flow wp-block-column-is-layout-flow\" style=\"flex-basis:15%\"><\/div>\n\n\n\n<div class=\"wp-block-column is-layout-flow wp-block-column-is-layout-flow\" style=\"flex-basis:70%\">\n<h1 class=\"wp-block-heading has-text-align-center\" style=\"letter-spacing:5px\">Turku Swing Society Ry:n j\u00e4senrekisteriseloste<\/h1>\n\n\n\n<hr class=\"wp-block-separator has-alpha-channel-opacity is-style-wide\"\/>\n\n\n\n<p>Henkil\u00f6tietolain (523\/1999) 10 \u00a7 ja EU:n yleisen tietosuoja-asetuksen (GDPR) mukainen rekisteri- ja tietosuojaseloste. <\/p>\n\n\n\n<p>1. REKISTERIN NIMI<br>Turku Swing Society ry:n j\u00e4senrekisteri <\/p>\n\n\n\n<p>2. REKISTERINPIT\u00c4J\u00c4<br>Turku Swing Society ry. Rekisteriasioista vastaa yhdistyksen hallitus. Yhteydenotot: hallitus(at)turkuswingsociety.com <\/p>\n\n\n\n<p>3. HENKIL\u00d6TIETOJEN K\u00c4SITTELYN TARKOITUS \/ REKISTERIN K\u00c4YTT\u00d6TARKOITUS<br>Rekisterin tarkoituksena on ker\u00e4t\u00e4 yhdistyksen j\u00e4senist\u00e4 yhdistyslain (503\/1989) 11 \u00a7:n vaatimat henkil\u00f6tiedot ja muut yhdistyksen toimintaa varten tarpeelliset tiedot. Yhteys- ja j\u00e4senyystietoja ker\u00e4t\u00e4\u00e4n j\u00e4senasioiden hoitamista, tiedotusta ja laskutusta varten. Tiedoista voidaan koota tilastoja, joista yksitt\u00e4ist\u00e4 j\u00e4sent\u00e4 ei ole mahdollista tunnistaa. <\/p>\n\n\n\n<p>4. REKISTERIN TIETOSIS\u00c4LT\u00d6<br>Rekisteriin ker\u00e4t\u00e4\u00e4n pakollisina tietoina yhdistyslain (503\/1989) 11 \u00a7:n vaatimat henkil\u00f6tiedot, eli j\u00e4senen nimi ja kotipaikka. Lis\u00e4ksi ker\u00e4t\u00e4\u00e4n mahdollisesti seuraavat tiedot: J\u00e4senien yhteystiedot (s\u00e4hk\u00f6posti, puhelinnumero); J\u00e4senyystiedot (mm. ik\u00e4ryhm\u00e4, TYY:n j\u00e4senyys, saanut j\u00e4senkortin); J\u00e4senmaksutiedot (laskutetut ja maksetut); Lis\u00e4tiedot (mm. kursseille ilmoittautuminen). <\/p>\n\n\n\n<p>5. REKISTERIN TIETOL\u00c4HTEET<br>J\u00e4senrekisteriin kirjattavat tiedot saadaan j\u00e4senen omalla ilmoituksella tai s\u00e4hk\u00f6isen lomakkeen kautta. <\/p>\n\n\n\n<p>6. TIETOJEN LUOVUTTAMINEN JA TIETOJEN SIIRTO EU:N TAI ETA:N ULKOPUOLELLE<br>Rekisteriin tallennettuja tietoja ei luovuteta kolmansille osapuolille ilman henkil\u00f6n erillist\u00e4 suostumusta, ei my\u00f6sk\u00e4\u00e4n EU-alueen tai ETA:n ulkopuolelle. Poikkeuksena osallistujatietojen luovuttaminen kouluttajille. <\/p>\n\n\n\n<p>7. REKISTERIN SUOJAUKSEN PERIAATTEET<br>Henkil\u00f6tiedot s\u00e4ilytet\u00e4\u00e4n luottamuksellisina. Paperilla olevat tiedot s\u00e4ilytet\u00e4\u00e4n lukkojen takana jonne on p\u00e4\u00e4sy vain asianmukaisilla henkil\u00f6ill\u00e4. V\u00e4liaikaisesti ker\u00e4tyt henkil\u00f6tiedot h\u00e4vitet\u00e4\u00e4n viipym\u00e4tt\u00e4 k\u00e4ytt\u00f6tarpeen p\u00e4\u00e4tytty\u00e4. Turku Swing society ry ja rekisteripalvelun tarjoaja(t) huolehtivat tietoturvan s\u00e4ilymisest\u00e4 parhaan kykyns\u00e4 mukaan. <\/p>\n\n\n\n<p>8. TARKASTUSOIKEUS<br>J\u00e4senill\u00e4 on oikeus tiet\u00e4\u00e4 mit\u00e4 tietoja h\u00e4nest\u00e4 on merkitty yhdistyksen j\u00e4senrekisteriin tai ettei rekisteriss\u00e4 ole h\u00e4nt\u00e4 koskevia tietoja. Tietojen tarkastuspyynt\u00f6 on esitett\u00e4v\u00e4 kirjallisesti yhdistyksen hallitukselle. Pyynn\u00f6n esitt\u00e4j\u00e4n henkil\u00f6llisyydest\u00e4 on voitava varmistua ennen kuin se toteutetaan. <\/p>\n\n\n\n<p>9. REKISTERITIETOJEN KORJAAMINEN<br>J\u00e4sen velvoitetaan ilmoittamaan j\u00e4sentietojensa muutoksista rekisterinpit\u00e4j\u00e4lle. Rekisterinpit\u00e4j\u00e4 oikaisee, poistaa tai t\u00e4ydent\u00e4\u00e4 rekisteriss\u00e4 olevan, k\u00e4sittelyn tarkoituksen kannalta virheellisen, tarpeettoman, puutteellisen tai vanhentuneen henkil\u00f6tiedon oma-aloitteisesti tai rekister\u00f6idyn kirjallisesta vaatimuksesta. Mik\u00e4li j\u00e4sentiedot ovat s\u00e4hk\u00f6isess\u00e4 tietokannassa, johon j\u00e4senell\u00e4 on henkil\u00f6kohtaiset kirjautumistunnukset, t\u00e4m\u00e4 voi korjata tietojaan omatoimisesti.<\/p>\n\n\n\n<p>P\u00e4ivitetty 24.5.2018. Rekisteriselostetta p\u00e4ivitet\u00e4\u00e4n tarvittaessa, vastaamaan ajantasaisia s\u00e4\u00e4d\u00f6ksi\u00e4 ja rekisterin k\u00e4ytt\u00f6tarkoitusta.<\/p>\n<\/div>\n\n\n\n<div class=\"wp-block-column is-layout-flow wp-block-column-is-layout-flow\" style=\"flex-basis:15%\"><\/div>\n<\/div>\n","protected":false},"excerpt":{"rendered":"<p>Turku Swing Society Ry:n j\u00e4senrekisteriseloste Henkil\u00f6tietolain (523\/1999) 10 \u00a7 ja EU:n yleisen tietosuoja-asetuksen (GDPR) mukainen rekisteri- ja tietosuojaseloste. 1. REKISTERIN NIMITurku Swing Society ry:n j\u00e4senrekisteri 2. REKISTERINPIT\u00c4J\u00c4Turku Swing Society ry. Rekisteriasioista vastaa yhdistyksen hallitus. Yhteydenotot: hallitus(at)turkuswingsociety.com 3. HENKIL\u00d6TIETOJEN K\u00c4SITTELYN TARKOITUS \/ REKISTERIN K\u00c4YTT\u00d6TARKOITUSRekisterin tarkoituksena on ker\u00e4t\u00e4 yhdistyksen j\u00e4senist\u00e4 yhdistyslain (503\/1989) 11 \u00a7:n vaatimat henkil\u00f6tiedot ja [&hellip;]<\/p>\n","protected":false},"author":1,"featured_media":0,"parent":0,"menu_order":0,"comment_status":"closed","ping_status":"closed","template":"","meta":{"ocean_post_layout":"","ocean_both_sidebars_style":"","ocean_both_sidebars_content_width":0,"ocean_both_sidebars_sidebars_width":0,"ocean_sidebar":"0","ocean_second_sidebar":"0","ocean_disable_margins":"enable","ocean_add_body_class":"","ocean_shortcode_before_top_bar":"","ocean_shortcode_after_top_bar":"","ocean_shortcode_before_header":"","ocean_shortcode_after_header":"","ocean_has_shortcode":"","ocean_shortcode_after_title":"","ocean_shortcode_before_footer_widgets":"","ocean_shortcode_after_footer_widgets":"","ocean_shortcode_before_footer_bottom":"","ocean_shortcode_after_footer_bottom":"","ocean_display_top_bar":"default","ocean_display_header":"default","ocean_header_style":"","ocean_center_header_left_menu":"0","ocean_custom_header_template":"0","ocean_custom_logo":0,"ocean_custom_retina_logo":0,"ocean_custom_logo_max_width":0,"ocean_custom_logo_tablet_max_width":0,"ocean_custom_logo_mobile_max_width":0,"ocean_custom_logo_max_height":0,"ocean_custom_logo_tablet_max_height":0,"ocean_custom_logo_mobile_max_height":0,"ocean_header_custom_menu":"0","ocean_menu_typo_font_family":"0","ocean_menu_typo_font_subset":"","ocean_menu_typo_font_size":0,"ocean_menu_typo_font_size_tablet":0,"ocean_menu_typo_font_size_mobile":0,"ocean_menu_typo_font_size_unit":"px","ocean_menu_typo_font_weight":"","ocean_menu_typo_font_weight_tablet":"","ocean_menu_typo_font_weight_mobile":"","ocean_menu_typo_transform":"","ocean_menu_typo_transform_tablet":"","ocean_menu_typo_transform_mobile":"","ocean_menu_typo_line_height":0,"ocean_menu_typo_line_height_tablet":0,"ocean_menu_typo_line_height_mobile":0,"ocean_menu_typo_line_height_unit":"","ocean_menu_typo_spacing":0,"ocean_menu_typo_spacing_tablet":0,"ocean_menu_typo_spacing_mobile":0,"ocean_menu_typo_spacing_unit":"","ocean_menu_link_color":"","ocean_menu_link_color_hover":"","ocean_menu_link_color_active":"","ocean_menu_link_background":"","ocean_menu_link_hover_background":"","ocean_menu_link_active_background":"","ocean_menu_social_links_bg":"","ocean_menu_social_hover_links_bg":"","ocean_menu_social_links_color":"","ocean_menu_social_hover_links_color":"","ocean_disable_title":"default","ocean_disable_heading":"default","ocean_post_title":"","ocean_post_subheading":"","ocean_post_title_style":"","ocean_post_title_background_color":"","ocean_post_title_background":0,"ocean_post_title_bg_image_position":"","ocean_post_title_bg_image_attachment":"","ocean_post_title_bg_image_repeat":"","ocean_post_title_bg_image_size":"","ocean_post_title_height":0,"ocean_post_title_bg_overlay":0.5,"ocean_post_title_bg_overlay_color":"","ocean_disable_breadcrumbs":"default","ocean_breadcrumbs_color":"","ocean_breadcrumbs_separator_color":"","ocean_breadcrumbs_links_color":"","ocean_breadcrumbs_links_hover_color":"","ocean_display_footer_widgets":"default","ocean_display_footer_bottom":"default","ocean_custom_footer_template":"0","footnotes":""},"class_list":["post-4702","page","type-page","status-publish","hentry","entry"],"aioseo_notices":[],"_links":{"self":[{"href":"https:\/\/www.turkuswingsociety.com\/tss\/wp-json\/wp\/v2\/pages\/4702","targetHints":{"allow":["GET"]}}],"collection":[{"href":"https:\/\/www.turkuswingsociety.com\/tss\/wp-json\/wp\/v2\/pages"}],"about":[{"href":"https:\/\/www.turkuswingsociety.com\/tss\/wp-json\/wp\/v2\/types\/page"}],"author":[{"embeddable":true,"href":"https:\/\/www.turkuswingsociety.com\/tss\/wp-json\/wp\/v2\/users\/1"}],"replies":[{"embeddable":true,"href":"https:\/\/www.turkuswingsociety.com\/tss\/wp-json\/wp\/v2\/comments?post=4702"}],"version-history":[{"count":12,"href":"https:\/\/www.turkuswingsociety.com\/tss\/wp-json\/wp\/v2\/pages\/4702\/revisions"}],"predecessor-version":[{"id":5250,"href":"https:\/\/www.turkuswingsociety.com\/tss\/wp-json\/wp\/v2\/pages\/4702\/revisions\/5250"}],"wp:attachment":[{"href":"https:\/\/www.turkuswingsociety.com\/tss\/wp-json\/wp\/v2\/media?parent=4702"}],"curies":[{"name":"wp","href":"https:\/\/api.w.org\/{rel}","templated":true}]}}