{"id":4643,"date":"2023-06-28T12:43:51","date_gmt":"2023-06-28T09:43:51","guid":{"rendered":"https:\/\/turkuswingsociety.com\/tss\/?page_id=4643"},"modified":"2024-01-19T14:43:07","modified_gmt":"2024-01-19T11:43:07","slug":"saapumisohjeet","status":"publish","type":"page","link":"https:\/\/www.turkuswingsociety.com\/tss\/saapumisohjeet\/","title":{"rendered":"Saapumisohjeet salille"},"content":{"rendered":"\n<div style=\"height:58px\" aria-hidden=\"true\" class=\"wp-block-spacer\"><\/div>\n\n\n\n<div class=\"wp-block-cover alignfull\" style=\"min-height:400px;aspect-ratio:unset;\"><span aria-hidden=\"true\" class=\"wp-block-cover__background has-background-dim-20 has-background-dim wp-block-cover__gradient-background has-background-gradient\" style=\"background:linear-gradient(135deg,rgb(169,184,195) undefined%,rgb(238,238,238) 54%)\"><\/span><img loading=\"lazy\" decoding=\"async\" width=\"1740\" height=\"800\" class=\"wp-block-cover__image-background wp-image-5188\" alt=\"\" src=\"https:\/\/turkuswingsociety.com\/tss\/wp-content\/uploads\/2023\/07\/jerejelena-EXPANDED-mustavalko-cropped-blurred-MERGED-fixed-vari-liila-tiilit-2varia-compressed-darker-2-kapea-compressed.jpg\" style=\"object-position:50% 40%\" data-object-fit=\"cover\" data-object-position=\"50% 40%\" srcset=\"https:\/\/www.turkuswingsociety.com\/tss\/wp-content\/uploads\/2023\/07\/jerejelena-EXPANDED-mustavalko-cropped-blurred-MERGED-fixed-vari-liila-tiilit-2varia-compressed-darker-2-kapea-compressed.jpg 1740w, https:\/\/www.turkuswingsociety.com\/tss\/wp-content\/uploads\/2023\/07\/jerejelena-EXPANDED-mustavalko-cropped-blurred-MERGED-fixed-vari-liila-tiilit-2varia-compressed-darker-2-kapea-compressed-300x138.jpg 300w, https:\/\/www.turkuswingsociety.com\/tss\/wp-content\/uploads\/2023\/07\/jerejelena-EXPANDED-mustavalko-cropped-blurred-MERGED-fixed-vari-liila-tiilit-2varia-compressed-darker-2-kapea-compressed-1024x471.jpg 1024w, https:\/\/www.turkuswingsociety.com\/tss\/wp-content\/uploads\/2023\/07\/jerejelena-EXPANDED-mustavalko-cropped-blurred-MERGED-fixed-vari-liila-tiilit-2varia-compressed-darker-2-kapea-compressed-768x353.jpg 768w, https:\/\/www.turkuswingsociety.com\/tss\/wp-content\/uploads\/2023\/07\/jerejelena-EXPANDED-mustavalko-cropped-blurred-MERGED-fixed-vari-liila-tiilit-2varia-compressed-darker-2-kapea-compressed-1536x706.jpg 1536w, https:\/\/www.turkuswingsociety.com\/tss\/wp-content\/uploads\/2023\/07\/jerejelena-EXPANDED-mustavalko-cropped-blurred-MERGED-fixed-vari-liila-tiilit-2varia-compressed-darker-2-kapea-compressed-18x8.jpg 18w\" sizes=\"auto, (max-width: 1740px) 100vw, 1740px\" \/><div class=\"wp-block-cover__inner-container is-layout-flow wp-block-cover-is-layout-flow\">\n<p class=\"has-text-align-center has-x-large-font-size\" style=\"font-style:normal;font-weight:400;letter-spacing:5px\">SAAPUMISOHJEET SALEILLE<\/p>\n<\/div><\/div>\n\n\n\n<div style=\"height:80px\" aria-hidden=\"true\" class=\"wp-block-spacer\"><\/div>\n\n\n\n<div class=\"wp-block-columns alignfull is-layout-flex wp-container-core-columns-is-layout-9d6595d7 wp-block-columns-is-layout-flex\">\n<div class=\"wp-block-column is-layout-flow wp-block-column-is-layout-flow\" style=\"flex-basis:30%\"><\/div>\n\n\n\n<div class=\"wp-block-column is-layout-flow wp-block-column-is-layout-flow\" style=\"flex-basis:70%\">\n<h1 class=\"wp-block-heading has-text-align-center\" id=\"bolero\" style=\"letter-spacing:5px\">Bolero \/ Flying Steps<\/h1>\n\n\n\n<hr class=\"wp-block-separator has-alpha-channel-opacity is-style-wide\"\/>\n<\/div>\n\n\n\n<div class=\"wp-block-column is-layout-flow wp-block-column-is-layout-flow\" style=\"flex-basis:30%\"><\/div>\n<\/div>\n\n\n\n<div class=\"wp-block-columns is-layout-flex wp-container-core-columns-is-layout-9d6595d7 wp-block-columns-is-layout-flex\">\n<div class=\"wp-block-column is-layout-flow wp-block-column-is-layout-flow\" style=\"flex-basis:33.33%\">\n<div style=\"height:80px\" aria-hidden=\"true\" class=\"wp-block-spacer\"><\/div>\n\n\n\n<p>Boleron ja Flying Stepsin tanssiseurojen salit sijaitsevat osoitteessa Uhril\u00e4hteenkatu 2, 20250 Turku.<\/p>\n\n\n\n<p>Rakennuksen tunnistaa isosta sinisest\u00e4 Hemmon kuljetuksen valomainoksesta. Ulko-ovi sijaitsee PTVGym valomainoksen alapuolella.<\/p>\n<\/div>\n\n\n\n<div class=\"wp-block-column is-layout-flow wp-block-column-is-layout-flow\" style=\"flex-basis:66.66%\"><div class=\"wp-block-image is-resized is-style-rounded\">\n<figure class=\"aligncenter size-full\"><img loading=\"lazy\" decoding=\"async\" width=\"945\" height=\"606\" src=\"https:\/\/turkuswingsociety.com\/tss\/wp-content\/uploads\/2023\/06\/flaikkaritohje-1.png\" alt=\"\" class=\"wp-image-4658\" style=\"object-fit:cover;width:700px;height:400px\" srcset=\"https:\/\/www.turkuswingsociety.com\/tss\/wp-content\/uploads\/2023\/06\/flaikkaritohje-1.png 945w, https:\/\/www.turkuswingsociety.com\/tss\/wp-content\/uploads\/2023\/06\/flaikkaritohje-1-300x192.png 300w, https:\/\/www.turkuswingsociety.com\/tss\/wp-content\/uploads\/2023\/06\/flaikkaritohje-1-768x492.png 768w, https:\/\/www.turkuswingsociety.com\/tss\/wp-content\/uploads\/2023\/06\/flaikkaritohje-1-18x12.png 18w\" sizes=\"auto, (max-width: 945px) 100vw, 945px\" \/><\/figure><\/div><\/div>\n<\/div>\n\n\n\n<div style=\"height:40px\" aria-hidden=\"true\" class=\"wp-block-spacer\"><\/div>\n\n\n\n<figure class=\"wp-block-gallery has-nested-images columns-default is-cropped wp-block-gallery-1 is-layout-flex wp-block-gallery-is-layout-flex\">\n<figure class=\"wp-block-image size-large is-style-rounded\"><img loading=\"lazy\" decoding=\"async\" width=\"991\" height=\"557\" data-id=\"4650\" src=\"https:\/\/turkuswingsociety.com\/tss\/wp-content\/uploads\/2023\/06\/hemmonkuljetus.jpg\" alt=\"\" class=\"wp-image-4650\" srcset=\"https:\/\/www.turkuswingsociety.com\/tss\/wp-content\/uploads\/2023\/06\/hemmonkuljetus.jpg 991w, https:\/\/www.turkuswingsociety.com\/tss\/wp-content\/uploads\/2023\/06\/hemmonkuljetus-300x169.jpg 300w, https:\/\/www.turkuswingsociety.com\/tss\/wp-content\/uploads\/2023\/06\/hemmonkuljetus-768x432.jpg 768w, https:\/\/www.turkuswingsociety.com\/tss\/wp-content\/uploads\/2023\/06\/hemmonkuljetus-18x10.jpg 18w, https:\/\/www.turkuswingsociety.com\/tss\/wp-content\/uploads\/2023\/06\/hemmonkuljetus-800x450.jpg 800w\" sizes=\"auto, (max-width: 991px) 100vw, 991px\" \/><\/figure>\n\n\n\n<figure class=\"wp-block-image size-large is-style-rounded\"><img loading=\"lazy\" decoding=\"async\" width=\"991\" height=\"557\" data-id=\"4651\" src=\"https:\/\/turkuswingsociety.com\/tss\/wp-content\/uploads\/2023\/06\/hemmonkuljetus2-1.jpg\" alt=\"\" class=\"wp-image-4651\" srcset=\"https:\/\/www.turkuswingsociety.com\/tss\/wp-content\/uploads\/2023\/06\/hemmonkuljetus2-1.jpg 991w, https:\/\/www.turkuswingsociety.com\/tss\/wp-content\/uploads\/2023\/06\/hemmonkuljetus2-1-300x169.jpg 300w, https:\/\/www.turkuswingsociety.com\/tss\/wp-content\/uploads\/2023\/06\/hemmonkuljetus2-1-768x432.jpg 768w, https:\/\/www.turkuswingsociety.com\/tss\/wp-content\/uploads\/2023\/06\/hemmonkuljetus2-1-18x10.jpg 18w, https:\/\/www.turkuswingsociety.com\/tss\/wp-content\/uploads\/2023\/06\/hemmonkuljetus2-1-800x450.jpg 800w\" sizes=\"auto, (max-width: 991px) 100vw, 991px\" \/><\/figure>\n<\/figure>\n\n\n\n<div style=\"height:20px\" aria-hidden=\"true\" class=\"wp-block-spacer\"><\/div>\n\n\n\n<div class=\"wp-block-columns is-layout-flex wp-container-core-columns-is-layout-9d6595d7 wp-block-columns-is-layout-flex\">\n<div class=\"wp-block-column is-layout-flow wp-block-column-is-layout-flow\">\n<div style=\"height:40px\" aria-hidden=\"true\" class=\"wp-block-spacer\"><\/div>\n\n\n<div class=\"wp-block-image is-style-rounded\">\n<figure class=\"aligncenter size-full\"><img loading=\"lazy\" decoding=\"async\" width=\"313\" height=\"558\" src=\"https:\/\/turkuswingsociety.com\/tss\/wp-content\/uploads\/2023\/06\/rappu-1.jpg\" alt=\"\" class=\"wp-image-4656\" srcset=\"https:\/\/www.turkuswingsociety.com\/tss\/wp-content\/uploads\/2023\/06\/rappu-1.jpg 313w, https:\/\/www.turkuswingsociety.com\/tss\/wp-content\/uploads\/2023\/06\/rappu-1-168x300.jpg 168w, https:\/\/www.turkuswingsociety.com\/tss\/wp-content\/uploads\/2023\/06\/rappu-1-7x12.jpg 7w\" sizes=\"auto, (max-width: 313px) 100vw, 313px\" \/><\/figure><\/div><\/div>\n\n\n\n<div class=\"wp-block-column is-layout-flow wp-block-column-is-layout-flow\">\n<div style=\"height:40px\" aria-hidden=\"true\" class=\"wp-block-spacer\"><\/div>\n\n\n<div class=\"wp-block-image is-style-rounded\">\n<figure class=\"alignleft size-full\"><img loading=\"lazy\" decoding=\"async\" width=\"991\" height=\"557\" src=\"https:\/\/turkuswingsociety.com\/tss\/wp-content\/uploads\/2023\/06\/kaytava-4.jpg\" alt=\"\" class=\"wp-image-4662\" srcset=\"https:\/\/www.turkuswingsociety.com\/tss\/wp-content\/uploads\/2023\/06\/kaytava-4.jpg 991w, https:\/\/www.turkuswingsociety.com\/tss\/wp-content\/uploads\/2023\/06\/kaytava-4-300x169.jpg 300w, https:\/\/www.turkuswingsociety.com\/tss\/wp-content\/uploads\/2023\/06\/kaytava-4-768x432.jpg 768w, https:\/\/www.turkuswingsociety.com\/tss\/wp-content\/uploads\/2023\/06\/kaytava-4-18x10.jpg 18w, https:\/\/www.turkuswingsociety.com\/tss\/wp-content\/uploads\/2023\/06\/kaytava-4-800x450.jpg 800w\" sizes=\"auto, (max-width: 991px) 100vw, 991px\" \/><\/figure><\/div>\n\n\n<div style=\"height:50px\" aria-hidden=\"true\" class=\"wp-block-spacer\"><\/div>\n\n\n\n<p>K\u00e4vele portaat yl\u00f6s 3. kerrokseen (ylin kerros). Kulje ovesta, jossa n\u00e4kyy PTVGymin tekstit.<\/p>\n\n\n\n<p>Tanssisalit sijaitsevat aulan p\u00e4\u00e4ss\u00e4. Oven vierest\u00e4 l\u00f6ytyy isoja Boleron mainoskuvia sek\u00e4 Flying Stepsin kyltti. Oven sis\u00e4puolella on eteinen, johon voi j\u00e4tt\u00e4\u00e4 keng\u00e4t ja takin.<\/p>\n<\/div>\n<\/div>\n\n\n\n<div style=\"height:80px\" aria-hidden=\"true\" class=\"wp-block-spacer\"><\/div>\n\n\n\n<div class=\"wp-block-columns alignfull is-layout-flex wp-container-core-columns-is-layout-9d6595d7 wp-block-columns-is-layout-flex\">\n<div class=\"wp-block-column is-layout-flow wp-block-column-is-layout-flow\" style=\"flex-basis:30%\"><\/div>\n\n\n\n<div class=\"wp-block-column is-layout-flow wp-block-column-is-layout-flow\" style=\"flex-basis:70%\">\n<h1 class=\"wp-block-heading has-text-align-center\" id=\"puolala\" style=\"letter-spacing:5px\">Puolalan koulu<\/h1>\n\n\n\n<hr class=\"wp-block-separator has-alpha-channel-opacity is-style-wide\"\/>\n<\/div>\n\n\n\n<div class=\"wp-block-column is-layout-flow wp-block-column-is-layout-flow\" style=\"flex-basis:30%\"><\/div>\n<\/div>\n\n\n\n<div class=\"wp-block-columns is-layout-flex wp-container-core-columns-is-layout-9d6595d7 wp-block-columns-is-layout-flex\">\n<div class=\"wp-block-column is-layout-flow wp-block-column-is-layout-flow\" style=\"flex-basis:33.33%\">\n<div style=\"height:60px\" aria-hidden=\"true\" class=\"wp-block-spacer\"><\/div>\n\n\n\n<p>Puolalan koulun Puutarhakadun yksikk\u00f6 sijaitsee osoitteessa Puutarhakatu 5, 20100 Turku.<\/p>\n\n\n\n<p>Kierr\u00e4 rakennus my\u00f6t\u00e4p\u00e4iv\u00e4\u00e4n sis\u00e4pihalle ja jatka aina talon p\u00e4\u00e4tyyn asti. Yl\u00e4salin ulko-ovi on viimeinen ovi vasemmalla. Ovelle p\u00e4\u00e4see my\u00f6s kiert\u00e4m\u00e4ll\u00e4 rakennus vastap\u00e4iv\u00e4\u00e4n kulkemalla aidan viereist\u00e4 tiet\u00e4.<\/p>\n<\/div>\n\n\n\n<div class=\"wp-block-column is-layout-flow wp-block-column-is-layout-flow\" style=\"flex-basis:66.66%\"><div class=\"wp-block-image is-resized is-style-rounded\">\n<figure class=\"aligncenter size-full\"><img loading=\"lazy\" decoding=\"async\" width=\"1006\" height=\"792\" src=\"https:\/\/www.turkuswingsociety.com\/tss\/wp-content\/uploads\/2024\/01\/puolalankoulu-merkinnoilla.jpg\" alt=\"\" class=\"wp-image-5732\" style=\"object-fit:cover;width:700px;height:400px\" srcset=\"https:\/\/www.turkuswingsociety.com\/tss\/wp-content\/uploads\/2024\/01\/puolalankoulu-merkinnoilla.jpg 1006w, https:\/\/www.turkuswingsociety.com\/tss\/wp-content\/uploads\/2024\/01\/puolalankoulu-merkinnoilla-300x236.jpg 300w, https:\/\/www.turkuswingsociety.com\/tss\/wp-content\/uploads\/2024\/01\/puolalankoulu-merkinnoilla-768x605.jpg 768w, https:\/\/www.turkuswingsociety.com\/tss\/wp-content\/uploads\/2024\/01\/puolalankoulu-merkinnoilla-15x12.jpg 15w\" sizes=\"auto, (max-width: 1006px) 100vw, 1006px\" \/><\/figure><\/div><\/div>\n<\/div>\n\n\n\n<div style=\"height:30px\" aria-hidden=\"true\" class=\"wp-block-spacer\"><\/div>\n\n\n\n<figure class=\"wp-block-gallery has-nested-images columns-default is-cropped wp-block-gallery-2 is-layout-flex wp-block-gallery-is-layout-flex\">\n<figure class=\"wp-block-image size-full is-style-rounded\"><img loading=\"lazy\" decoding=\"async\" width=\"938\" height=\"528\" data-id=\"5733\" src=\"https:\/\/www.turkuswingsociety.com\/tss\/wp-content\/uploads\/2024\/01\/puolalankoulu-rakennussivusta-merkinnoilla.jpg\" alt=\"\" class=\"wp-image-5733\" srcset=\"https:\/\/www.turkuswingsociety.com\/tss\/wp-content\/uploads\/2024\/01\/puolalankoulu-rakennussivusta-merkinnoilla.jpg 938w, https:\/\/www.turkuswingsociety.com\/tss\/wp-content\/uploads\/2024\/01\/puolalankoulu-rakennussivusta-merkinnoilla-300x169.jpg 300w, https:\/\/www.turkuswingsociety.com\/tss\/wp-content\/uploads\/2024\/01\/puolalankoulu-rakennussivusta-merkinnoilla-768x432.jpg 768w, https:\/\/www.turkuswingsociety.com\/tss\/wp-content\/uploads\/2024\/01\/puolalankoulu-rakennussivusta-merkinnoilla-18x10.jpg 18w, https:\/\/www.turkuswingsociety.com\/tss\/wp-content\/uploads\/2024\/01\/puolalankoulu-rakennussivusta-merkinnoilla-800x450.jpg 800w\" sizes=\"auto, (max-width: 938px) 100vw, 938px\" \/><\/figure>\n\n\n\n<figure class=\"wp-block-image size-full is-style-rounded\"><img loading=\"lazy\" decoding=\"async\" width=\"1021\" height=\"575\" data-id=\"5734\" src=\"https:\/\/www.turkuswingsociety.com\/tss\/wp-content\/uploads\/2024\/01\/puolalankoulu-rakennuskaukaa-merkinnoilla.jpg\" alt=\"\" class=\"wp-image-5734\" srcset=\"https:\/\/www.turkuswingsociety.com\/tss\/wp-content\/uploads\/2024\/01\/puolalankoulu-rakennuskaukaa-merkinnoilla.jpg 1021w, https:\/\/www.turkuswingsociety.com\/tss\/wp-content\/uploads\/2024\/01\/puolalankoulu-rakennuskaukaa-merkinnoilla-300x169.jpg 300w, https:\/\/www.turkuswingsociety.com\/tss\/wp-content\/uploads\/2024\/01\/puolalankoulu-rakennuskaukaa-merkinnoilla-768x433.jpg 768w, https:\/\/www.turkuswingsociety.com\/tss\/wp-content\/uploads\/2024\/01\/puolalankoulu-rakennuskaukaa-merkinnoilla-18x10.jpg 18w, https:\/\/www.turkuswingsociety.com\/tss\/wp-content\/uploads\/2024\/01\/puolalankoulu-rakennuskaukaa-merkinnoilla-800x450.jpg 800w\" sizes=\"auto, (max-width: 1021px) 100vw, 1021px\" \/><\/figure>\n<\/figure>\n\n\n\n<div style=\"height:20px\" aria-hidden=\"true\" class=\"wp-block-spacer\"><\/div>\n\n\n\n<div class=\"wp-block-columns is-layout-flex wp-container-core-columns-is-layout-9d6595d7 wp-block-columns-is-layout-flex\">\n<div class=\"wp-block-column is-layout-flow wp-block-column-is-layout-flow\">\n<div style=\"height:30px\" aria-hidden=\"true\" class=\"wp-block-spacer\"><\/div>\n\n\n<div class=\"wp-block-image is-style-rounded\">\n<figure class=\"aligncenter size-full\"><img loading=\"lazy\" decoding=\"async\" width=\"297\" height=\"528\" src=\"https:\/\/www.turkuswingsociety.com\/tss\/wp-content\/uploads\/2024\/01\/puolalankoulu-ovi.webp\" alt=\"\" class=\"wp-image-5735\" srcset=\"https:\/\/www.turkuswingsociety.com\/tss\/wp-content\/uploads\/2024\/01\/puolalankoulu-ovi.webp 297w, https:\/\/www.turkuswingsociety.com\/tss\/wp-content\/uploads\/2024\/01\/puolalankoulu-ovi-169x300.webp 169w, https:\/\/www.turkuswingsociety.com\/tss\/wp-content\/uploads\/2024\/01\/puolalankoulu-ovi-7x12.webp 7w\" sizes=\"auto, (max-width: 297px) 100vw, 297px\" \/><\/figure><\/div><\/div>\n\n\n\n<div class=\"wp-block-column is-layout-flow wp-block-column-is-layout-flow\">\n<div style=\"height:25px\" aria-hidden=\"true\" class=\"wp-block-spacer\"><\/div>\n\n\n<div class=\"wp-block-image is-style-rounded\">\n<figure class=\"alignleft size-full\"><img loading=\"lazy\" decoding=\"async\" width=\"1021\" height=\"575\" src=\"https:\/\/www.turkuswingsociety.com\/tss\/wp-content\/uploads\/2024\/01\/puolalankoulu-ovikaukaa-merkinnoilla.jpg\" alt=\"\" class=\"wp-image-5736\" srcset=\"https:\/\/www.turkuswingsociety.com\/tss\/wp-content\/uploads\/2024\/01\/puolalankoulu-ovikaukaa-merkinnoilla.jpg 1021w, https:\/\/www.turkuswingsociety.com\/tss\/wp-content\/uploads\/2024\/01\/puolalankoulu-ovikaukaa-merkinnoilla-300x169.jpg 300w, https:\/\/www.turkuswingsociety.com\/tss\/wp-content\/uploads\/2024\/01\/puolalankoulu-ovikaukaa-merkinnoilla-768x433.jpg 768w, https:\/\/www.turkuswingsociety.com\/tss\/wp-content\/uploads\/2024\/01\/puolalankoulu-ovikaukaa-merkinnoilla-18x10.jpg 18w, https:\/\/www.turkuswingsociety.com\/tss\/wp-content\/uploads\/2024\/01\/puolalankoulu-ovikaukaa-merkinnoilla-800x450.jpg 800w\" sizes=\"auto, (max-width: 1021px) 100vw, 1021px\" \/><\/figure><\/div>\n\n\n<div style=\"height:50px\" aria-hidden=\"true\" class=\"wp-block-spacer\"><\/div>\n\n\n\n<p>Oven vieress\u00e4 summeri, jota voi painaa, jos tulee my\u00f6h\u00e4ss\u00e4 eik\u00e4 koputukseen vastata.<\/p>\n\n\n\n<p>Pukutilat l\u00f6ytyv\u00e4t toisesta kerroksesta ja saliin p\u00e4\u00e4see menem\u00e4ll\u00e4 pukuhuoneesta portaat alas.<\/p>\n<\/div>\n<\/div>\n\n\n\n<div style=\"height:100px\" aria-hidden=\"true\" class=\"wp-block-spacer\"><\/div>\n","protected":false},"excerpt":{"rendered":"<p>Bolero \/ Flying Steps Boleron ja Flying Stepsin tanssiseurojen salit sijaitsevat osoitteessa Uhril\u00e4hteenkatu 2, 20250 Turku. Rakennuksen tunnistaa isosta sinisest\u00e4 Hemmon kuljetuksen valomainoksesta. Ulko-ovi sijaitsee PTVGym valomainoksen alapuolella. K\u00e4vele portaat yl\u00f6s 3. kerrokseen (ylin kerros). Kulje ovesta, jossa n\u00e4kyy PTVGymin tekstit. Tanssisalit sijaitsevat aulan p\u00e4\u00e4ss\u00e4. Oven vierest\u00e4 l\u00f6ytyy isoja Boleron mainoskuvia sek\u00e4 Flying Stepsin kyltti. [&hellip;]<\/p>\n","protected":false},"author":1,"featured_media":0,"parent":0,"menu_order":0,"comment_status":"closed","ping_status":"closed","template":"","meta":{"ocean_post_layout":"","ocean_both_sidebars_style":"","ocean_both_sidebars_content_width":0,"ocean_both_sidebars_sidebars_width":0,"ocean_sidebar":"0","ocean_second_sidebar":"0","ocean_disable_margins":"enable","ocean_add_body_class":"","ocean_shortcode_before_top_bar":"","ocean_shortcode_after_top_bar":"","ocean_shortcode_before_header":"","ocean_shortcode_after_header":"","ocean_has_shortcode":"","ocean_shortcode_after_title":"","ocean_shortcode_before_footer_widgets":"","ocean_shortcode_after_footer_widgets":"","ocean_shortcode_before_footer_bottom":"","ocean_shortcode_after_footer_bottom":"","ocean_display_top_bar":"default","ocean_display_header":"default","ocean_header_style":"","ocean_center_header_left_menu":"0","ocean_custom_header_template":"0","ocean_custom_logo":0,"ocean_custom_retina_logo":0,"ocean_custom_logo_max_width":0,"ocean_custom_logo_tablet_max_width":0,"ocean_custom_logo_mobile_max_width":0,"ocean_custom_logo_max_height":0,"ocean_custom_logo_tablet_max_height":0,"ocean_custom_logo_mobile_max_height":0,"ocean_header_custom_menu":"0","ocean_menu_typo_font_family":"0","ocean_menu_typo_font_subset":"","ocean_menu_typo_font_size":0,"ocean_menu_typo_font_size_tablet":0,"ocean_menu_typo_font_size_mobile":0,"ocean_menu_typo_font_size_unit":"px","ocean_menu_typo_font_weight":"","ocean_menu_typo_font_weight_tablet":"","ocean_menu_typo_font_weight_mobile":"","ocean_menu_typo_transform":"","ocean_menu_typo_transform_tablet":"","ocean_menu_typo_transform_mobile":"","ocean_menu_typo_line_height":0,"ocean_menu_typo_line_height_tablet":0,"ocean_menu_typo_line_height_mobile":0,"ocean_menu_typo_line_height_unit":"","ocean_menu_typo_spacing":0,"ocean_menu_typo_spacing_tablet":0,"ocean_menu_typo_spacing_mobile":0,"ocean_menu_typo_spacing_unit":"","ocean_menu_link_color":"","ocean_menu_link_color_hover":"","ocean_menu_link_color_active":"","ocean_menu_link_background":"","ocean_menu_link_hover_background":"","ocean_menu_link_active_background":"","ocean_menu_social_links_bg":"","ocean_menu_social_hover_links_bg":"","ocean_menu_social_links_color":"","ocean_menu_social_hover_links_color":"","ocean_disable_title":"default","ocean_disable_heading":"default","ocean_post_title":"","ocean_post_subheading":"","ocean_post_title_style":"","ocean_post_title_background_color":"","ocean_post_title_background":0,"ocean_post_title_bg_image_position":"","ocean_post_title_bg_image_attachment":"","ocean_post_title_bg_image_repeat":"","ocean_post_title_bg_image_size":"","ocean_post_title_height":0,"ocean_post_title_bg_overlay":0.5,"ocean_post_title_bg_overlay_color":"","ocean_disable_breadcrumbs":"default","ocean_breadcrumbs_color":"","ocean_breadcrumbs_separator_color":"","ocean_breadcrumbs_links_color":"","ocean_breadcrumbs_links_hover_color":"","ocean_display_footer_widgets":"default","ocean_display_footer_bottom":"default","ocean_custom_footer_template":"0","footnotes":""},"class_list":["post-4643","page","type-page","status-publish","hentry","entry"],"aioseo_notices":[],"_links":{"self":[{"href":"https:\/\/www.turkuswingsociety.com\/tss\/wp-json\/wp\/v2\/pages\/4643","targetHints":{"allow":["GET"]}}],"collection":[{"href":"https:\/\/www.turkuswingsociety.com\/tss\/wp-json\/wp\/v2\/pages"}],"about":[{"href":"https:\/\/www.turkuswingsociety.com\/tss\/wp-json\/wp\/v2\/types\/page"}],"author":[{"embeddable":true,"href":"https:\/\/www.turkuswingsociety.com\/tss\/wp-json\/wp\/v2\/users\/1"}],"replies":[{"embeddable":true,"href":"https:\/\/www.turkuswingsociety.com\/tss\/wp-json\/wp\/v2\/comments?post=4643"}],"version-history":[{"count":34,"href":"https:\/\/www.turkuswingsociety.com\/tss\/wp-json\/wp\/v2\/pages\/4643\/revisions"}],"predecessor-version":[{"id":5766,"href":"https:\/\/www.turkuswingsociety.com\/tss\/wp-json\/wp\/v2\/pages\/4643\/revisions\/5766"}],"wp:attachment":[{"href":"https:\/\/www.turkuswingsociety.com\/tss\/wp-json\/wp\/v2\/media?parent=4643"}],"curies":[{"name":"wp","href":"https:\/\/api.w.org\/{rel}","templated":true}]}}