{"id":4170,"date":"2023-02-08T23:59:23","date_gmt":"2023-02-08T20:59:23","guid":{"rendered":"https:\/\/turkuswingsociety.com\/tss\/?page_id=4170"},"modified":"2026-04-21T21:34:32","modified_gmt":"2026-04-21T18:34:32","slug":"tapahtumat","status":"publish","type":"page","link":"https:\/\/www.turkuswingsociety.com\/tss\/tapahtumat\/","title":{"rendered":"Tapahtumat"},"content":{"rendered":"\n<div style=\"height:58px\" aria-hidden=\"true\" class=\"wp-block-spacer\"><\/div>\n\n\n\n<div class=\"wp-block-cover alignfull is-light\" style=\"min-height:400px;aspect-ratio:unset;\"><img loading=\"lazy\" decoding=\"async\" width=\"1740\" height=\"800\" class=\"wp-block-cover__image-background wp-image-5188\" alt=\"\" src=\"https:\/\/turkuswingsociety.com\/tss\/wp-content\/uploads\/2023\/07\/jerejelena-EXPANDED-mustavalko-cropped-blurred-MERGED-fixed-vari-liila-tiilit-2varia-compressed-darker-2-kapea-compressed.jpg\" style=\"object-position:50% 40%\" data-object-fit=\"cover\" data-object-position=\"50% 40%\" srcset=\"https:\/\/www.turkuswingsociety.com\/tss\/wp-content\/uploads\/2023\/07\/jerejelena-EXPANDED-mustavalko-cropped-blurred-MERGED-fixed-vari-liila-tiilit-2varia-compressed-darker-2-kapea-compressed.jpg 1740w, https:\/\/www.turkuswingsociety.com\/tss\/wp-content\/uploads\/2023\/07\/jerejelena-EXPANDED-mustavalko-cropped-blurred-MERGED-fixed-vari-liila-tiilit-2varia-compressed-darker-2-kapea-compressed-300x138.jpg 300w, https:\/\/www.turkuswingsociety.com\/tss\/wp-content\/uploads\/2023\/07\/jerejelena-EXPANDED-mustavalko-cropped-blurred-MERGED-fixed-vari-liila-tiilit-2varia-compressed-darker-2-kapea-compressed-1024x471.jpg 1024w, https:\/\/www.turkuswingsociety.com\/tss\/wp-content\/uploads\/2023\/07\/jerejelena-EXPANDED-mustavalko-cropped-blurred-MERGED-fixed-vari-liila-tiilit-2varia-compressed-darker-2-kapea-compressed-768x353.jpg 768w, https:\/\/www.turkuswingsociety.com\/tss\/wp-content\/uploads\/2023\/07\/jerejelena-EXPANDED-mustavalko-cropped-blurred-MERGED-fixed-vari-liila-tiilit-2varia-compressed-darker-2-kapea-compressed-1536x706.jpg 1536w, https:\/\/www.turkuswingsociety.com\/tss\/wp-content\/uploads\/2023\/07\/jerejelena-EXPANDED-mustavalko-cropped-blurred-MERGED-fixed-vari-liila-tiilit-2varia-compressed-darker-2-kapea-compressed-18x8.jpg 18w\" sizes=\"auto, (max-width: 1740px) 100vw, 1740px\" \/><span aria-hidden=\"true\" class=\"wp-block-cover__background has-background-dim-20 has-background-dim wp-block-cover__gradient-background has-background-gradient\" style=\"background:linear-gradient(135deg,rgb(169,184,195) undefined%,rgb(238,238,238) 54%)\"><\/span><div class=\"wp-block-cover__inner-container is-layout-flow wp-block-cover-is-layout-flow\">\n<p class=\"has-text-align-center has-x-large-font-size\" style=\"font-style:normal;font-weight:400;letter-spacing:5px\"><mark style=\"background-color:rgba(0, 0, 0, 0);color:#e2d2f4\" class=\"has-inline-color\">TAPAHTUMAT<\/mark><\/p>\n<\/div><\/div>\n\n\n\n<div style=\"height:80px\" aria-hidden=\"true\" class=\"wp-block-spacer\"><\/div>\n\n\n\n<div class=\"wp-block-columns is-layout-flex wp-container-core-columns-is-layout-9d6595d7 wp-block-columns-is-layout-flex\">\n<div class=\"wp-block-column is-layout-flow wp-block-column-is-layout-flow\" style=\"flex-basis:15%\"><\/div>\n\n\n\n<div class=\"wp-block-column is-layout-flow wp-block-column-is-layout-flow\" style=\"flex-basis:70%\">\n<h1 class=\"wp-block-heading has-text-align-center\" style=\"letter-spacing:5px\">K\u00e4ynniss\u00e4 olevat ilmoittautumiset<\/h1>\n\n\n\n<hr class=\"wp-block-separator has-alpha-channel-opacity is-style-wide\"\/>\n<\/div>\n\n\n\n<div class=\"wp-block-column is-layout-flow wp-block-column-is-layout-flow\" style=\"flex-basis:15%\"><\/div>\n<\/div>\n\n\n\n<div style=\"height:58px\" aria-hidden=\"true\" class=\"wp-block-spacer\"><\/div>\n\n\n\n<div class=\"wp-block-columns is-layout-flex wp-container-core-columns-is-layout-9d6595d7 wp-block-columns-is-layout-flex\">\n<div class=\"wp-block-column is-layout-flow wp-block-column-is-layout-flow\" style=\"flex-basis:15%\"><\/div>\n\n\n\n<div class=\"wp-block-column is-layout-flow wp-block-column-is-layout-flow\" style=\"flex-basis:70%\">\n<h1 class=\"wp-block-heading has-text-align-center\" style=\"letter-spacing:5px\">Tulevia tapahtumia<\/h1>\n\n\n\n<hr class=\"wp-block-separator has-alpha-channel-opacity is-style-wide\"\/>\n\n\n\n<p>MAALISKUU<\/p>\n\n\n\n<p>9.3 YO-KIRJOITUKSET ALKAVAT, KAIKKI VIIKKOKURSSIT TAUOLLA. <\/p>\n\n\n\n<p><br>Pe 20.3. <a class=\"docs-creator\" title=\"Lindy-Westi iltatanssit\" href=\"#iltatanssit\">Lindy-Westi iltatanssit<\/a> Proffan kellarissa klo 18-21<br>Ti 24.3. <a href=\"#tiistaiwesti\">kurssitauon tiistaiwestitanssit<\/a> Proffan kellarissa klo 18-21<\/p>\n\n\n\n<p><\/p>\n\n\n\n<p>30.3. Viikkokurssit jatkuvat<\/p>\n\n\n\n<p>HUHTIKUU<br>Pe 10.4. <a class=\"docs-creator\" href=\"#iltatanssit\" title=\"Lindy-Westi iltatanssit\">Lindy-Westi iltatanssit<\/a> Proffan kellarissa klo 18-21<br>Pe 24.4. <a class=\"docs-creator\" href=\"#iltatanssit\" title=\"Lindy-Westi iltatanssit\">Lindy-Westi iltatanssit<\/a> Proffan kellarissa klo 18-21<br>La 25.4. &#8211; Su 26.4. <a href=\"#arkkutango\">Argentiinalaisen tangon viikonloppukurssi peruttiin. Syksyll\u00e4 kokeillaan uudestaan. <\/a><\/p>\n\n\n\n<p><\/p>\n\n\n\n<p>TOUKOKUU<br>Pe 8.5. <a class=\"docs-creator\" title=\"Lindy-Westi iltatanssit\" href=\"#iltatanssit\">Lindy-Westi iltatanssit<\/a> Proffan kellarissa klo 18-21<br>La 16.5. <a href=\"https:\/\/www.turkuswingsociety.com\/tss\/west-coast-swing-tiiviskurssi\/\" data-type=\"page\" data-id=\"6532\">West Coast Swing tiiviskurssi<\/a>. Opettajat Outi Salonen ja Tero Rahko.<br>La 16.5. <a href=\"#wcsbileet\">West Coast Swing bileet<\/a> Loiste Studiolla klo 17.15-19.45<br>Pe 22.5. <a class=\"docs-creator\" title=\"Lindy-Westi iltatanssit\" href=\"#iltatanssit\">Lindy-Westi iltatanssit<\/a> Proffan kellarissa klo 18-21<\/p>\n\n\n\n<p><\/p>\n\n\n\n<p>Jos haluat vaikuttaa TSS:n toimintaan, kerro ehdotuksesi\/toiveesi esim. l\u00e4hett\u00e4m\u00e4ll\u00e4 viesti\u00e4 j\u00e4senvastaavallemme: jasenvastaava(at)turkuswingsociety.com<\/p>\n<\/div>\n\n\n\n<div class=\"wp-block-column is-layout-flow wp-block-column-is-layout-flow\" style=\"flex-basis:15%\"><\/div>\n<\/div>\n\n\n\n<div style=\"height:58px\" aria-hidden=\"true\" class=\"wp-block-spacer\"><\/div>\n\n\n\n<div class=\"wp-block-columns is-layout-flex wp-container-core-columns-is-layout-9d6595d7 wp-block-columns-is-layout-flex\">\n<div class=\"wp-block-column is-layout-flow wp-block-column-is-layout-flow\" style=\"flex-basis:15%\"><\/div>\n\n\n\n<div class=\"wp-block-column is-layout-flow wp-block-column-is-layout-flow\" style=\"flex-basis:70%\">\n<h1 class=\"wp-block-heading has-text-align-center\" id=\"wcsbileet\" style=\"letter-spacing:5px\">West Coast Swing bileet<\/h1>\n\n\n\n<hr class=\"wp-block-separator has-alpha-channel-opacity is-style-wide\"\/>\n\n\n\n<p>Turku Swing Societyn kaikille avoimet West Coast Swing -bileet j\u00e4rjestet\u00e4\u00e4n Boleron salilla Turussa. Tule tanssimaan rennossa ilmapiiriss\u00e4 ja viett\u00e4m\u00e4\u00e4n mukavaa iltaa WCS-musiikin parissa!<\/p>\n\n\n\n<p>Tapahtuma sopii kaikille West Coast Swingin tanssijoille tasosta riippumatta. Voit tulla yksin tai yhdess\u00e4 \u2013 paria ei tarvitse.<\/p>\n\n\n\n<p>Ennen bileit\u00e4 on tarjolla my\u00f6s loistavaa opetusta <a href=\"https:\/\/www.turkuswingsociety.com\/tss\/west-coast-swing-tiiviskurssi\/\" data-type=\"page\" data-id=\"6532\">West Coast Swing -tiiviskurssilla<\/a>!<\/p>\n\n\n\n<p><strong>Aika: <\/strong>La 16.5. klo 17.15-19.45<br><strong>Paikka:<\/strong> Loiste Studio, Eerikinkatu 7, 3. kerros<br><strong>Hinta:<\/strong> j\u00e4senet 3 \u20ac \/ muut 5 \u20ac<br><strong>Maksutavat:<\/strong> MobilePay tai k\u00e4teinen.<\/p>\n\n\n\n<p>Salin lattia on muovimattoa, joten voi olla hyv\u00e4ksi ottaa pari erilaista kenk\u00e4vaihtoehtoa mukaan.<\/p>\n\n\n\n<p>Tervetuloa tanssimaan!<\/p>\n\n\n\n<div style=\"height:58px\" aria-hidden=\"true\" class=\"wp-block-spacer\"><\/div>\n<\/div>\n\n\n\n<div class=\"wp-block-column is-layout-flow wp-block-column-is-layout-flow\" style=\"flex-basis:15%\"><\/div>\n<\/div>\n\n\n\n<div class=\"wp-block-columns is-layout-flex wp-container-core-columns-is-layout-9d6595d7 wp-block-columns-is-layout-flex\">\n<div class=\"wp-block-column is-layout-flow wp-block-column-is-layout-flow\" style=\"flex-basis:15%\"><\/div>\n\n\n\n<div class=\"wp-block-column is-layout-flow wp-block-column-is-layout-flow\" style=\"flex-basis:70%\">\n<h1 class=\"wp-block-heading has-text-align-center\" id=\"iltatanssit\" style=\"letter-spacing:5px\">Lindy-Westi Iltatanssit<\/h1>\n\n\n\n<hr class=\"wp-block-separator has-alpha-channel-opacity is-style-wide\"\/>\n\n\n\n<p>Suurta suosiota ker\u00e4nneet arki-iltojen West Coast Swing ja Lindy Hop -tanssit jatkuvat taas syksyll\u00e4 Turun opiskelijapiirien sykkiv\u00e4ss\u00e4 syd\u00e4mess\u00e4: kuuluisassa ravintola Proffan Kellarissa.<\/p>\n\n\n\n<p>Iltatanssit ovat seuran j\u00e4rjest\u00e4m\u00e4 ep\u00e4muodollinen ja p\u00e4\u00e4symaksuton, matalan kynnyksen tapahtuma, joka j\u00e4rjestet\u00e4\u00e4n Proffan Kellarin yl\u00e4kerran kabinetissa (Rehtorinpellonkatu 6, Turku). Illan aikana soitamme vuoretellen molempien tanssilajien musiikkia osallistujien toiveiden mukaisesti. Huomioithan, ett\u00e4 tilassa on saumallinen kaakelilattia, joka ei ole v\u00e4ltt\u00e4m\u00e4tt\u00e4 kaikista puhtain. Suosittelemme s\u00e4\u00e4st\u00e4m\u00e4\u00e4n parhaimmat nahkapohjaiset tanssikeng\u00e4t paremmille lattioille!<\/p>\n\n\n\n<p>Kev\u00e4\u00e4n iltatanssien ajankohdat ovat:<\/p>\n\n\n\n<ul class=\"wp-block-list\">\n<li>Pe 30.1. klo 18-21<\/li>\n\n\n\n<li>Pe 13.2. klo 18-21<\/li>\n\n\n\n<li>Pe 27.2. klo 18-21<\/li>\n\n\n\n<li>Pe 20.3 klo 18-21<\/li>\n\n\n\n<li>Pe 10.4. klo 18-21<\/li>\n\n\n\n<li>Pe 24.4. klo 18-21<\/li>\n\n\n\n<li>Pe 8.5. klo 18-21<\/li>\n\n\n\n<li>Pe 22.5. klo 18-21<\/li>\n<\/ul>\n\n\n\n<p>Tervetuloa mukaan, my\u00f6s aloittelijat ja ihan vain lajeista kiinnostuneet!<\/p>\n\n\n\n<div style=\"height:58px\" aria-hidden=\"true\" class=\"wp-block-spacer\"><\/div>\n<\/div>\n\n\n\n<div class=\"wp-block-column is-layout-flow wp-block-column-is-layout-flow\" style=\"flex-basis:15%\"><\/div>\n<\/div>\n\n\n\n<div class=\"wp-block-columns is-layout-flex wp-container-core-columns-is-layout-9d6595d7 wp-block-columns-is-layout-flex\">\n<div class=\"wp-block-column is-layout-flow wp-block-column-is-layout-flow\" style=\"flex-basis:15%\"><\/div>\n\n\n\n<div class=\"wp-block-column is-layout-flow wp-block-column-is-layout-flow\" style=\"flex-basis:70%\">\n<h1 class=\"wp-block-heading has-text-align-center\" id=\"tiistaiwesti\" style=\"letter-spacing:5px\">Kurssitauon tiistaiwestitanssit<\/h1>\n\n\n\n<hr class=\"wp-block-separator has-alpha-channel-opacity is-style-wide\"\/>\n\n\n\n<p>Tiistaiwestitanssit noudattavat pitk\u00e4lti samaa konseptia kuin <a href=\"#iltatanssit\">Lindy-Westi Iltatanssit<\/a>. T\u00e4ll\u00e4 kertaa soitetaan pelkk\u00e4\u00e4 westimusaa &#8211; Lindysta kiinnostuneet voivat suunnata Saaristobaariin <a href=\"https:\/\/www.flyingsteps.fi\/tapahtumat\/\" data-type=\"link\" data-id=\"https:\/\/www.flyingsteps.fi\/tapahtumat\/\">Swing-tiistaille<\/a>.<\/p>\n\n\n\n<p>Tiistaiwestitanssit on oiva mahdollisuus pit\u00e4\u00e4 tanssitaitoja yll\u00e4 viikkokurssien ollessa ylpp\u00e4ritauolla. Pyrit\u00e4\u00e4n soittamaan alkeisyst\u00e4v\u00e4llist\u00e4 musiikkia, jonka tahtiin on helppoa vied\u00e4 ja seurata. Huomioithan, ett\u00e4 tilassa on saumallinen kaakelilattia, joka ei ole v\u00e4ltt\u00e4m\u00e4tt\u00e4 kaikista puhtain. Suosittelemme s\u00e4\u00e4st\u00e4m\u00e4\u00e4n parhaimmat nahkapohjaiset tanssikeng\u00e4t paremmille lattioille!<\/p>\n\n\n\n<p>Paikka on perjantaitansseista tuttu Proffan Kellarin yl\u00e4kerran kabinetti (Rehtoripellonkatu 6, Turku).<\/p>\n\n\n\n<p>Tiistaiwestitanssien ajankohdat ovat:<\/p>\n\n\n\n<ul class=\"wp-block-list\">\n<li>Ti 10.3. klo 18-21<\/li>\n\n\n\n<li>Ti 24.3. klo 18-21<\/li>\n<\/ul>\n\n\n\n<p>Tervetuloa mukaan, my\u00f6s ihan vain lajista kiinnostuneet!<\/p>\n\n\n\n<div style=\"height:58px\" aria-hidden=\"true\" class=\"wp-block-spacer\"><\/div>\n\n\n\n<h1 class=\"wp-block-heading has-text-align-center\" id=\"arkkutango\" style=\"letter-spacing:5px\">Tutustu argentiinalaiseen tangoon VIIKONLOPPUKURSSIN j\u00e4rjest\u00e4mist\u00e4 kokeillaan uudestaan syksyll\u00e4<\/h1>\n\n\n\n<hr class=\"wp-block-separator has-alpha-channel-opacity is-style-wide\"\/>\n\n\n\n<p><strong>Kohderyhm\u00e4:<\/strong> kaikki, jotka haluavat kokeilla\/oppia argentiinalaista tangoa.<\/p>\n\n\n\n<p>Kurssilla perehdyt\u00e4\u00e4n argentiinalaisen tangon perusteisiin: liikekieleen, musiikkiin ja kulttuuriin. Et tarvitse aiempaa tanssikokemusta tai -taitoa osallistuaksesi kurssille. Tunneilla tehd\u00e4\u00e4n harjoituksia yksin sek\u00e4 parittain, opetellaan liikkumaan parin kanssa musiikin mukaan argentiinalaisen tangon erityispiirteet huomioiden.<\/p>\n\n\n\n<p>Mik\u00e4li jo tanssit muita lajeja tai haluat tauon j\u00e4lkeen ottaa argentiinalaisen tangon perusteet uudelleen haltuun, t\u00e4m\u00e4 kurssi sopii mainiosti my\u00f6s sinulle.<\/p>\n\n\n\n<p><strong>Opetuskieli:<\/strong> suomi, tarvittaessa englanti<br><strong>Opettaja:<\/strong> Eeva-Mari Salminen<\/p>\n\n\n\n<p>Voit ilmoittautua parin kanssa tai yksin. Kurssille pyrit\u00e4\u00e4n ottamaan tasam\u00e4\u00e4r\u00e4 vieji\u00e4 ja seuraajia. Parinvaihto on vapaaehtoista, mutta suositeltavaa. Pukeudu mukaviin esim. joustaviin vaatteisiin, joissa on hyv\u00e4 liikkua, matalat tai korolliset tanssi-\/treenikeng\u00e4t mukaan. Harjoitella voi my\u00f6s sukilla.<\/p>\n\n\n\n<p><strong>Aikataulu<\/strong><\/p>\n\n\n\n<p>la ilmoitetaan my\u00f6hemmin<br>klo 11:00-12:15 tunti 1<br>klo 12:30-13:45 tunti 2<\/p>\n\n\n\n<p>su ilmoitetaan my\u00f6hemmin<br>klo 11:00-12:15 tunti 3<br>klo 12:30-13:45 tunti 4<\/p>\n\n\n\n<p><strong>Kurssihinta<\/strong><br>59e\/hl\u00f6<\/p>\n\n\n\n<p><strong>Kurssipaikka<\/strong><br>Flying Steps\/Bolero, SALI3<br>Uhril\u00e4hteenkatu 2, Turku<\/p>\n\n\n\n<p><strong>Ilmoittautuminen<\/strong> s\u00e4hk\u00f6postitse osoitteeseen<br>tangoargentino@turkuswingsociety.com<\/p>\n\n\n\n<p>Ilmoittautumisviestiin <strong>oma nimi, s\u00e4hk\u00f6postiosoite, puhelinnumero ja osoite<\/strong>.<br>Jos osallistut parin kanssa niin my\u00f6s parin nimi, s\u00e4hk\u00f6postiosoite, puhelinnumero ja osoite.<br>Kerro my\u00f6s, osallistutko kurssille viej\u00e4n\u00e4 vai seuraajana.<\/p>\n\n\n\n<p><\/p>\n\n\n\n<div style=\"height:58px\" aria-hidden=\"true\" class=\"wp-block-spacer\"><\/div>\n<\/div>\n\n\n\n<div class=\"wp-block-column is-layout-flow wp-block-column-is-layout-flow\" style=\"flex-basis:15%\"><\/div>\n<\/div>\n\n\n\n<p><\/p>\n","protected":false},"excerpt":{"rendered":"<p>K\u00e4ynniss\u00e4 olevat ilmoittautumiset Tulevia tapahtumia MAALISKUU 9.3 YO-KIRJOITUKSET ALKAVAT, KAIKKI VIIKKOKURSSIT TAUOLLA. Pe 20.3. Lindy-Westi iltatanssit Proffan kellarissa klo 18-21Ti 24.3. kurssitauon tiistaiwestitanssit Proffan kellarissa klo 18-21 30.3. Viikkokurssit jatkuvat HUHTIKUUPe 10.4. Lindy-Westi iltatanssit Proffan kellarissa klo 18-21Pe 24.4. Lindy-Westi iltatanssit Proffan kellarissa klo 18-21La 25.4. &#8211; Su 26.4. Argentiinalaisen tangon viikonloppukurssi peruttiin. Syksyll\u00e4 kokeillaan [&hellip;]<\/p>\n","protected":false},"author":1,"featured_media":0,"parent":0,"menu_order":0,"comment_status":"closed","ping_status":"closed","template":"","meta":{"ocean_post_layout":"","ocean_both_sidebars_style":"","ocean_both_sidebars_content_width":0,"ocean_both_sidebars_sidebars_width":0,"ocean_sidebar":"0","ocean_second_sidebar":"0","ocean_disable_margins":"enable","ocean_add_body_class":"","ocean_shortcode_before_top_bar":"","ocean_shortcode_after_top_bar":"","ocean_shortcode_before_header":"","ocean_shortcode_after_header":"","ocean_has_shortcode":"","ocean_shortcode_after_title":"","ocean_shortcode_before_footer_widgets":"","ocean_shortcode_after_footer_widgets":"","ocean_shortcode_before_footer_bottom":"","ocean_shortcode_after_footer_bottom":"","ocean_display_top_bar":"default","ocean_display_header":"default","ocean_header_style":"","ocean_center_header_left_menu":"0","ocean_custom_header_template":"0","ocean_custom_logo":0,"ocean_custom_retina_logo":0,"ocean_custom_logo_max_width":0,"ocean_custom_logo_tablet_max_width":0,"ocean_custom_logo_mobile_max_width":0,"ocean_custom_logo_max_height":0,"ocean_custom_logo_tablet_max_height":0,"ocean_custom_logo_mobile_max_height":0,"ocean_header_custom_menu":"0","ocean_menu_typo_font_family":"0","ocean_menu_typo_font_subset":"","ocean_menu_typo_font_size":0,"ocean_menu_typo_font_size_tablet":0,"ocean_menu_typo_font_size_mobile":0,"ocean_menu_typo_font_size_unit":"px","ocean_menu_typo_font_weight":"","ocean_menu_typo_font_weight_tablet":"","ocean_menu_typo_font_weight_mobile":"","ocean_menu_typo_transform":"","ocean_menu_typo_transform_tablet":"","ocean_menu_typo_transform_mobile":"","ocean_menu_typo_line_height":0,"ocean_menu_typo_line_height_tablet":0,"ocean_menu_typo_line_height_mobile":0,"ocean_menu_typo_line_height_unit":"","ocean_menu_typo_spacing":0,"ocean_menu_typo_spacing_tablet":0,"ocean_menu_typo_spacing_mobile":0,"ocean_menu_typo_spacing_unit":"","ocean_menu_link_color":"","ocean_menu_link_color_hover":"","ocean_menu_link_color_active":"","ocean_menu_link_background":"","ocean_menu_link_hover_background":"","ocean_menu_link_active_background":"","ocean_menu_social_links_bg":"","ocean_menu_social_hover_links_bg":"","ocean_menu_social_links_color":"","ocean_menu_social_hover_links_color":"","ocean_disable_title":"default","ocean_disable_heading":"default","ocean_post_title":"","ocean_post_subheading":"","ocean_post_title_style":"","ocean_post_title_background_color":"","ocean_post_title_background":0,"ocean_post_title_bg_image_position":"","ocean_post_title_bg_image_attachment":"","ocean_post_title_bg_image_repeat":"","ocean_post_title_bg_image_size":"","ocean_post_title_height":0,"ocean_post_title_bg_overlay":0.5,"ocean_post_title_bg_overlay_color":"","ocean_disable_breadcrumbs":"default","ocean_breadcrumbs_color":"","ocean_breadcrumbs_separator_color":"","ocean_breadcrumbs_links_color":"","ocean_breadcrumbs_links_hover_color":"","ocean_display_footer_widgets":"default","ocean_display_footer_bottom":"default","ocean_custom_footer_template":"0","footnotes":""},"class_list":["post-4170","page","type-page","status-publish","hentry","entry"],"aioseo_notices":[],"_links":{"self":[{"href":"https:\/\/www.turkuswingsociety.com\/tss\/wp-json\/wp\/v2\/pages\/4170","targetHints":{"allow":["GET"]}}],"collection":[{"href":"https:\/\/www.turkuswingsociety.com\/tss\/wp-json\/wp\/v2\/pages"}],"about":[{"href":"https:\/\/www.turkuswingsociety.com\/tss\/wp-json\/wp\/v2\/types\/page"}],"author":[{"embeddable":true,"href":"https:\/\/www.turkuswingsociety.com\/tss\/wp-json\/wp\/v2\/users\/1"}],"replies":[{"embeddable":true,"href":"https:\/\/www.turkuswingsociety.com\/tss\/wp-json\/wp\/v2\/comments?post=4170"}],"version-history":[{"count":356,"href":"https:\/\/www.turkuswingsociety.com\/tss\/wp-json\/wp\/v2\/pages\/4170\/revisions"}],"predecessor-version":[{"id":6548,"href":"https:\/\/www.turkuswingsociety.com\/tss\/wp-json\/wp\/v2\/pages\/4170\/revisions\/6548"}],"wp:attachment":[{"href":"https:\/\/www.turkuswingsociety.com\/tss\/wp-json\/wp\/v2\/media?parent=4170"}],"curies":[{"name":"wp","href":"https:\/\/api.w.org\/{rel}","templated":true}]}}