{"id":3984,"date":"2023-02-06T01:06:48","date_gmt":"2023-02-05T22:06:48","guid":{"rendered":"https:\/\/turkuswingsociety.com\/tss\/?page_id=3984"},"modified":"2025-01-16T21:23:13","modified_gmt":"2025-01-16T18:23:13","slug":"tietoa-meista","status":"publish","type":"page","link":"https:\/\/www.turkuswingsociety.com\/tss\/tietoa-meista\/","title":{"rendered":"Tietoa meist\u00e4"},"content":{"rendered":"\n<div style=\"height:58px\" aria-hidden=\"true\" class=\"wp-block-spacer\"><\/div>\n\n\n\n<div class=\"wp-block-cover alignfull is-light\" style=\"min-height:400px;aspect-ratio:unset;\"><span aria-hidden=\"true\" class=\"wp-block-cover__background has-background-dim-20 has-background-dim wp-block-cover__gradient-background has-background-gradient\" style=\"background:linear-gradient(135deg,rgb(169,184,195) undefined%,rgb(238,238,238) 54%)\"><\/span><img loading=\"lazy\" decoding=\"async\" width=\"1740\" height=\"800\" class=\"wp-block-cover__image-background wp-image-5188\" alt=\"\" src=\"https:\/\/turkuswingsociety.com\/tss\/wp-content\/uploads\/2023\/07\/jerejelena-EXPANDED-mustavalko-cropped-blurred-MERGED-fixed-vari-liila-tiilit-2varia-compressed-darker-2-kapea-compressed.jpg\" style=\"object-position:50% 40%\" data-object-fit=\"cover\" data-object-position=\"50% 40%\" srcset=\"https:\/\/www.turkuswingsociety.com\/tss\/wp-content\/uploads\/2023\/07\/jerejelena-EXPANDED-mustavalko-cropped-blurred-MERGED-fixed-vari-liila-tiilit-2varia-compressed-darker-2-kapea-compressed.jpg 1740w, https:\/\/www.turkuswingsociety.com\/tss\/wp-content\/uploads\/2023\/07\/jerejelena-EXPANDED-mustavalko-cropped-blurred-MERGED-fixed-vari-liila-tiilit-2varia-compressed-darker-2-kapea-compressed-300x138.jpg 300w, https:\/\/www.turkuswingsociety.com\/tss\/wp-content\/uploads\/2023\/07\/jerejelena-EXPANDED-mustavalko-cropped-blurred-MERGED-fixed-vari-liila-tiilit-2varia-compressed-darker-2-kapea-compressed-1024x471.jpg 1024w, https:\/\/www.turkuswingsociety.com\/tss\/wp-content\/uploads\/2023\/07\/jerejelena-EXPANDED-mustavalko-cropped-blurred-MERGED-fixed-vari-liila-tiilit-2varia-compressed-darker-2-kapea-compressed-768x353.jpg 768w, https:\/\/www.turkuswingsociety.com\/tss\/wp-content\/uploads\/2023\/07\/jerejelena-EXPANDED-mustavalko-cropped-blurred-MERGED-fixed-vari-liila-tiilit-2varia-compressed-darker-2-kapea-compressed-1536x706.jpg 1536w, https:\/\/www.turkuswingsociety.com\/tss\/wp-content\/uploads\/2023\/07\/jerejelena-EXPANDED-mustavalko-cropped-blurred-MERGED-fixed-vari-liila-tiilit-2varia-compressed-darker-2-kapea-compressed-18x8.jpg 18w\" sizes=\"auto, (max-width: 1740px) 100vw, 1740px\" \/><div class=\"wp-block-cover__inner-container is-layout-flow wp-block-cover-is-layout-flow\">\n<p class=\"has-text-align-center has-x-large-font-size\" style=\"font-style:normal;font-weight:400;letter-spacing:5px\"><mark style=\"background-color:rgba(0, 0, 0, 0);color:#e2d2f4\" class=\"has-inline-color\">TIETOA MEIST\u00c4<\/mark><\/p>\n<\/div><\/div>\n\n\n\n<div style=\"height:80px\" aria-hidden=\"true\" class=\"wp-block-spacer\"><\/div>\n\n\n\n<div class=\"wp-block-columns is-layout-flex wp-container-core-columns-is-layout-9d6595d7 wp-block-columns-is-layout-flex\">\n<div class=\"wp-block-column is-layout-flow wp-block-column-is-layout-flow\" style=\"flex-basis:15%\"><\/div>\n\n\n\n<div class=\"wp-block-column is-layout-flow wp-block-column-is-layout-flow\" style=\"flex-basis:70%\">\n<h1 class=\"wp-block-heading has-text-align-center\" style=\"letter-spacing:5px\">Turku Swing Society Ry<\/h1>\n\n\n\n<hr class=\"wp-block-separator has-alpha-channel-opacity is-style-wide\"\/>\n\n\n\n<p>Olemme nuorekas swingtansseihin ja argentiinalaiseen tangoon erikoistunut rock\u2019n\u2019swing-paritanssiseura ja aktiivinen tanssiyhteis\u00f6. Turku Swing Society ry (TSS) on perustettu lokakuussa 2005 ja tavoitteenamme on tehd\u00e4 swingtansseja ja argentiinalaista tangoa tunnetuksi, ja olla enemm\u00e4n kuin vain tanssiseura. Haluamme olla yhteis\u00f6, jossa kaikki ovat samalla viivalla ja johon kaikki ovat tervetulleita.<\/p>\n\n\n\n<p>J\u00e4rjest\u00e4mme mahdollisuuksien mukaan viikkotunteja <a href=\"\/tss\/tanssilajit#lindy\" target=\"_blank\" rel=\"noreferrer noopener\">Lindy Hopista<\/a>, <a href=\"\/tss\/tanssilajit#wcs\" target=\"_blank\" rel=\"noreferrer noopener\">West Coast Swingist\u00e4<\/a> ja <a href=\"\/tss\/tanssilajit#tango\" target=\"_blank\" rel=\"noreferrer noopener\">Argentiinalaisesta Tangosta<\/a> syys- ja kev\u00e4tkausittain. Lis\u00e4ksi pid\u00e4mme tanssibileit\u00e4 ja vapaaharjoituksia l\u00e4pi vuoden sek\u00e4 tarjoamme pienimuotoista opetusta kes\u00e4ll\u00e4kin. J\u00e4rjest\u00e4mme my\u00f6s erilaisia viikonloppu- ja tiiviskursseja. Tarjoamme opetusta tasoryhmitt\u00e4in aivan alkeista jo pitk\u00e4\u00e4nkin tanssineille.<\/p>\n\n\n\n<p>Tiedotamme tulevista tapahtumista ja muista ajankohtaisista asioista nettisivuillamme, j\u00e4senkirjeess\u00e4mme sek\u00e4 sosiaalisessa mediassa.&nbsp;Lue lis\u00e4\u00e4 tiedotuksesta <a href=\"\/tss\/tiedotus\" target=\"_blank\" rel=\"noreferrer noopener\">t\u00e4\u00e4ll\u00e4<\/a>.<\/p>\n\n\n\n<p>T\u00e4\u00e4lt\u00e4 l\u00f6yd\u00e4t yhdistyksen ajantasaiset <a href=\"\/tss\/saannot\" target=\"_blank\" rel=\"noreferrer noopener\">s\u00e4\u00e4nn\u00f6t<\/a>, <a href=\"\/tss\/toimintakertomus-ja-suunnitelma\/\" data-type=\"URL\" data-id=\"\/tss\/toimintakertomus-ja-suunnitelma\/\" target=\"_blank\" rel=\"noreferrer noopener\">toimintasuunnitelman ja toimintakertomuksen<\/a> sek\u00e4 <a href=\"\/tss\/jasenrekisteriseloste\" target=\"_blank\" rel=\"noreferrer noopener\">j\u00e4senrekisteriselosteen<\/a>.<\/p>\n<\/div>\n\n\n\n<div class=\"wp-block-column is-layout-flow wp-block-column-is-layout-flow\" style=\"flex-basis:15%\"><\/div>\n<\/div>\n\n\n\n<div style=\"height:58px\" aria-hidden=\"true\" class=\"wp-block-spacer\"><\/div>\n\n\n\n<div class=\"wp-block-columns is-layout-flex wp-container-core-columns-is-layout-9d6595d7 wp-block-columns-is-layout-flex\">\n<div class=\"wp-block-column is-layout-flow wp-block-column-is-layout-flow\" style=\"flex-basis:15%\"><\/div>\n\n\n\n<div class=\"wp-block-column is-layout-flow wp-block-column-is-layout-flow\" style=\"flex-basis:70%\">\n<h1 class=\"wp-block-heading has-text-align-center\" style=\"letter-spacing:5px\">Hallitus ja aktiivit 2025<\/h1>\n\n\n\n<hr class=\"wp-block-separator has-alpha-channel-opacity is-style-wide\"\/>\n\n\n\n<p>Toimintamme perustuu t\u00e4ysin<strong> <\/strong>vapaaehtoisten toimijoiden aktiivisuuteen ja ty\u00f6panokseen. Etsimme jatkuvasti uusia innokkaita apuk\u00e4si\u00e4 pieniin ja v\u00e4h\u00e4n suurempiinkin vastuuteht\u00e4viin yhdistystoiminnan yll\u00e4pit\u00e4miseksi.<\/p>\n\n\n\n<p>Turku Swing Societyn hallituksen kokouksiin ovat kaikki j\u00e4senet tervetulleita. Jos haluat tulla mukaan vaikuttamaan tai vain kuuntelemaan, kysy rohkeasti seuraavaa kokousaikaa puheenjohtajaltamme!<\/p>\n\n\n\n<p>Jos kiinnostuit yhdistystoiminnasta, lue lis\u00e4\u00e4 <a href=\"\/vapaaehtoiseksi\" target=\"_blank\" rel=\"noreferrer noopener\">t\u00e4\u00e4lt\u00e4<\/a>!<\/p>\n\n\n\n<h3 class=\"wp-block-heading\" style=\"letter-spacing:2px\"><strong>Hallituksen j\u00e4senet:<\/strong><\/h3>\n\n\n\n<ul class=\"wp-block-list\">\n<li>Puheenjohtaja ja lindy hop -vastaava:&nbsp;Nuutti Vertanen: puheenjohtaja(at)turkuswingsociety.com, lindyhop(at)turkuswingsociety.com<\/li>\n\n\n\n<li>Varapuheenjohtaja, west coast swing -vastaava, tila- ja musiikkivastaava:&nbsp;Antero Sepp\u00e4nen: wcs(at)turkuswingsociety.com<\/li>\n\n\n\n<li>Sihteeri:&nbsp;Maria Myll\u00e4ri: tiedottaja(at)turkuswingsociety.com<\/li>\n\n\n\n<li>Rahastonhoitaja:&nbsp;Jelena Vuorinen: rahastonhoitaja(at)turkuswingsociety.com<\/li>\n\n\n\n<li>Varaj\u00e4senet: Oona Peltonen, Markus Harteela<\/li>\n<\/ul>\n\n\n\n<h3 class=\"wp-block-heading\" style=\"letter-spacing:2px\"><strong>Hallituksen ulkopuoliset vastaavat:<\/strong><\/h3>\n\n\n\n<ul class=\"wp-block-list\">\n<li>J\u00e4senvastaava sek\u00e4 tietoturva-, tasa-arvo- ja hyvinvointivastaava:&nbsp;Oona Peltonen: jasenvastaava(at)turkuswingsociety.com<\/li>\n\n\n\n<li>Nettisivuvastaava:&nbsp;Mari Salonen<\/li>\n\n\n\n<li>Somevastaava: Ellinoora Havaste<\/li>\n\n\n\n<li>Ilmoittautumisvastaava:&nbsp;Sergey Borisov<\/li>\n\n\n\n<li>Argentiinalaisen tangon lajivastaava:&nbsp;Robert Hafr\u00e9n, tangoargentino(at)turkuswingsociety.com<\/li>\n\n\n\n<li>Avustava WCS-vastaava:&nbsp;Mikko Peltonen de Santiago<\/li>\n<\/ul>\n<\/div>\n\n\n\n<div class=\"wp-block-column is-layout-flow wp-block-column-is-layout-flow\" style=\"flex-basis:15%\"><\/div>\n<\/div>\n\n\n\n<div style=\"height:58px\" aria-hidden=\"true\" class=\"wp-block-spacer\"><\/div>\n\n\n\n<div class=\"wp-block-columns is-layout-flex wp-container-core-columns-is-layout-9d6595d7 wp-block-columns-is-layout-flex\">\n<div class=\"wp-block-column is-layout-flow wp-block-column-is-layout-flow\" style=\"flex-basis:15%\"><\/div>\n\n\n\n<div class=\"wp-block-column is-layout-flow wp-block-column-is-layout-flow\" style=\"flex-basis:70%\">\n<h1 class=\"wp-block-heading has-text-align-center\" style=\"letter-spacing:5px\">Valmentajat 2025<\/h1>\n\n\n\n<hr class=\"wp-block-separator has-alpha-channel-opacity is-style-wide\"\/>\n\n\n\n<p>Valmentajamme ovat pitk\u00e4\u00e4n omaa tanssilajiaan harrastaneita vapaaehtoisia, jotka yll\u00e4pit\u00e4v\u00e4t ja kehitt\u00e4v\u00e4t taitojaan jatkuvasti. Osa valmentajistamme my\u00f6s kilpailee lajissaan.<\/p>\n\n\n\n<ul class=\"wp-block-list\">\n<li>Lindy hop: Jasmin Moussa, Olli Moisio, Marianna Manninen<\/li>\n\n\n\n<li>West coast swing: Terhi Vuovirta, Hannu-Pekka Schukov, Jelena Vuorinen, Disa Sj\u00f6gren, Mikko Peltonen de Santiago, Antero Sepp\u00e4nen, Markus Harteela<\/li>\n\n\n\n<li>Argentiinalainen tango: Eeva-Mari Salminen<\/li>\n<\/ul>\n<\/div>\n\n\n\n<div class=\"wp-block-column is-layout-flow wp-block-column-is-layout-flow\" style=\"flex-basis:15%\"><\/div>\n<\/div>\n\n\n\n<div style=\"height:39px\" aria-hidden=\"true\" class=\"wp-block-spacer\"><\/div>\n","protected":false},"excerpt":{"rendered":"<p>Turku Swing Society Ry Olemme nuorekas swingtansseihin ja argentiinalaiseen tangoon erikoistunut rock\u2019n\u2019swing-paritanssiseura ja aktiivinen tanssiyhteis\u00f6. Turku Swing Society ry (TSS) on perustettu lokakuussa 2005 ja tavoitteenamme on tehd\u00e4 swingtansseja ja argentiinalaista tangoa tunnetuksi, ja olla enemm\u00e4n kuin vain tanssiseura. Haluamme olla yhteis\u00f6, jossa kaikki ovat samalla viivalla ja johon kaikki ovat tervetulleita. J\u00e4rjest\u00e4mme mahdollisuuksien mukaan [&hellip;]<\/p>\n","protected":false},"author":1,"featured_media":0,"parent":0,"menu_order":0,"comment_status":"closed","ping_status":"closed","template":"","meta":{"ocean_post_layout":"","ocean_both_sidebars_style":"","ocean_both_sidebars_content_width":0,"ocean_both_sidebars_sidebars_width":0,"ocean_sidebar":"0","ocean_second_sidebar":"0","ocean_disable_margins":"enable","ocean_add_body_class":"","ocean_shortcode_before_top_bar":"","ocean_shortcode_after_top_bar":"","ocean_shortcode_before_header":"","ocean_shortcode_after_header":"","ocean_has_shortcode":"","ocean_shortcode_after_title":"","ocean_shortcode_before_footer_widgets":"","ocean_shortcode_after_footer_widgets":"","ocean_shortcode_before_footer_bottom":"","ocean_shortcode_after_footer_bottom":"","ocean_display_top_bar":"default","ocean_display_header":"default","ocean_header_style":"","ocean_center_header_left_menu":"0","ocean_custom_header_template":"0","ocean_custom_logo":0,"ocean_custom_retina_logo":0,"ocean_custom_logo_max_width":0,"ocean_custom_logo_tablet_max_width":0,"ocean_custom_logo_mobile_max_width":0,"ocean_custom_logo_max_height":0,"ocean_custom_logo_tablet_max_height":0,"ocean_custom_logo_mobile_max_height":0,"ocean_header_custom_menu":"0","ocean_menu_typo_font_family":"0","ocean_menu_typo_font_subset":"","ocean_menu_typo_font_size":0,"ocean_menu_typo_font_size_tablet":0,"ocean_menu_typo_font_size_mobile":0,"ocean_menu_typo_font_size_unit":"px","ocean_menu_typo_font_weight":"","ocean_menu_typo_font_weight_tablet":"","ocean_menu_typo_font_weight_mobile":"","ocean_menu_typo_transform":"","ocean_menu_typo_transform_tablet":"","ocean_menu_typo_transform_mobile":"","ocean_menu_typo_line_height":0,"ocean_menu_typo_line_height_tablet":0,"ocean_menu_typo_line_height_mobile":0,"ocean_menu_typo_line_height_unit":"","ocean_menu_typo_spacing":0,"ocean_menu_typo_spacing_tablet":0,"ocean_menu_typo_spacing_mobile":0,"ocean_menu_typo_spacing_unit":"","ocean_menu_link_color":"","ocean_menu_link_color_hover":"","ocean_menu_link_color_active":"","ocean_menu_link_background":"","ocean_menu_link_hover_background":"","ocean_menu_link_active_background":"","ocean_menu_social_links_bg":"","ocean_menu_social_hover_links_bg":"","ocean_menu_social_links_color":"","ocean_menu_social_hover_links_color":"","ocean_disable_title":"default","ocean_disable_heading":"default","ocean_post_title":"","ocean_post_subheading":"","ocean_post_title_style":"","ocean_post_title_background_color":"","ocean_post_title_background":0,"ocean_post_title_bg_image_position":"","ocean_post_title_bg_image_attachment":"","ocean_post_title_bg_image_repeat":"","ocean_post_title_bg_image_size":"","ocean_post_title_height":0,"ocean_post_title_bg_overlay":0.5,"ocean_post_title_bg_overlay_color":"","ocean_disable_breadcrumbs":"default","ocean_breadcrumbs_color":"","ocean_breadcrumbs_separator_color":"","ocean_breadcrumbs_links_color":"","ocean_breadcrumbs_links_hover_color":"","ocean_display_footer_widgets":"default","ocean_display_footer_bottom":"default","ocean_custom_footer_template":"0","footnotes":""},"class_list":["post-3984","page","type-page","status-publish","hentry","entry"],"aioseo_notices":[],"_links":{"self":[{"href":"https:\/\/www.turkuswingsociety.com\/tss\/wp-json\/wp\/v2\/pages\/3984","targetHints":{"allow":["GET"]}}],"collection":[{"href":"https:\/\/www.turkuswingsociety.com\/tss\/wp-json\/wp\/v2\/pages"}],"about":[{"href":"https:\/\/www.turkuswingsociety.com\/tss\/wp-json\/wp\/v2\/types\/page"}],"author":[{"embeddable":true,"href":"https:\/\/www.turkuswingsociety.com\/tss\/wp-json\/wp\/v2\/users\/1"}],"replies":[{"embeddable":true,"href":"https:\/\/www.turkuswingsociety.com\/tss\/wp-json\/wp\/v2\/comments?post=3984"}],"version-history":[{"count":61,"href":"https:\/\/www.turkuswingsociety.com\/tss\/wp-json\/wp\/v2\/pages\/3984\/revisions"}],"predecessor-version":[{"id":6234,"href":"https:\/\/www.turkuswingsociety.com\/tss\/wp-json\/wp\/v2\/pages\/3984\/revisions\/6234"}],"wp:attachment":[{"href":"https:\/\/www.turkuswingsociety.com\/tss\/wp-json\/wp\/v2\/media?parent=3984"}],"curies":[{"name":"wp","href":"https:\/\/api.w.org\/{rel}","templated":true}]}}