{"id":3937,"date":"2023-02-05T23:46:18","date_gmt":"2023-02-05T20:46:18","guid":{"rendered":"https:\/\/turkuswingsociety.com\/tss\/?page_id=3937"},"modified":"2023-10-10T17:55:52","modified_gmt":"2023-10-10T14:55:52","slug":"ukk","status":"publish","type":"page","link":"https:\/\/www.turkuswingsociety.com\/tss\/ukk\/","title":{"rendered":"UKK"},"content":{"rendered":"\n<div style=\"height:58px\" aria-hidden=\"true\" class=\"wp-block-spacer\"><\/div>\n\n\n\n<div class=\"wp-block-cover alignfull is-light\" style=\"min-height:400px;aspect-ratio:unset;\"><span aria-hidden=\"true\" class=\"wp-block-cover__background has-background-dim-20 has-background-dim wp-block-cover__gradient-background has-background-gradient\" style=\"background:linear-gradient(135deg,rgb(169,184,195) undefined%,rgb(238,238,238) 54%)\"><\/span><img loading=\"lazy\" decoding=\"async\" width=\"1740\" height=\"800\" class=\"wp-block-cover__image-background wp-image-5188\" alt=\"\" src=\"https:\/\/turkuswingsociety.com\/tss\/wp-content\/uploads\/2023\/07\/jerejelena-EXPANDED-mustavalko-cropped-blurred-MERGED-fixed-vari-liila-tiilit-2varia-compressed-darker-2-kapea-compressed.jpg\" style=\"object-position:50% 40%\" data-object-fit=\"cover\" data-object-position=\"50% 40%\" srcset=\"https:\/\/www.turkuswingsociety.com\/tss\/wp-content\/uploads\/2023\/07\/jerejelena-EXPANDED-mustavalko-cropped-blurred-MERGED-fixed-vari-liila-tiilit-2varia-compressed-darker-2-kapea-compressed.jpg 1740w, https:\/\/www.turkuswingsociety.com\/tss\/wp-content\/uploads\/2023\/07\/jerejelena-EXPANDED-mustavalko-cropped-blurred-MERGED-fixed-vari-liila-tiilit-2varia-compressed-darker-2-kapea-compressed-300x138.jpg 300w, https:\/\/www.turkuswingsociety.com\/tss\/wp-content\/uploads\/2023\/07\/jerejelena-EXPANDED-mustavalko-cropped-blurred-MERGED-fixed-vari-liila-tiilit-2varia-compressed-darker-2-kapea-compressed-1024x471.jpg 1024w, https:\/\/www.turkuswingsociety.com\/tss\/wp-content\/uploads\/2023\/07\/jerejelena-EXPANDED-mustavalko-cropped-blurred-MERGED-fixed-vari-liila-tiilit-2varia-compressed-darker-2-kapea-compressed-768x353.jpg 768w, https:\/\/www.turkuswingsociety.com\/tss\/wp-content\/uploads\/2023\/07\/jerejelena-EXPANDED-mustavalko-cropped-blurred-MERGED-fixed-vari-liila-tiilit-2varia-compressed-darker-2-kapea-compressed-1536x706.jpg 1536w, https:\/\/www.turkuswingsociety.com\/tss\/wp-content\/uploads\/2023\/07\/jerejelena-EXPANDED-mustavalko-cropped-blurred-MERGED-fixed-vari-liila-tiilit-2varia-compressed-darker-2-kapea-compressed-18x8.jpg 18w\" sizes=\"auto, (max-width: 1740px) 100vw, 1740px\" \/><div class=\"wp-block-cover__inner-container is-layout-flow wp-block-cover-is-layout-flow\">\n<p class=\"has-text-align-center has-x-large-font-size\" style=\"font-style:normal;font-weight:400;letter-spacing:5px\"><mark style=\"background-color:rgba(0, 0, 0, 0);color:#e2d2f4\" class=\"has-inline-color\">USEIN KYSYTYT KYSYMYKSET<\/mark><\/p>\n<\/div><\/div>\n\n\n\n<div style=\"height:80px\" aria-hidden=\"true\" class=\"wp-block-spacer\"><\/div>\n\n\n\n<div class=\"wp-block-columns is-layout-flex wp-container-core-columns-is-layout-9d6595d7 wp-block-columns-is-layout-flex\">\n<div class=\"wp-block-column is-layout-flow wp-block-column-is-layout-flow\" style=\"flex-basis:15%\"><\/div>\n\n\n\n<div class=\"wp-block-column is-layout-flow wp-block-column-is-layout-flow\" style=\"flex-basis:70%\">\n<h1 class=\"wp-block-heading has-text-align-center\" style=\"letter-spacing:5px\">Kysymykset aiheittain<\/h1>\n\n\n\n<hr class=\"wp-block-separator has-alpha-channel-opacity is-style-wide\"\/>\n\n\n\n<h3 class=\"wp-block-heading has-text-align-left\" style=\"letter-spacing:2px\">KURSSIT<\/h3>\n\n\n\n<ul class=\"wp-block-list\">\n<li><a href=\"#k1\" data-type=\"internal\" data-id=\"#k1\">En ole aikaisemmin harrastanut askeltakaan tanssia enk\u00e4 paritansseja. Voinko tulla Turku Swing Societyn kursseille?<\/a><\/li>\n\n\n\n<li><a href=\"#k2\" data-type=\"internal\" data-id=\"#k2\">Millaiset varusteet tarvitsen kursseille?<\/a><\/li>\n\n\n\n<li><a href=\"#k3\" data-type=\"internal\" data-id=\"#k3\">Voinko tulla kursseille ilman omaa paria?<\/a><\/li>\n\n\n\n<li><a href=\"#k4\" data-type=\"internal\" data-id=\"#k4\">Voinko tanssia vain oman parini kanssa?<\/a><\/li>\n\n\n\n<li><a href=\"#k5\">Mit\u00e4 kielt\u00e4 tunneilla puhutaan?<\/a><\/li>\n\n\n\n<li><a href=\"#k6\" data-type=\"internal\" data-id=\"#k6\">Pysyyk\u00f6 kurssitarjonta ja -aikataulu samana seuraavallakin kaudella?<\/a><\/li>\n\n\n\n<li><a href=\"#k6-1\" data-type=\"internal\" data-id=\"#k6-1\">Pidet\u00e4\u00e4nk\u00f6 tunnit koulujen lomaviikoilla?<\/a><\/li>\n<\/ul>\n\n\n\n<h3 class=\"wp-block-heading has-text-align-left\" style=\"letter-spacing:2px\">ILMOITTAUTUMINEN<\/h3>\n\n\n\n<ul class=\"wp-block-list\">\n<li><a href=\"#k7\" data-type=\"internal\" data-id=\"#k7\">Milloin kurssit alkavat? Milloin voin ilmoittautua seuraavalle alkeiskurssille?<\/a><\/li>\n\n\n\n<li><a href=\"#k8\" data-type=\"internal\" data-id=\"#k8\">Mit\u00e4 tarkoittavat viej\u00e4 ja seuraaja? Miss\u00e4 roolissa ilmoittaudun kurssille?<\/a><\/li>\n\n\n\n<li><a href=\"#k9\">Milloin saan vahvistuksen kurssille p\u00e4\u00e4syst\u00e4?<\/a><\/li>\n<\/ul>\n\n\n\n<h3 class=\"wp-block-heading has-text-align-left\" style=\"letter-spacing:2px\">MAKSUT<\/h3>\n\n\n\n<ul class=\"wp-block-list\">\n<li><a href=\"#k10\" data-type=\"internal\" data-id=\"#k10\">Voinko osallistua kaikille kursseille samalla kurssimaksulla?<\/a><\/li>\n\n\n\n<li><a href=\"#k11\">Voinko osallistua kursseille kertamaksulla?<\/a><\/li>\n\n\n\n<li><a href=\"#k12\" data-type=\"internal\" data-id=\"#k12\">Voinko maksaa liikuntaedulla?<\/a><\/li>\n\n\n\n<li><a href=\"#k13\" data-type=\"internal\" data-id=\"#k13\">Mik\u00e4 on Turku Swing Societyn tilinumero?<\/a><\/li>\n<\/ul>\n\n\n\n<div style=\"height:58px\" aria-hidden=\"true\" class=\"wp-block-spacer\"><\/div>\n\n\n\n<h1 class=\"wp-block-heading has-text-align-center\" id=\"ilmo\" style=\"letter-spacing:5px\">KURSSIT<\/h1>\n\n\n\n<div class=\"wp-block-group\"><div class=\"wp-block-group__inner-container is-layout-constrained wp-block-group-is-layout-constrained\">\n<hr class=\"wp-block-separator has-alpha-channel-opacity is-style-wide\"\/>\n\n\n\n<h3 class=\"wp-block-heading has-text-align-center\" id=\"k1\" style=\"letter-spacing:2px\"><em>En ole aikaisemmin harrastanut askeltakaan tanssia enk\u00e4 paritansseja. Voinko tulla Turku Swing Societyn kursseille?<\/em><\/h3>\n\n\n\n<p class=\"has-background\" style=\"background-color:#210e5e4f\">Ehdottomasti voit! Alkeiskursseilla ei vaadita mink\u00e4\u00e4nlaista tanssitaustaa. Kaikki, jotka osaavat k\u00e4vell\u00e4 ja laskea v\u00e4hint\u00e4\u00e4n kahdeksaan, pystyv\u00e4t oppimaan paritansseja. Suurin osa aloittaa paritanssit ilman mink\u00e4\u00e4nlaista aikaisemmin hankittua tanssitaitoa ja j\u00e4\u00e4v\u00e4t koukkuun. Tule rohkeasti kokeilemaan! <\/p>\n<\/div><\/div>\n\n\n\n<div class=\"wp-block-group\"><div class=\"wp-block-group__inner-container is-layout-constrained wp-block-group-is-layout-constrained\">\n<h3 class=\"wp-block-heading has-text-align-center\" id=\"k2\" style=\"letter-spacing:2px\"><em>Millaiset varusteet tarvitsen kursseille?<\/em><\/h3>\n\n\n\n<p class=\"has-background\" style=\"background-color:#210e5e4f\">Tule tunneille rennoissa vaatteissa, joissa on mukava liikkua. Et v\u00e4ltt\u00e4m\u00e4tt\u00e4 tarvitse urheiluvaatteita, koska kyseess\u00e4 ei ole urheilusuoritus, vaan tanssillinen liikunta. Tanssiessa voi kuitenkin tulla l\u00e4mmin, joten huomioithan t\u00e4m\u00e4n pukeutumisessasi. Ota mukaan oma juomapullo!<br><br><strong>Swingtansseissa<\/strong> k\u00e4ytet\u00e4\u00e4n yleisesti tasapohjaisia kenki\u00e4, joissa on riitt\u00e4v\u00e4n liukas pohja (ei esimerkiksi kumipohjaisia sis\u00e4pelikenki\u00e4). Emme suosittele ostamaan kalliita tanssikenki\u00e4 ennen kuin olet tutustunut lajin perusteisiin ja huomaat, millaisia jalkineita oikeasti tarvitset. Alkeiskurssilla voit hyvin tanssia esim. vaaleapohjaisilla tennareilla, sukkasillaan tai villasukat jalassa. Jos sinulla on ennest\u00e4\u00e4n esimerkiksi lavatanssikeng\u00e4t tai haljasnahkapohjaiset tanssitossut, ne k\u00e4yv\u00e4t hyvin tanssiharrastukseen.<br><strong>Argentiinalaisessa tangossa<\/strong> korko ei haittaa tanssia, mutta korkokenkiin siirtyminen ei ole v\u00e4ltt\u00e4m\u00e4t\u00f6nt\u00e4 tai suositeltavaa ennen kuin olet l\u00f6yt\u00e4nyt oman tasapainosi ja olet omaksunut lajin perusteet.<br><br>Lis\u00e4tietoa kengist\u00e4 ja varusteista voit kysy\u00e4 lajivastaavilta (ks. <a href=\"\/tss\/yhteystiedot\" data-type=\"URL\" target=\"_blank\" rel=\"noreferrer noopener\">yhteystiedot<\/a>) tai opettajilta. <\/p>\n<\/div><\/div>\n\n\n\n<div class=\"wp-block-group\"><div class=\"wp-block-group__inner-container is-layout-constrained wp-block-group-is-layout-constrained\">\n<h3 class=\"wp-block-heading has-text-align-center\" id=\"k3\" style=\"letter-spacing:2px\"><em>Voinko tulla kursseille ilman omaa paria?<\/em><\/h3>\n\n\n\n<p class=\"has-background\" style=\"background-color:#210e5e4f\">Kursseillemme voi tulla yksin tai parin kanssa. Kaikilla kursseillamme on parinvaihto, joten kaikki halukkaat p\u00e4\u00e4sev\u00e4t tanssimaan. Ilman paria ilmoittautuvat saattavat joutua jonottamaan kurssille p\u00e4\u00e4sy\u00e4, sill\u00e4 pid\u00e4mme kursseillamme huolta hyv\u00e4st\u00e4 viej\u00e4-seuraaja-paritasapainosta. Ilmoittaudu siis ajoissa!<\/p>\n<\/div><\/div>\n\n\n\n<div class=\"wp-block-group\"><div class=\"wp-block-group__inner-container is-layout-constrained wp-block-group-is-layout-constrained\">\n<h3 class=\"wp-block-heading has-text-align-center\" id=\"k4\" style=\"letter-spacing:2px\"><em>Voinko tanssia vain oman parini kanssa?<\/em><\/h3>\n\n\n\n<p class=\"has-background\" style=\"background-color:#210e5e4f\">Kyll\u00e4! Voit halutessasi tanssia kursseilla vain oman parisi kanssa. Huomaathan kuitenkin, ett\u00e4 parinvaihtoon osallistuminen on oppimisen kannalta suositeltavaa.<\/p>\n<\/div><\/div>\n\n\n\n<div class=\"wp-block-group\"><div class=\"wp-block-group__inner-container is-layout-constrained wp-block-group-is-layout-constrained\">\n<h3 class=\"wp-block-heading has-text-align-center\" id=\"k5\" style=\"letter-spacing:2px\"><em>Mit\u00e4 kielt\u00e4 tunneilla puhutaan?<\/em><\/h3>\n\n\n\n<p class=\"has-background\" style=\"background-color:#210e5e4f\">Tunneilla puhutaan l\u00e4ht\u00f6kohtaisesti suomea. Mik\u00e4li kursseilla on osallistujia, jotka eiv\u00e4t ymm\u00e4rr\u00e4 suomen kielt\u00e4, kurssikielen\u00e4 on englanti. T\u00e4ss\u00e4 tapauksessa opetus voidaan k\u00e4\u00e4nt\u00e4\u00e4 tarvittaessa joko osittain tai kokonaan my\u00f6s suomeksi. Vaikka opetus olisi englanniksi, kurssilaiset voivat silti puhua ja esitt\u00e4\u00e4 tunneilla kysymyksi\u00e4 suomeksi. Selvi\u00e4t siis hyvin vain suomen kielen tai vain englannin kielen taidoilla, me pid\u00e4mme siit\u00e4 huolen!<\/p>\n<\/div><\/div>\n\n\n\n<div class=\"wp-block-group\"><div class=\"wp-block-group__inner-container is-layout-constrained wp-block-group-is-layout-constrained\">\n<h3 class=\"wp-block-heading has-text-align-center\" id=\"k6\" style=\"letter-spacing:2px\"><em>Pysyyk\u00f6 kurssitarjonta ja -aikataulu samana seuraavallakin kaudella?<\/em><\/h3>\n\n\n\n<p class=\"has-background\" style=\"background-color:#210e5e4f\">Kurssivalikoimamme vaihtelee lukukausittain. Kursseja j\u00e4rjestet\u00e4\u00e4n sen mukaan, mit\u00e4 liikuntatiloja meill\u00e4 on k\u00e4ytett\u00e4viss\u00e4mme ja keit\u00e4 halukkaita opettajia on saatavilla. Lis\u00e4ksi kurssivalikoima vaihtelee jonkin verran kysynn\u00e4n mukaan. Ohjelmistossa on ollut esimerkiksi my\u00f6s boogie woogien ja bluesin opetusta.<\/p>\n\n\n\n<h3 class=\"wp-block-heading has-text-align-center\" id=\"k6-1\" style=\"letter-spacing:2px\"><em>Pidet\u00e4\u00e4nk\u00f6 tunnit koulujen lomaviikoilla?<\/em><\/h3>\n\n\n\n<p class=\"has-background\" style=\"background-color:#210e5e4f\">Koulujen lomaviikot (syysloma\/hiihtoloma) eiv\u00e4t vaikuta kurssiaikatauluihimme. Huomaa kuitenkin, ett\u00e4 kurssimme saattavat olla sattumalta tauolla samaan aikaan opettajien saatavuudesta riippuen. T\u00e4llaisessa tilanteessa poikkeusaikataulusta ilmoitetaan erikseen ja etuk\u00e4teen s\u00e4hk\u00f6postilla ja nettisivuilla.<\/p>\n<\/div><\/div>\n\n\n\n<div style=\"height:58px\" aria-hidden=\"true\" class=\"wp-block-spacer\"><\/div>\n\n\n\n<h1 class=\"wp-block-heading has-text-align-center\" id=\"ilmo\" style=\"letter-spacing:5px\">ILMOITTAUTUMINEN<\/h1>\n\n\n\n<div class=\"wp-block-group\"><div class=\"wp-block-group__inner-container is-layout-constrained wp-block-group-is-layout-constrained\">\n<hr class=\"wp-block-separator has-alpha-channel-opacity is-style-wide\"\/>\n\n\n\n<h3 class=\"wp-block-heading has-text-align-center\" id=\"k7\" style=\"letter-spacing:2px\"><em>Milloin kurssit alkavat? Milloin voin ilmoittautua seuraavalle alkeiskurssille?<\/em><\/h3>\n\n\n\n<p class=\"has-background\" style=\"background-color:#210e5e4f\">Uudet kurssit alkavat yleens\u00e4 syys-lokakuun ja tammi-helmikuun vaihteissa. Jos sinulta on mennyt ohi kurssien alku, voit osallistua viel\u00e4 toiselle ja viimeist\u00e4\u00e4n kolmannelle kurssikerralle. Joskus j\u00e4rjest\u00e4mme tiiviskursseja my\u00f6s viikonloppuisin ja kes\u00e4isin. Tutustu <a href=\"\/tss\/kurssit\" target=\"_blank\" rel=\"noreferrer noopener\">s\u00e4\u00e4nn\u00f6lliseen kurssitarjontaan<\/a>&nbsp;ja&nbsp;<a href=\"\/tss\/tapahtumat\" target=\"_blank\" rel=\"noreferrer noopener\">ajankohtaisiin tapahtumiin<\/a>. Kurssiaikataulu julkaistaan ennen kauden alkua.<\/p>\n<\/div><\/div>\n\n\n\n<div class=\"wp-block-group\"><div class=\"wp-block-group__inner-container is-layout-constrained wp-block-group-is-layout-constrained\">\n<h3 class=\"wp-block-heading has-text-align-center\" id=\"k8\" style=\"letter-spacing:2px\"><em>Mit\u00e4 tarkoittavat viej\u00e4 ja seuraaja? Miss\u00e4 roolissa ilmoittaudun kurssille?<\/em><\/h3>\n\n\n\n<p class=\"has-background\" style=\"background-color:#210e5e4f\">Viej\u00e4n roolissa oleva nimens\u00e4 mukaisesti vie tanssiparilleen kuvioita oman valintansa mukaan. Seuraaja tulkitsee viej\u00e4n vienti\u00e4 ja tyylittelee tanssista oman n\u00e4k\u00f6ist\u00e4\u00e4n. Lajista riippuen seuraajalla on my\u00f6s mahdollisuus vaikuttaa vientiin enemm\u00e4n tai v\u00e4hemm\u00e4n. Molemmissa rooleissa on omat haasteensa ja hienoutensa. <br>Monet pidemp\u00e4\u00e4n tanssineet opettelevat my\u00f6s vastakkaisen tanssiroolin, sill\u00e4 se kehitt\u00e4\u00e4 molempien roolien taitamista. Molempien roolien osaaminen tekee tanssiharrastuksesta hauskempaa ja monipuolisempaa &#8211; joskus roolia voi vaihtaa lennosta jopa kesken tanssin!<br>Perinteisesti viej\u00e4t ovat olleet miehi\u00e4 ja seuraajat naisia, mutta nyky\u00e4\u00e4n sukupuolella ei ole merkityst\u00e4 tanssiroolin valinnassa. Voit siis ilmoittautua kursseille kummassa roolissa haluat! Muistathan kuitenkin, ett\u00e4 voit olla kurssilla vain yhdess\u00e4 roolissa kerrallaan, jotta tunneilla s\u00e4ilyisi hyv\u00e4 viej\u00e4-seuraaja-tasapaino.<\/p>\n<\/div><\/div>\n\n\n\n<div class=\"wp-block-group\"><div class=\"wp-block-group__inner-container is-layout-constrained wp-block-group-is-layout-constrained\">\n<h3 class=\"wp-block-heading has-text-align-center\" id=\"k9\" style=\"letter-spacing:2px\"><em>Milloin saan vahvistuksen kurssille p\u00e4\u00e4syst\u00e4?<\/em><\/h3>\n\n\n\n<p class=\"has-background\" style=\"background-color:#210e5e4f\">Kurssivahvistuksia l\u00e4hetet\u00e4\u00e4n ilmoittautuneille tasaisin v\u00e4liajoin (n. viikon v\u00e4lein), kun voimme taata kurssin toteutumisen ja sinulle paikan kurssilta. Pid\u00e4mme kursseillamme huolta hyv\u00e4st\u00e4 viej\u00e4-seuraaja-tasapainosta, joten saatat joutua jonottamaan kurssille, mik\u00e4li saman roolin edustajia on ilmoittautunut enemm\u00e4n suhteessa vastakkaiseen rooliin. Voit varmistaa kurssille p\u00e4\u00e4sysi ilmoittautumalla parin kanssa. Voit tiedustella ajankohtaista kurssitilannetta lajivastaavalta milloin vain. <br>Joskus vahvistukset pujahtavat roskapostiin, joten muista tarkistaa my\u00f6s roskapostikansiosi! Joskus vahvistusten l\u00e4hett\u00e4misess\u00e4 on ilmennyt teknisi\u00e4 ongelmia. Ilmoitamme my\u00f6s mik\u00e4li kurssi on t\u00e4ynn\u00e4, joten jos et ole saanut tietoa kurssille p\u00e4\u00e4syst\u00e4, varmistathan kurssistatuksesi lajivastaavalta ennen muiden suunnitelmien tekemist\u00e4!<\/p>\n<\/div><\/div>\n\n\n\n<div style=\"height:58px\" aria-hidden=\"true\" class=\"wp-block-spacer\"><\/div>\n\n\n\n<h1 class=\"wp-block-heading has-text-align-center\" id=\"maksut\" style=\"letter-spacing:5px\">MAKSUT<\/h1>\n\n\n\n<div class=\"wp-block-group\"><div class=\"wp-block-group__inner-container is-layout-constrained wp-block-group-is-layout-constrained\">\n<hr class=\"wp-block-separator has-alpha-channel-opacity is-style-wide\"\/>\n\n\n\n<h3 class=\"wp-block-heading has-text-align-center\" id=\"k10\" style=\"letter-spacing:2px\"><em>Voinko osallistua kaikille kursseille samalla kurssimaksulla?<\/em><\/h3>\n\n\n\n<p class=\"has-background\" style=\"background-color:#210e5e4f\">Kyll\u00e4, ymm\u00e4rsit oikein! Maksut ja maksuk\u00e4yt\u00e4nn\u00f6t vaihtuvat kausittain tilanteen mukaan. T\u00e4ll\u00e4 kaudella voit osallistua kaikille kauden tanssikursseille yhdell\u00e4 kurssimaksulla! Muistathan kuitenkin ilmoittautua jokaiselle haluamallesi kurssille erikseen. <\/p>\n<\/div><\/div>\n\n\n\n<div class=\"wp-block-group\"><div class=\"wp-block-group__inner-container is-layout-constrained wp-block-group-is-layout-constrained\">\n<h3 class=\"wp-block-heading has-text-align-center\" id=\"k11\" style=\"letter-spacing:2px\"><em>Voinko osallistua kursseille kertamaksulla?<\/em><\/h3>\n\n\n\n<p class=\"has-background\" style=\"background-color:#210e5e4f\">L\u00e4ht\u00f6kohtaisesti kursseillemme ei voi tulla kertamaksulla mm. hyv\u00e4n viej\u00e4-seuraaja-tasapainon s\u00e4ilytt\u00e4miseksi, mutta olemme tehneet poikkeuksiakin. <\/p>\n<\/div><\/div>\n\n\n\n<div class=\"wp-block-group\"><div class=\"wp-block-group__inner-container is-layout-constrained wp-block-group-is-layout-constrained\">\n<h3 class=\"wp-block-heading has-text-align-center\" id=\"k12\" style=\"letter-spacing:2px\"><em>Voinko maksaa liikuntaedulla?<\/em><\/h3>\n\n\n\n<p class=\"has-background\" style=\"background-color:#210e5e4f\">T\u00e4ll\u00e4 hetkell\u00e4 kurssi- eik\u00e4 tapahtumamaksuja voi valitettavasti maksaa liikuntaseteleill\u00e4, mutta asia on selvityksess\u00e4.<\/p>\n<\/div><\/div>\n\n\n\n<div class=\"wp-block-group\"><div class=\"wp-block-group__inner-container is-layout-constrained wp-block-group-is-layout-constrained\">\n<h3 class=\"wp-block-heading has-text-align-center\" id=\"k13\" style=\"letter-spacing:2px\"><em>Mik\u00e4 on Turku Swing Societyn tilinumero?<\/em><\/h3>\n\n\n\n<p class=\"has-background\" style=\"background-color:#210e5e4f\">Tilinumero ja taloudenhoitajan s\u00e4hk\u00f6postiosoite l\u00f6ytyv\u00e4t <a href=\"\/tss\/yhteystiedot\" target=\"_blank\" rel=\"noreferrer noopener\">yhteystiedot<\/a>-sivulta. Huomaathan, ett\u00e4 kurssimaksuohjeet (viitenumero, tilinumero ja er\u00e4p\u00e4iv\u00e4) tulevat ilmoittautumisen j\u00e4lkeen erillisen\u00e4 viestin\u00e4 s\u00e4hk\u00f6postiisi. Jos maksuviesti\u00e4 ei l\u00f6ydy, tarkista my\u00f6s roskapostikansiosi! Maksuihin liittyviss\u00e4 kysymyksiss\u00e4 voit k\u00e4\u00e4nty\u00e4 taloudenhoitajamme puoleen.<\/p>\n<\/div><\/div>\n\n\n\n<div style=\"height:58px\" aria-hidden=\"true\" class=\"wp-block-spacer\"><\/div>\n\n\n\n<hr class=\"wp-block-separator has-alpha-channel-opacity is-style-wide\"\/>\n\n\n\n<p class=\"has-text-align-center\">Etk\u00f6 l\u00f6yt\u00e4nyt vastausta kysymykseesi? Ei h\u00e4t\u00e4\u00e4! Kurkkaa <a href=\"\/tss\/yhteystiedot\" data-type=\"URL\" data-id=\"\/tss\/yhteystiedot\" target=\"_blank\" rel=\"noreferrer noopener\">yhteystiedot<\/a>-sivultamme asiaasi sopiva yhteyshenkil\u00f6 ja laita rohkeasti viesti\u00e4! Vastaamme mielell\u00e4mme kaikkiin sinua askarruttaviin kysymyksiin!<\/p>\n<\/div>\n\n\n\n<div class=\"wp-block-column is-layout-flow wp-block-column-is-layout-flow\" style=\"flex-basis:15%\"><\/div>\n<\/div>\n\n\n\n<div style=\"height:58px\" aria-hidden=\"true\" class=\"wp-block-spacer\"><\/div>\n","protected":false},"excerpt":{"rendered":"<p>Kysymykset aiheittain KURSSIT ILMOITTAUTUMINEN MAKSUT KURSSIT En ole aikaisemmin harrastanut askeltakaan tanssia enk\u00e4 paritansseja. Voinko tulla Turku Swing Societyn kursseille? Ehdottomasti voit! Alkeiskursseilla ei vaadita mink\u00e4\u00e4nlaista tanssitaustaa. Kaikki, jotka osaavat k\u00e4vell\u00e4 ja laskea v\u00e4hint\u00e4\u00e4n kahdeksaan, pystyv\u00e4t oppimaan paritansseja. Suurin osa aloittaa paritanssit ilman mink\u00e4\u00e4nlaista aikaisemmin hankittua tanssitaitoa ja j\u00e4\u00e4v\u00e4t koukkuun. Tule rohkeasti kokeilemaan! Millaiset varusteet [&hellip;]<\/p>\n","protected":false},"author":1,"featured_media":0,"parent":0,"menu_order":0,"comment_status":"closed","ping_status":"closed","template":"","meta":{"ocean_post_layout":"","ocean_both_sidebars_style":"","ocean_both_sidebars_content_width":0,"ocean_both_sidebars_sidebars_width":0,"ocean_sidebar":"0","ocean_second_sidebar":"0","ocean_disable_margins":"enable","ocean_add_body_class":"","ocean_shortcode_before_top_bar":"","ocean_shortcode_after_top_bar":"","ocean_shortcode_before_header":"","ocean_shortcode_after_header":"","ocean_has_shortcode":"","ocean_shortcode_after_title":"","ocean_shortcode_before_footer_widgets":"","ocean_shortcode_after_footer_widgets":"","ocean_shortcode_before_footer_bottom":"","ocean_shortcode_after_footer_bottom":"","ocean_display_top_bar":"default","ocean_display_header":"default","ocean_header_style":"","ocean_center_header_left_menu":"0","ocean_custom_header_template":"0","ocean_custom_logo":0,"ocean_custom_retina_logo":0,"ocean_custom_logo_max_width":0,"ocean_custom_logo_tablet_max_width":0,"ocean_custom_logo_mobile_max_width":0,"ocean_custom_logo_max_height":0,"ocean_custom_logo_tablet_max_height":0,"ocean_custom_logo_mobile_max_height":0,"ocean_header_custom_menu":"0","ocean_menu_typo_font_family":"0","ocean_menu_typo_font_subset":"","ocean_menu_typo_font_size":0,"ocean_menu_typo_font_size_tablet":0,"ocean_menu_typo_font_size_mobile":0,"ocean_menu_typo_font_size_unit":"px","ocean_menu_typo_font_weight":"","ocean_menu_typo_font_weight_tablet":"","ocean_menu_typo_font_weight_mobile":"","ocean_menu_typo_transform":"","ocean_menu_typo_transform_tablet":"","ocean_menu_typo_transform_mobile":"","ocean_menu_typo_line_height":0,"ocean_menu_typo_line_height_tablet":0,"ocean_menu_typo_line_height_mobile":0,"ocean_menu_typo_line_height_unit":"","ocean_menu_typo_spacing":0,"ocean_menu_typo_spacing_tablet":0,"ocean_menu_typo_spacing_mobile":0,"ocean_menu_typo_spacing_unit":"","ocean_menu_link_color":"","ocean_menu_link_color_hover":"","ocean_menu_link_color_active":"","ocean_menu_link_background":"","ocean_menu_link_hover_background":"","ocean_menu_link_active_background":"","ocean_menu_social_links_bg":"","ocean_menu_social_hover_links_bg":"","ocean_menu_social_links_color":"","ocean_menu_social_hover_links_color":"","ocean_disable_title":"default","ocean_disable_heading":"default","ocean_post_title":"","ocean_post_subheading":"","ocean_post_title_style":"","ocean_post_title_background_color":"","ocean_post_title_background":0,"ocean_post_title_bg_image_position":"","ocean_post_title_bg_image_attachment":"","ocean_post_title_bg_image_repeat":"","ocean_post_title_bg_image_size":"","ocean_post_title_height":0,"ocean_post_title_bg_overlay":0.5,"ocean_post_title_bg_overlay_color":"","ocean_disable_breadcrumbs":"default","ocean_breadcrumbs_color":"","ocean_breadcrumbs_separator_color":"","ocean_breadcrumbs_links_color":"","ocean_breadcrumbs_links_hover_color":"","ocean_display_footer_widgets":"default","ocean_display_footer_bottom":"default","ocean_custom_footer_template":"0","footnotes":""},"class_list":["post-3937","page","type-page","status-publish","hentry","entry"],"aioseo_notices":[],"_links":{"self":[{"href":"https:\/\/www.turkuswingsociety.com\/tss\/wp-json\/wp\/v2\/pages\/3937","targetHints":{"allow":["GET"]}}],"collection":[{"href":"https:\/\/www.turkuswingsociety.com\/tss\/wp-json\/wp\/v2\/pages"}],"about":[{"href":"https:\/\/www.turkuswingsociety.com\/tss\/wp-json\/wp\/v2\/types\/page"}],"author":[{"embeddable":true,"href":"https:\/\/www.turkuswingsociety.com\/tss\/wp-json\/wp\/v2\/users\/1"}],"replies":[{"embeddable":true,"href":"https:\/\/www.turkuswingsociety.com\/tss\/wp-json\/wp\/v2\/comments?post=3937"}],"version-history":[{"count":91,"href":"https:\/\/www.turkuswingsociety.com\/tss\/wp-json\/wp\/v2\/pages\/3937\/revisions"}],"predecessor-version":[{"id":5586,"href":"https:\/\/www.turkuswingsociety.com\/tss\/wp-json\/wp\/v2\/pages\/3937\/revisions\/5586"}],"wp:attachment":[{"href":"https:\/\/www.turkuswingsociety.com\/tss\/wp-json\/wp\/v2\/media?parent=3937"}],"curies":[{"name":"wp","href":"https:\/\/api.w.org\/{rel}","templated":true}]}}