{"id":3886,"date":"2023-02-05T22:32:55","date_gmt":"2023-02-05T19:32:55","guid":{"rendered":"https:\/\/turkuswingsociety.com\/tss\/?page_id=3886"},"modified":"2025-09-01T19:57:32","modified_gmt":"2025-09-01T16:57:32","slug":"hinnasto","status":"publish","type":"page","link":"https:\/\/www.turkuswingsociety.com\/tss\/hinnasto\/","title":{"rendered":"Hinnasto"},"content":{"rendered":"\n<div style=\"height:58px\" aria-hidden=\"true\" class=\"wp-block-spacer\"><\/div>\n\n\n\n<div class=\"wp-block-cover alignfull is-light\" style=\"min-height:400px;aspect-ratio:unset;\"><img loading=\"lazy\" decoding=\"async\" width=\"1740\" height=\"800\" class=\"wp-block-cover__image-background wp-image-5188\" alt=\"\" src=\"https:\/\/turkuswingsociety.com\/tss\/wp-content\/uploads\/2023\/07\/jerejelena-EXPANDED-mustavalko-cropped-blurred-MERGED-fixed-vari-liila-tiilit-2varia-compressed-darker-2-kapea-compressed.jpg\" style=\"object-position:50% 40%\" data-object-fit=\"cover\" data-object-position=\"50% 40%\" srcset=\"https:\/\/www.turkuswingsociety.com\/tss\/wp-content\/uploads\/2023\/07\/jerejelena-EXPANDED-mustavalko-cropped-blurred-MERGED-fixed-vari-liila-tiilit-2varia-compressed-darker-2-kapea-compressed.jpg 1740w, https:\/\/www.turkuswingsociety.com\/tss\/wp-content\/uploads\/2023\/07\/jerejelena-EXPANDED-mustavalko-cropped-blurred-MERGED-fixed-vari-liila-tiilit-2varia-compressed-darker-2-kapea-compressed-300x138.jpg 300w, https:\/\/www.turkuswingsociety.com\/tss\/wp-content\/uploads\/2023\/07\/jerejelena-EXPANDED-mustavalko-cropped-blurred-MERGED-fixed-vari-liila-tiilit-2varia-compressed-darker-2-kapea-compressed-1024x471.jpg 1024w, https:\/\/www.turkuswingsociety.com\/tss\/wp-content\/uploads\/2023\/07\/jerejelena-EXPANDED-mustavalko-cropped-blurred-MERGED-fixed-vari-liila-tiilit-2varia-compressed-darker-2-kapea-compressed-768x353.jpg 768w, https:\/\/www.turkuswingsociety.com\/tss\/wp-content\/uploads\/2023\/07\/jerejelena-EXPANDED-mustavalko-cropped-blurred-MERGED-fixed-vari-liila-tiilit-2varia-compressed-darker-2-kapea-compressed-1536x706.jpg 1536w, https:\/\/www.turkuswingsociety.com\/tss\/wp-content\/uploads\/2023\/07\/jerejelena-EXPANDED-mustavalko-cropped-blurred-MERGED-fixed-vari-liila-tiilit-2varia-compressed-darker-2-kapea-compressed-18x8.jpg 18w\" sizes=\"auto, (max-width: 1740px) 100vw, 1740px\" \/><span aria-hidden=\"true\" class=\"wp-block-cover__background has-background-dim-20 has-background-dim wp-block-cover__gradient-background has-background-gradient\" style=\"background:linear-gradient(135deg,rgb(169,184,195) undefined%,rgb(238,238,238) 54%)\"><\/span><div class=\"wp-block-cover__inner-container is-layout-flow wp-block-cover-is-layout-flow\">\n<p class=\"has-text-align-center has-x-large-font-size\" style=\"font-style:normal;font-weight:400;letter-spacing:5px\"><mark style=\"background-color:rgba(0, 0, 0, 0);color:#e2d2f4\" class=\"has-inline-color\">HINNASTO<\/mark><\/p>\n<\/div><\/div>\n\n\n\n<div style=\"height:80px\" aria-hidden=\"true\" class=\"wp-block-spacer\"><\/div>\n\n\n\n<div class=\"wp-block-columns is-layout-flex wp-container-core-columns-is-layout-9d6595d7 wp-block-columns-is-layout-flex\">\n<div class=\"wp-block-column is-layout-flow wp-block-column-is-layout-flow\" style=\"flex-basis:15%\"><\/div>\n\n\n\n<div class=\"wp-block-column is-layout-flow wp-block-column-is-layout-flow\" style=\"flex-basis:70%\">\n<h1 class=\"wp-block-heading has-text-align-center\" style=\"letter-spacing:5px\">Syyskauden hinnat 2025<\/h1>\n\n\n\n<hr class=\"wp-block-separator has-alpha-channel-opacity is-style-wide\"\/>\n\n\n\n<div class=\"wp-block-columns are-vertically-aligned-center has-background is-layout-flex wp-container-core-columns-is-layout-9d6595d7 wp-block-columns-is-layout-flex\" style=\"background-color:#210e5e4f\">\n<div class=\"wp-block-column is-vertically-aligned-center is-layout-flow wp-block-column-is-layout-flow\">\n<div style=\"height:20px\" aria-hidden=\"true\" class=\"wp-block-spacer\"><\/div>\n\n\n\n<h3 class=\"wp-block-heading has-text-align-right\" style=\"letter-spacing:2px\"><strong>Alennusryhm\u00e4t<\/strong><\/h3>\n\n\n\n<p class=\"has-text-align-right\">55 \u20ac \/ 11 kertaa (CampusSport: 45 \u20ac)<\/p>\n<\/div>\n\n\n\n<div class=\"wp-block-column is-vertically-aligned-center is-layout-flow wp-block-column-is-layout-flow\">\n<div style=\"height:20px\" aria-hidden=\"true\" class=\"wp-block-spacer\"><\/div>\n\n\n\n<h3 class=\"wp-block-heading has-text-align-center\" style=\"letter-spacing:2px\"><strong>Ty\u00f6ss\u00e4k\u00e4yv\u00e4t<\/strong><\/h3>\n\n\n\n<p class=\"has-text-align-center\">110 \u20ac \/ 11 kertaa (CampusSport: 100 \u20ac)<\/p>\n<\/div>\n\n\n\n<div class=\"wp-block-column is-layout-flow wp-block-column-is-layout-flow\">\n<div style=\"height:20px\" aria-hidden=\"true\" class=\"wp-block-spacer\"><\/div>\n\n\n\n<h3 class=\"wp-block-heading\" style=\"letter-spacing:2px\"><strong>J\u00e4senmaksu<\/strong><\/h3>\n\n\n\n<p><strong>25 \u20ac<\/strong> \/ kalenterivuosi<br>(tammikuu-joulukuu)<\/p>\n<\/div>\n<\/div>\n\n\n\n<ul class=\"wp-block-list\">\n<li>Tule kokeilemaan kurssejamme&nbsp;<strong>ILMAISEKSI<\/strong>&nbsp;ensimm\u00e4iselle kerralle ilman ennakkoilmoittautumista! Muista kuitenkin, ett\u00e4 pid\u00e4mme kursseilla huolta viej\u00e4-seuraaja-tasapainosta, joten saat kurssilta varmemmin paikan ilmoittautuessasi ennakkoon tai parin kanssa!<\/li>\n\n\n\n<li>Kurssimaksun maksaneena voit osallistua <strong>kauden kaikille kursseille samaan hintaan!<\/strong> Muista ilmoittautua kaikille haluamillesi kursseille ennakkoon.<\/li>\n\n\n\n<li>Kauden kurssimaksuun lis\u00e4t\u00e4\u00e4n j\u00e4senmaksu, joka maksetaan kerran kalenterivuodessa (tammikuu\u2013joulukuu).<\/li>\n\n\n\n<li>Tarjoamme reilusti alennetun hinnan v\u00e4h\u00e4varaisille (opiskelijat, jatko-opiskelijat, ty\u00f6tt\u00f6m\u00e4t ja el\u00e4kel\u00e4iset). CampusSportin j\u00e4senet ovat oikeutettuja lis\u00e4alennukseen.<\/li>\n\n\n\n<li>Voit ilmoittautua my\u00f6s vain <a href=\"https:\/\/www.turkuswingsociety.com\/tss\/jaseneksi\/\" target=\"_blank\" rel=\"noopener\" title=\"\">j\u00e4seneksi<\/a>, jolloin p\u00e4\u00e4set nauttimaan j\u00e4seneduistamme ja annat tukesi Turku Swing Societylle.<\/li>\n\n\n\n<li>Maksuohjeet l\u00e4hetet\u00e4\u00e4n ilmoittautuneille, kun kurssilaisvalinnat ovat valmiit. Muista tarkistaa my\u00f6s roskapostikansiosi!<\/li>\n<\/ul>\n\n\n\n<div style=\"height:58px\" aria-hidden=\"true\" class=\"wp-block-spacer\"><\/div>\n\n\n\n<h1 class=\"wp-block-heading has-text-align-center\">J\u00e4senedut<\/h1>\n\n\n\n<hr class=\"wp-block-separator has-alpha-channel-opacity is-style-wide\"\/>\n\n\n\n<p>Turku Swing Societyn j\u00e4senen\u00e4 saat nauttia seuraavista j\u00e4seneduista:<\/p>\n\n\n\n<ul class=\"wp-block-list\">\n<li>Alennetut hinnat bileist\u00e4 ja vapaaharjoituksista<\/li>\n\n\n\n<li>Alennetut hinnat <a href=\"https:\/\/www.turkuswingsociety.com\/tss\/kannatustuotteet\/\" target=\"_blank\" rel=\"noopener\" title=\"\">kannatustuotteista<\/a><\/li>\n\n\n\n<li><a href=\"http:\/\/www.susel.fi\/j%C3%A4senetupaikat\" data-type=\"URL\" data-id=\"http:\/\/www.susel.fi\/j%C3%A4senetupaikat\" target=\"_blank\" rel=\"noreferrer noopener\">Suomen Seuratanssiliiton SUSEL:in<\/a> j\u00e4senedut<\/li>\n<\/ul>\n\n\n\n<p>Eik\u00e4 siin\u00e4 viel\u00e4 kaikki! Osallistumalla kursseillemme ja tapahtumiin saat lis\u00e4ksi elinik\u00e4isen tanssiharrastuksen, uusia yst\u00e4vi\u00e4 ja ymp\u00e4rillesi nuorekkaan ja innostavan yhteis\u00f6n!<\/p>\n\n\n\n<div style=\"height:58px\" aria-hidden=\"true\" class=\"wp-block-spacer\"><\/div>\n\n\n\n<h1 class=\"wp-block-heading has-text-align-center\">Lahjakortit<\/h1>\n\n\n\n<hr class=\"wp-block-separator has-alpha-channel-opacity is-style-wide\"\/>\n\n\n\n<p>Yll\u00e4t\u00e4 l\u00e4heisesi tanssint\u00e4yteisell\u00e4 lahjalla! Saat lahjakortista haluamasi summan arvoisen, ja se toimii maksuv\u00e4lineen\u00e4 Turku Swing Societyn tanssikursseilla ja tapahtumissa vuoden ajan ostohetkest\u00e4. Lis\u00e4tietoja saat ottamalla yhteytt\u00e4 j\u00e4senvastaavaamme: jasenvastaava(at)turkuswingsociety.com!<\/p>\n\n\n\n<div style=\"height:58px\" aria-hidden=\"true\" class=\"wp-block-spacer\"><\/div>\n<\/div>\n\n\n\n<div class=\"wp-block-column is-layout-flow wp-block-column-is-layout-flow\" style=\"flex-basis:15%\"><\/div>\n<\/div>\n","protected":false},"excerpt":{"rendered":"<p>Syyskauden hinnat 2025 Alennusryhm\u00e4t 55 \u20ac \/ 11 kertaa (CampusSport: 45 \u20ac) Ty\u00f6ss\u00e4k\u00e4yv\u00e4t 110 \u20ac \/ 11 kertaa (CampusSport: 100 \u20ac) J\u00e4senmaksu 25 \u20ac \/ kalenterivuosi(tammikuu-joulukuu) J\u00e4senedut Turku Swing Societyn j\u00e4senen\u00e4 saat nauttia seuraavista j\u00e4seneduista: Eik\u00e4 siin\u00e4 viel\u00e4 kaikki! Osallistumalla kursseillemme ja tapahtumiin saat lis\u00e4ksi elinik\u00e4isen tanssiharrastuksen, uusia yst\u00e4vi\u00e4 ja ymp\u00e4rillesi nuorekkaan ja innostavan yhteis\u00f6n! [&hellip;]<\/p>\n","protected":false},"author":1,"featured_media":0,"parent":0,"menu_order":0,"comment_status":"closed","ping_status":"closed","template":"","meta":{"ocean_post_layout":"","ocean_both_sidebars_style":"","ocean_both_sidebars_content_width":0,"ocean_both_sidebars_sidebars_width":0,"ocean_sidebar":"0","ocean_second_sidebar":"0","ocean_disable_margins":"enable","ocean_add_body_class":"","ocean_shortcode_before_top_bar":"","ocean_shortcode_after_top_bar":"","ocean_shortcode_before_header":"","ocean_shortcode_after_header":"","ocean_has_shortcode":"","ocean_shortcode_after_title":"","ocean_shortcode_before_footer_widgets":"","ocean_shortcode_after_footer_widgets":"","ocean_shortcode_before_footer_bottom":"","ocean_shortcode_after_footer_bottom":"","ocean_display_top_bar":"default","ocean_display_header":"default","ocean_header_style":"","ocean_center_header_left_menu":"0","ocean_custom_header_template":"0","ocean_custom_logo":0,"ocean_custom_retina_logo":0,"ocean_custom_logo_max_width":0,"ocean_custom_logo_tablet_max_width":0,"ocean_custom_logo_mobile_max_width":0,"ocean_custom_logo_max_height":0,"ocean_custom_logo_tablet_max_height":0,"ocean_custom_logo_mobile_max_height":0,"ocean_header_custom_menu":"0","ocean_menu_typo_font_family":"0","ocean_menu_typo_font_subset":"","ocean_menu_typo_font_size":0,"ocean_menu_typo_font_size_tablet":0,"ocean_menu_typo_font_size_mobile":0,"ocean_menu_typo_font_size_unit":"px","ocean_menu_typo_font_weight":"","ocean_menu_typo_font_weight_tablet":"","ocean_menu_typo_font_weight_mobile":"","ocean_menu_typo_transform":"","ocean_menu_typo_transform_tablet":"","ocean_menu_typo_transform_mobile":"","ocean_menu_typo_line_height":0,"ocean_menu_typo_line_height_tablet":0,"ocean_menu_typo_line_height_mobile":0,"ocean_menu_typo_line_height_unit":"","ocean_menu_typo_spacing":0,"ocean_menu_typo_spacing_tablet":0,"ocean_menu_typo_spacing_mobile":0,"ocean_menu_typo_spacing_unit":"","ocean_menu_link_color":"","ocean_menu_link_color_hover":"","ocean_menu_link_color_active":"","ocean_menu_link_background":"","ocean_menu_link_hover_background":"","ocean_menu_link_active_background":"","ocean_menu_social_links_bg":"","ocean_menu_social_hover_links_bg":"","ocean_menu_social_links_color":"","ocean_menu_social_hover_links_color":"","ocean_disable_title":"default","ocean_disable_heading":"default","ocean_post_title":"","ocean_post_subheading":"","ocean_post_title_style":"","ocean_post_title_background_color":"","ocean_post_title_background":0,"ocean_post_title_bg_image_position":"","ocean_post_title_bg_image_attachment":"","ocean_post_title_bg_image_repeat":"","ocean_post_title_bg_image_size":"","ocean_post_title_height":0,"ocean_post_title_bg_overlay":0.5,"ocean_post_title_bg_overlay_color":"","ocean_disable_breadcrumbs":"default","ocean_breadcrumbs_color":"","ocean_breadcrumbs_separator_color":"","ocean_breadcrumbs_links_color":"","ocean_breadcrumbs_links_hover_color":"","ocean_display_footer_widgets":"default","ocean_display_footer_bottom":"default","ocean_custom_footer_template":"0","footnotes":""},"class_list":["post-3886","page","type-page","status-publish","hentry","entry"],"aioseo_notices":[],"_links":{"self":[{"href":"https:\/\/www.turkuswingsociety.com\/tss\/wp-json\/wp\/v2\/pages\/3886","targetHints":{"allow":["GET"]}}],"collection":[{"href":"https:\/\/www.turkuswingsociety.com\/tss\/wp-json\/wp\/v2\/pages"}],"about":[{"href":"https:\/\/www.turkuswingsociety.com\/tss\/wp-json\/wp\/v2\/types\/page"}],"author":[{"embeddable":true,"href":"https:\/\/www.turkuswingsociety.com\/tss\/wp-json\/wp\/v2\/users\/1"}],"replies":[{"embeddable":true,"href":"https:\/\/www.turkuswingsociety.com\/tss\/wp-json\/wp\/v2\/comments?post=3886"}],"version-history":[{"count":72,"href":"https:\/\/www.turkuswingsociety.com\/tss\/wp-json\/wp\/v2\/pages\/3886\/revisions"}],"predecessor-version":[{"id":6380,"href":"https:\/\/www.turkuswingsociety.com\/tss\/wp-json\/wp\/v2\/pages\/3886\/revisions\/6380"}],"wp:attachment":[{"href":"https:\/\/www.turkuswingsociety.com\/tss\/wp-json\/wp\/v2\/media?parent=3886"}],"curies":[{"name":"wp","href":"https:\/\/api.w.org\/{rel}","templated":true}]}}