{"id":3810,"date":"2023-02-05T20:07:44","date_gmt":"2023-02-05T17:07:44","guid":{"rendered":"https:\/\/turkuswingsociety.com\/tss\/?page_id=3810"},"modified":"2025-09-01T19:53:56","modified_gmt":"2025-09-01T16:53:56","slug":"yhteystiedot","status":"publish","type":"page","link":"https:\/\/www.turkuswingsociety.com\/tss\/yhteystiedot\/","title":{"rendered":"Yhteystiedot"},"content":{"rendered":"\n<div style=\"height:58px\" aria-hidden=\"true\" class=\"wp-block-spacer\"><\/div>\n\n\n\n<div class=\"wp-block-cover alignfull is-light\" style=\"min-height:400px;aspect-ratio:unset;\"><img loading=\"lazy\" decoding=\"async\" width=\"1740\" height=\"800\" class=\"wp-block-cover__image-background wp-image-5188\" alt=\"\" src=\"https:\/\/turkuswingsociety.com\/tss\/wp-content\/uploads\/2023\/07\/jerejelena-EXPANDED-mustavalko-cropped-blurred-MERGED-fixed-vari-liila-tiilit-2varia-compressed-darker-2-kapea-compressed.jpg\" style=\"object-position:50% 40%\" data-object-fit=\"cover\" data-object-position=\"50% 40%\" srcset=\"https:\/\/www.turkuswingsociety.com\/tss\/wp-content\/uploads\/2023\/07\/jerejelena-EXPANDED-mustavalko-cropped-blurred-MERGED-fixed-vari-liila-tiilit-2varia-compressed-darker-2-kapea-compressed.jpg 1740w, https:\/\/www.turkuswingsociety.com\/tss\/wp-content\/uploads\/2023\/07\/jerejelena-EXPANDED-mustavalko-cropped-blurred-MERGED-fixed-vari-liila-tiilit-2varia-compressed-darker-2-kapea-compressed-300x138.jpg 300w, https:\/\/www.turkuswingsociety.com\/tss\/wp-content\/uploads\/2023\/07\/jerejelena-EXPANDED-mustavalko-cropped-blurred-MERGED-fixed-vari-liila-tiilit-2varia-compressed-darker-2-kapea-compressed-1024x471.jpg 1024w, https:\/\/www.turkuswingsociety.com\/tss\/wp-content\/uploads\/2023\/07\/jerejelena-EXPANDED-mustavalko-cropped-blurred-MERGED-fixed-vari-liila-tiilit-2varia-compressed-darker-2-kapea-compressed-768x353.jpg 768w, https:\/\/www.turkuswingsociety.com\/tss\/wp-content\/uploads\/2023\/07\/jerejelena-EXPANDED-mustavalko-cropped-blurred-MERGED-fixed-vari-liila-tiilit-2varia-compressed-darker-2-kapea-compressed-1536x706.jpg 1536w, https:\/\/www.turkuswingsociety.com\/tss\/wp-content\/uploads\/2023\/07\/jerejelena-EXPANDED-mustavalko-cropped-blurred-MERGED-fixed-vari-liila-tiilit-2varia-compressed-darker-2-kapea-compressed-18x8.jpg 18w\" sizes=\"auto, (max-width: 1740px) 100vw, 1740px\" \/><span aria-hidden=\"true\" class=\"wp-block-cover__background has-background-dim-20 has-background-dim wp-block-cover__gradient-background has-background-gradient\" style=\"background:linear-gradient(135deg,rgb(169,184,195) undefined%,rgb(238,238,238) 54%)\"><\/span><div class=\"wp-block-cover__inner-container is-layout-flow wp-block-cover-is-layout-flow\">\n<p class=\"has-text-align-center has-x-large-font-size\" style=\"font-style:normal;font-weight:400;letter-spacing:5px\"><mark style=\"background-color:rgba(0, 0, 0, 0);color:#e2d2f4\" class=\"has-inline-color\">YHTEYSTIEDOT<\/mark><\/p>\n<\/div><\/div>\n\n\n\n<div style=\"height:80px\" aria-hidden=\"true\" class=\"wp-block-spacer\"><\/div>\n\n\n\n<div class=\"wp-block-columns is-layout-flex wp-container-core-columns-is-layout-9d6595d7 wp-block-columns-is-layout-flex\">\n<div class=\"wp-block-column is-layout-flow wp-block-column-is-layout-flow\" style=\"flex-basis:15%\"><\/div>\n\n\n\n<div class=\"wp-block-column is-layout-flow wp-block-column-is-layout-flow\" style=\"flex-basis:70%\">\n<h1 class=\"wp-block-heading has-text-align-center\" style=\"letter-spacing:5px\">Ota yhteytt\u00e4<\/h1>\n\n\n\n<hr class=\"wp-block-separator has-alpha-channel-opacity is-style-wide\"\/>\n\n\n\n<div style=\"height:18px\" aria-hidden=\"true\" class=\"wp-block-spacer\"><\/div>\n\n\n\n<div class=\"wp-block-columns is-layout-flex wp-container-core-columns-is-layout-9d6595d7 wp-block-columns-is-layout-flex\">\n<div class=\"wp-block-column is-layout-flow wp-block-column-is-layout-flow\">\n<h3 class=\"wp-block-heading has-text-align-left\" style=\"letter-spacing:2px\">Tanssilajikohtaiset asiat&nbsp;<br>(kurssit, tapahtumat yms.):<\/h3>\n\n\n\n<ul class=\"wp-block-list\">\n<li>lindyhop(at)turkuswingsociety.com <\/li>\n\n\n\n<li>wcs(at)turkuswingsociety.com<\/li>\n\n\n\n<li>tangoargentino(at)turkuswingsociety.com<\/li>\n<\/ul>\n\n\n\n<h3 class=\"wp-block-heading\" style=\"letter-spacing:2px\">Kurssimaksut:<\/h3>\n\n\n\n<ul class=\"wp-block-list\">\n<li>rahastonhoitaja(at)turkuswingsociety.com<\/li>\n<\/ul>\n<\/div>\n\n\n\n<div class=\"wp-block-column is-layout-flow wp-block-column-is-layout-flow\">\n<h3 class=\"wp-block-heading\" style=\"letter-spacing:2px\">Yhteisty\u00f6 ja esiintyminen:<\/h3>\n\n\n\n<ul class=\"wp-block-list\">\n<li>puheenjohtaja(at)turkuswingsociety.com<\/li>\n<\/ul>\n\n\n\n<h3 class=\"wp-block-heading\" style=\"letter-spacing:2px\">Tiedotus:<\/h3>\n\n\n\n<ul class=\"wp-block-list\">\n<li>tiedottaja(at)turkuswingsociety.com<\/li>\n<\/ul>\n\n\n\n<h3 class=\"wp-block-heading\" style=\"letter-spacing:2px\"><strong>Muut asiat&nbsp;<\/strong>(j\u00e4senkortit, h\u00e4irint\u00e4, lahjakortit, kurssitarjonta yms.):<\/h3>\n\n\n\n<ul class=\"wp-block-list\">\n<li>jasenvastaava(at)turkuswingsociety.com<\/li>\n<\/ul>\n<\/div>\n<\/div>\n\n\n\n<hr class=\"wp-block-separator has-alpha-channel-opacity is-style-wide\"\/>\n\n\n\n<div style=\"height:18px\" aria-hidden=\"true\" class=\"wp-block-spacer\"><\/div>\n\n\n\n<p>Huomaathan, ett\u00e4 yleisimpiin kysymyksiin l\u00f6ytyy vastauksia <a href=\"\/tss\/ukk\" target=\"_blank\" rel=\"noreferrer noopener\">Usein kysytyt kysymykset<\/a> -sivultamme.<\/p>\n\n\n\n<p>Voit l\u00e4hett\u00e4\u00e4 meille my\u00f6s anonyymi\u00e4 palautetta sivuiltamme l\u00f6ytyv\u00e4n&nbsp;<a href=\"\/tss\/palaute\/\" target=\"_blank\" rel=\"noreferrer noopener\">palautelomakkeen<\/a>&nbsp;kautta.<br>Vastaamme my\u00f6s&nbsp;<a rel=\"noreferrer noopener\" href=\"https:\/\/www.facebook.com\/turkuswingsociety\" target=\"_blank\">Facebookin<\/a>&nbsp;kautta l\u00e4hetettyihin yksityisviesteihin. Pyrimme vastaamaan kysymyksiin ja kommentteihin mahdollisimman nopeasti!<\/p>\n<\/div>\n\n\n\n<div class=\"wp-block-column is-layout-flow wp-block-column-is-layout-flow\" style=\"flex-basis:15%\"><\/div>\n<\/div>\n\n\n\n<div style=\"height:58px\" aria-hidden=\"true\" class=\"wp-block-spacer\"><\/div>\n\n\n\n<div class=\"wp-block-columns is-layout-flex wp-container-core-columns-is-layout-9d6595d7 wp-block-columns-is-layout-flex\">\n<div class=\"wp-block-column is-layout-flow wp-block-column-is-layout-flow\" style=\"flex-basis:15%\"><\/div>\n\n\n\n<div class=\"wp-block-column is-layout-flow wp-block-column-is-layout-flow\" style=\"flex-basis:70%\">\n<h1 class=\"wp-block-heading has-text-align-center\" style=\"letter-spacing:5px\">Kurssi- ja harjoitustilat<\/h1>\n\n\n\n<hr class=\"wp-block-separator has-alpha-channel-opacity is-style-wide\"\/>\n\n\n\n<div class=\"wp-block-columns is-layout-flex wp-container-core-columns-is-layout-9d6595d7 wp-block-columns-is-layout-flex\">\n<div class=\"wp-block-column is-layout-flow wp-block-column-is-layout-flow\">\n<h3 class=\"wp-block-heading has-text-align-right\" style=\"letter-spacing:2px\">Katedralskolan i \u00c5bo<\/h3>\n\n\n\n<p class=\"has-text-align-right\">K\u00e4ynti saliin Nunnankatu 2 puolelta. Ulko-ovelta suoraan pukuhuonek\u00e4yt\u00e4v\u00e4\u00e4n ja k\u00e4yt\u00e4v\u00e4lt\u00e4 k\u00e4ynti liikuntasaliin.<\/p>\n\n\n\n<p class=\"has-text-align-right\"><a data-type=\"URL\" data-id=\"https:\/\/goo.gl\/maps\/GQgm2FeEAuCTKh756\" href=\"https:\/\/goo.gl\/maps\/GQgm2FeEAuCTKh756\" target=\"_blank\" rel=\"noreferrer noopener\"><a href=\"https:\/\/maps.app.goo.gl\/c4LL3GniWV5xiap69\" target=\"_blank\" rel=\"noopener\" title=\"Vanha Suurtori 1, 20500 Turku\">Vanha Suurtori 1, 20500 Turku<\/a><\/a><\/p>\n<\/div>\n\n\n\n<div class=\"wp-block-column is-layout-flow wp-block-column-is-layout-flow\">\n<h3 class=\"wp-block-heading\" style=\"letter-spacing:2px\">Puolalan koulu<\/h3>\n\n\n\n<p>Puutarhakadun yksikk\u00f6. Yl\u00e4sali. Saapumisohjeet salille l\u00f6yd\u00e4t <a href=\"\/tss\/saapumisohjeet#puolala\" target=\"_blank\" rel=\"noopener\" title=\"\">t\u00e4\u00e4lt\u00e4<\/a>.<\/p>\n\n\n\n<p><a data-type=\"URL\" data-id=\"https:\/\/goo.gl\/maps\/d3Tmb7f9bRq98TVc9\" href=\"https:\/\/goo.gl\/maps\/d3Tmb7f9bRq98TVc9\" target=\"_blank\" rel=\"noreferrer noopener\">Puutarhakatu 5, 20100 Turku<\/a><\/p>\n<\/div>\n<\/div>\n<\/div>\n\n\n\n<div class=\"wp-block-column is-layout-flow wp-block-column-is-layout-flow\" style=\"flex-basis:15%\"><\/div>\n<\/div>\n\n\n\n<div style=\"height:58px\" aria-hidden=\"true\" class=\"wp-block-spacer\"><\/div>\n\n\n\n<div class=\"wp-block-columns is-layout-flex wp-container-core-columns-is-layout-9d6595d7 wp-block-columns-is-layout-flex\">\n<div class=\"wp-block-column is-layout-flow wp-block-column-is-layout-flow\" style=\"flex-basis:15%\"><\/div>\n\n\n\n<div class=\"wp-block-column is-layout-flow wp-block-column-is-layout-flow\" style=\"flex-basis:70%\">\n<h1 class=\"wp-block-heading has-text-align-center\" style=\"letter-spacing:5px\">Laskutustiedot<\/h1>\n\n\n\n<hr class=\"wp-block-separator has-alpha-channel-opacity is-style-wide\"\/>\n\n\n\n<div class=\"wp-block-columns is-layout-flex wp-container-core-columns-is-layout-9d6595d7 wp-block-columns-is-layout-flex\">\n<div class=\"wp-block-column is-layout-flow wp-block-column-is-layout-flow\">\n<p class=\"has-text-align-right\">Turku Swing Society<br>c\/o Jelena Vuorinen<br>Saamenkuja 3<br>20750 Turku<\/p>\n<\/div>\n\n\n\n<div class=\"wp-block-column is-layout-flow wp-block-column-is-layout-flow\">\n<p>Pankkiyhteys:<br>FI30 5710 5220 0727 62<br>Y-tunnus:<br>2112259-2<\/p>\n<\/div>\n<\/div>\n<\/div>\n\n\n\n<div class=\"wp-block-column is-layout-flow wp-block-column-is-layout-flow\" style=\"flex-basis:15%\"><\/div>\n<\/div>\n","protected":false},"excerpt":{"rendered":"<p>Ota yhteytt\u00e4 Tanssilajikohtaiset asiat&nbsp;(kurssit, tapahtumat yms.): Kurssimaksut: Yhteisty\u00f6 ja esiintyminen: Tiedotus: Muut asiat&nbsp;(j\u00e4senkortit, h\u00e4irint\u00e4, lahjakortit, kurssitarjonta yms.): Huomaathan, ett\u00e4 yleisimpiin kysymyksiin l\u00f6ytyy vastauksia Usein kysytyt kysymykset -sivultamme. Voit l\u00e4hett\u00e4\u00e4 meille my\u00f6s anonyymi\u00e4 palautetta sivuiltamme l\u00f6ytyv\u00e4n&nbsp;palautelomakkeen&nbsp;kautta.Vastaamme my\u00f6s&nbsp;Facebookin&nbsp;kautta l\u00e4hetettyihin yksityisviesteihin. Pyrimme vastaamaan kysymyksiin ja kommentteihin mahdollisimman nopeasti! Kurssi- ja harjoitustilat Katedralskolan i \u00c5bo K\u00e4ynti saliin Nunnankatu 2 [&hellip;]<\/p>\n","protected":false},"author":1,"featured_media":0,"parent":0,"menu_order":0,"comment_status":"closed","ping_status":"closed","template":"","meta":{"ocean_post_layout":"","ocean_both_sidebars_style":"","ocean_both_sidebars_content_width":0,"ocean_both_sidebars_sidebars_width":0,"ocean_sidebar":"0","ocean_second_sidebar":"0","ocean_disable_margins":"enable","ocean_add_body_class":"","ocean_shortcode_before_top_bar":"","ocean_shortcode_after_top_bar":"","ocean_shortcode_before_header":"","ocean_shortcode_after_header":"","ocean_has_shortcode":"","ocean_shortcode_after_title":"","ocean_shortcode_before_footer_widgets":"","ocean_shortcode_after_footer_widgets":"","ocean_shortcode_before_footer_bottom":"","ocean_shortcode_after_footer_bottom":"","ocean_display_top_bar":"default","ocean_display_header":"default","ocean_header_style":"","ocean_center_header_left_menu":"0","ocean_custom_header_template":"0","ocean_custom_logo":0,"ocean_custom_retina_logo":0,"ocean_custom_logo_max_width":0,"ocean_custom_logo_tablet_max_width":0,"ocean_custom_logo_mobile_max_width":0,"ocean_custom_logo_max_height":0,"ocean_custom_logo_tablet_max_height":0,"ocean_custom_logo_mobile_max_height":0,"ocean_header_custom_menu":"0","ocean_menu_typo_font_family":"0","ocean_menu_typo_font_subset":"","ocean_menu_typo_font_size":0,"ocean_menu_typo_font_size_tablet":0,"ocean_menu_typo_font_size_mobile":0,"ocean_menu_typo_font_size_unit":"px","ocean_menu_typo_font_weight":"","ocean_menu_typo_font_weight_tablet":"","ocean_menu_typo_font_weight_mobile":"","ocean_menu_typo_transform":"","ocean_menu_typo_transform_tablet":"","ocean_menu_typo_transform_mobile":"","ocean_menu_typo_line_height":0,"ocean_menu_typo_line_height_tablet":0,"ocean_menu_typo_line_height_mobile":0,"ocean_menu_typo_line_height_unit":"","ocean_menu_typo_spacing":0,"ocean_menu_typo_spacing_tablet":0,"ocean_menu_typo_spacing_mobile":0,"ocean_menu_typo_spacing_unit":"","ocean_menu_link_color":"","ocean_menu_link_color_hover":"","ocean_menu_link_color_active":"","ocean_menu_link_background":"","ocean_menu_link_hover_background":"","ocean_menu_link_active_background":"","ocean_menu_social_links_bg":"","ocean_menu_social_hover_links_bg":"","ocean_menu_social_links_color":"","ocean_menu_social_hover_links_color":"","ocean_disable_title":"default","ocean_disable_heading":"default","ocean_post_title":"","ocean_post_subheading":"","ocean_post_title_style":"","ocean_post_title_background_color":"","ocean_post_title_background":0,"ocean_post_title_bg_image_position":"","ocean_post_title_bg_image_attachment":"","ocean_post_title_bg_image_repeat":"","ocean_post_title_bg_image_size":"","ocean_post_title_height":0,"ocean_post_title_bg_overlay":0.5,"ocean_post_title_bg_overlay_color":"","ocean_disable_breadcrumbs":"default","ocean_breadcrumbs_color":"","ocean_breadcrumbs_separator_color":"","ocean_breadcrumbs_links_color":"","ocean_breadcrumbs_links_hover_color":"","ocean_display_footer_widgets":"default","ocean_display_footer_bottom":"default","ocean_custom_footer_template":"0","footnotes":""},"class_list":["post-3810","page","type-page","status-publish","hentry","entry"],"aioseo_notices":[],"_links":{"self":[{"href":"https:\/\/www.turkuswingsociety.com\/tss\/wp-json\/wp\/v2\/pages\/3810","targetHints":{"allow":["GET"]}}],"collection":[{"href":"https:\/\/www.turkuswingsociety.com\/tss\/wp-json\/wp\/v2\/pages"}],"about":[{"href":"https:\/\/www.turkuswingsociety.com\/tss\/wp-json\/wp\/v2\/types\/page"}],"author":[{"embeddable":true,"href":"https:\/\/www.turkuswingsociety.com\/tss\/wp-json\/wp\/v2\/users\/1"}],"replies":[{"embeddable":true,"href":"https:\/\/www.turkuswingsociety.com\/tss\/wp-json\/wp\/v2\/comments?post=3810"}],"version-history":[{"count":64,"href":"https:\/\/www.turkuswingsociety.com\/tss\/wp-json\/wp\/v2\/pages\/3810\/revisions"}],"predecessor-version":[{"id":6379,"href":"https:\/\/www.turkuswingsociety.com\/tss\/wp-json\/wp\/v2\/pages\/3810\/revisions\/6379"}],"wp:attachment":[{"href":"https:\/\/www.turkuswingsociety.com\/tss\/wp-json\/wp\/v2\/media?parent=3810"}],"curies":[{"name":"wp","href":"https:\/\/api.w.org\/{rel}","templated":true}]}}