{"id":3513,"date":"2022-11-28T04:38:51","date_gmt":"2022-11-28T01:38:51","guid":{"rendered":"https:\/\/turkuswingsociety.com\/tss\/?page_id=3513"},"modified":"2026-01-16T20:16:06","modified_gmt":"2026-01-16T17:16:06","slug":"ilmoittautuminen","status":"publish","type":"page","link":"https:\/\/www.turkuswingsociety.com\/tss\/ilmoittautuminen\/","title":{"rendered":"Ilmoittautuminen"},"content":{"rendered":"\n<div style=\"height:58px\" aria-hidden=\"true\" class=\"wp-block-spacer\"><\/div>\n\n\n\n<div class=\"wp-block-cover alignfull is-light\" style=\"min-height:400px;aspect-ratio:unset;\"><img loading=\"lazy\" decoding=\"async\" width=\"1740\" height=\"800\" class=\"wp-block-cover__image-background wp-image-5188\" alt=\"\" src=\"https:\/\/turkuswingsociety.com\/tss\/wp-content\/uploads\/2023\/07\/jerejelena-EXPANDED-mustavalko-cropped-blurred-MERGED-fixed-vari-liila-tiilit-2varia-compressed-darker-2-kapea-compressed.jpg\" style=\"object-position:50% 40%\" data-object-fit=\"cover\" data-object-position=\"50% 40%\" srcset=\"https:\/\/www.turkuswingsociety.com\/tss\/wp-content\/uploads\/2023\/07\/jerejelena-EXPANDED-mustavalko-cropped-blurred-MERGED-fixed-vari-liila-tiilit-2varia-compressed-darker-2-kapea-compressed.jpg 1740w, https:\/\/www.turkuswingsociety.com\/tss\/wp-content\/uploads\/2023\/07\/jerejelena-EXPANDED-mustavalko-cropped-blurred-MERGED-fixed-vari-liila-tiilit-2varia-compressed-darker-2-kapea-compressed-300x138.jpg 300w, https:\/\/www.turkuswingsociety.com\/tss\/wp-content\/uploads\/2023\/07\/jerejelena-EXPANDED-mustavalko-cropped-blurred-MERGED-fixed-vari-liila-tiilit-2varia-compressed-darker-2-kapea-compressed-1024x471.jpg 1024w, https:\/\/www.turkuswingsociety.com\/tss\/wp-content\/uploads\/2023\/07\/jerejelena-EXPANDED-mustavalko-cropped-blurred-MERGED-fixed-vari-liila-tiilit-2varia-compressed-darker-2-kapea-compressed-768x353.jpg 768w, https:\/\/www.turkuswingsociety.com\/tss\/wp-content\/uploads\/2023\/07\/jerejelena-EXPANDED-mustavalko-cropped-blurred-MERGED-fixed-vari-liila-tiilit-2varia-compressed-darker-2-kapea-compressed-1536x706.jpg 1536w, https:\/\/www.turkuswingsociety.com\/tss\/wp-content\/uploads\/2023\/07\/jerejelena-EXPANDED-mustavalko-cropped-blurred-MERGED-fixed-vari-liila-tiilit-2varia-compressed-darker-2-kapea-compressed-18x8.jpg 18w\" sizes=\"auto, (max-width: 1740px) 100vw, 1740px\" \/><span aria-hidden=\"true\" class=\"wp-block-cover__background has-background-dim-20 has-background-dim wp-block-cover__gradient-background has-background-gradient\" style=\"background:linear-gradient(135deg,rgb(169,184,195) undefined%,rgb(238,238,238) 54%)\"><\/span><div class=\"wp-block-cover__inner-container is-layout-flow wp-block-cover-is-layout-flow\">\n<p class=\"has-text-align-center has-x-large-font-size\" style=\"font-style:normal;font-weight:400;letter-spacing:5px\"><mark style=\"background-color:rgba(0, 0, 0, 0);color:#e2d2f4\" class=\"has-inline-color\">ILMOITTAUTUMINEN<\/mark><\/p>\n<\/div><\/div>\n\n\n\n<div style=\"height:80px\" aria-hidden=\"true\" class=\"wp-block-spacer\"><\/div>\n\n\n\n<div class=\"wp-block-columns is-layout-flex wp-container-core-columns-is-layout-9d6595d7 wp-block-columns-is-layout-flex\">\n<div class=\"wp-block-column is-layout-flow wp-block-column-is-layout-flow\" style=\"flex-basis:15%\"><\/div>\n\n\n\n<div class=\"wp-block-column is-layout-flow wp-block-column-is-layout-flow\" style=\"flex-basis:70%\">\n<h1 class=\"wp-block-heading has-text-align-center\" style=\"letter-spacing:5px\">Ilmoittautuminen viikkokursseille<\/h1>\n\n\n\n<hr class=\"wp-block-separator has-alpha-channel-opacity is-style-wide\"\/>\n\n\n\n<p>Ilmoittautuminen kev\u00e4tkauden kursseille alkaa 18.1. klo 18! <strong>Ilmoittautumislomake l\u00f6ytyy <a href=\"https:\/\/docs.google.com\/forms\/d\/e\/1FAIpQLScm9nvbGiZRgFRwJy16uaYiiQlPI_XbvGyV4IFR5P4lfmehhA\/viewform?usp=sharing&amp;ouid=116094378665040817982\" target=\"_blank\" rel=\"noopener\" title=\"t\u00e4st\u00e4 linkist\u00e4\">t\u00e4st\u00e4 linkist\u00e4<\/a><\/strong>! Ilmoittautuminen on auki sunnuntaihin 2.2. asti!<br><br>Kev\u00e4tkauden viikkokurssit alkavat maanantaina 26.1. ja ovat 11 kerran pituisia.<\/p>\n\n\n\n<p>Jotta saisimme taattua osallistujille hyv\u00e4n viej\u00e4-seuraaja-tasapainon, kaikille kursseille ilmoittaudutaan ennakkoon. Ryhmiin otetaan kurssilaisia ilmoittautumisj\u00e4rjestyksess\u00e4 niin, ett\u00e4 paritasapaino s\u00e4ilyy hyv\u00e4n\u00e4. Parin kanssa ilmoittautuvat p\u00e4\u00e4sev\u00e4t suoraan kurssille, mik\u00e4li kurssi ei ole t\u00e4ynn\u00e4. Parin nimi ilmoitetaan ilmoittautumislomakkeella, ja molempien tulee ilmoittautua erikseen.<\/p>\n\n\n\n<p>Saat vahvistusviestin kurssille p\u00e4\u00e4syst\u00e4 s\u00e4hk\u00f6postitse, kun sinut on hyv\u00e4ksytty kurssille. Jokaiselta kurssilta l\u00e4hetet\u00e4\u00e4n erikseen varmistusviesti. Viesti l\u00e4hetet\u00e4\u00e4n my\u00f6s, jos et ole mahtunut kurssille. Maksutiedot tulevat j\u00e4lkik\u00e4teen erillisell\u00e4 s\u00e4hk\u00f6postiviestill\u00e4. (Muista tarkistaa my\u00f6s roskapostikansiosi!) Mik\u00e4li et ole saanut tietoa kurssille p\u00e4\u00e4syst\u00e4si ennen kurssien alkua tai sinulla on kysytt\u00e4v\u00e4\u00e4, l\u00e4het\u00e4 s\u00e4hk\u00f6postia j\u00e4senvastaavalle: jasenvastaava (at) turkuswingsociety.com.<\/p>\n\n\n\n<p>Tutustu Turku Swing Societyn ajantasaiseen j\u00e4senrekisteriselosteeseen&nbsp;<a href=\"\/tss\/jasenrekisteriseloste\" target=\"_blank\" rel=\"noreferrer noopener\">t\u00e4\u00e4ll\u00e4<\/a>.<\/p>\n\n\n\n<div style=\"height:58px\" aria-hidden=\"true\" class=\"wp-block-spacer\"><\/div>\n\n\n\n<h1 class=\"wp-block-heading has-text-align-center\">Peruutusehdot<\/h1>\n\n\n\n<hr class=\"wp-block-separator has-alpha-channel-opacity is-style-wide\"\/>\n\n\n\n<p>Kaikkien kurssien (poislukien edistyneet-ryhm\u00e4) ensimm\u00e4iselle kerralle voi osallistua ilman ilmoittautumista ja sitoutumista. Osallistuessasi kurssille (poislukien ensimm\u00e4inen kerta) olet velvoitettu maksamaan koko kurssimaksun. Kurssimaksu voidaan palauttaa vain painavasta syyst\u00e4, jotka seuran hallitus k\u00e4sittelee tapauskohtaisesti. T\u00e4ll\u00f6in kurssimaksuosuudesta palautetaan osallistumatta j\u00e4\u00e4vien kurssiviikkojen osuus. Kahdeksannen kurssikerran j\u00e4lkeen maksusta ei palauteta mit\u00e4\u00e4n. Mik\u00e4li kurssit joudutaan perumaan kansallisen epidemiatilanteen vuoksi, kurssimaksua ei palauteta.<\/p>\n\n\n\n<div style=\"height:58px\" aria-hidden=\"true\" class=\"wp-block-spacer\"><\/div>\n\n\n\n<h1 class=\"wp-block-heading has-text-align-center\">Tartuntatautien varotoimenpiteet<\/h1>\n\n\n\n<hr class=\"wp-block-separator has-alpha-channel-opacity is-style-wide\"\/>\n\n\n\n<p>Tartuntatautien levi\u00e4misen ehk\u00e4isemiseksi olemme Turku Swing Societyss\u00e4 linjanneet seuraavia asioita:<\/p>\n\n\n\n<ul class=\"wp-block-list\">\n<li>Tunneille tullessa pit\u00e4\u00e4 olla t\u00e4ysin terve. Jos sinulla on yht\u00e4\u00e4n sairastumisen tunnetta, \u00e4l\u00e4 tule tanssitunnille!<\/li>\n\n\n\n<li>Tunneilla noudatetaan hyv\u00e4\u00e4 k\u00e4si- ja yskimishygieniaa (k\u00e4det pest\u00e4\u00e4n saippualla tai k\u00e4ytet\u00e4\u00e4n k\u00e4sidesi\u00e4 ennen tuntia ja tunnin j\u00e4lkeen).<\/li>\n\n\n\n<li>Ovet tunneille aukeavat 15 minuuttia ennen tuntia, mill\u00e4 yritet\u00e4\u00e4n v\u00e4ltt\u00e4\u00e4 ruuhkaa tuulikaapissa ja narikassa.<\/li>\n<\/ul>\n\n\n\n<p>Kiitos ymm\u00e4rryksest\u00e4si ja yhteisty\u00f6st\u00e4si!<\/p>\n\n\n\n<div style=\"height:58px\" aria-hidden=\"true\" class=\"wp-block-spacer\"><\/div>\n\n\n\n<h1 class=\"wp-block-heading has-text-align-center\"><strong>Tervetuloa tanssiyhteis\u00f6\u00f6mme!<\/strong><\/h1>\n\n\n\n<hr class=\"wp-block-separator has-alpha-channel-opacity is-style-wide\"\/>\n\n\n\n<p>Yhteis\u00f6\u00f6mme ovat kaikki tervetulleita i\u00e4st\u00e4, sukupuolesta, etnisyydest\u00e4, uskonnosta, seksuaalisesta suuntautumisesta ja invaliditeetist\u00e4 riippumatta. <\/p>\n\n\n\n<p>Tiedotamme tulevista tapahtumista ja muista ajankohtaisista asioista nettisivuillamme, j\u00e4senkirjeess\u00e4mme sek\u00e4 sosiaalisessa mediassa. Voit liitty\u00e4 s\u00e4hk\u00f6postilistallemme, vaikket olisikaan j\u00e4sen. Lue lis\u00e4\u00e4 tiedotuksesta ja Turku Swing Societyn tanssiyhteis\u00f6st\u00e4 sosiaalisessa mediassa <a href=\"\/tss\/tiedotus\" target=\"_blank\" rel=\"noreferrer noopener\">t\u00e4\u00e4lt\u00e4<\/a>.<\/p>\n\n\n\n<div style=\"height:39px\" aria-hidden=\"true\" class=\"wp-block-spacer\"><\/div>\n<\/div>\n\n\n\n<div class=\"wp-block-column is-layout-flow wp-block-column-is-layout-flow\" style=\"flex-basis:15%\"><\/div>\n<\/div>\n","protected":false},"excerpt":{"rendered":"<p>Ilmoittautuminen viikkokursseille Ilmoittautuminen kev\u00e4tkauden kursseille alkaa 18.1. klo 18! Ilmoittautumislomake l\u00f6ytyy t\u00e4st\u00e4 linkist\u00e4! Ilmoittautuminen on auki sunnuntaihin 2.2. asti! Kev\u00e4tkauden viikkokurssit alkavat maanantaina 26.1. ja ovat 11 kerran pituisia. Jotta saisimme taattua osallistujille hyv\u00e4n viej\u00e4-seuraaja-tasapainon, kaikille kursseille ilmoittaudutaan ennakkoon. Ryhmiin otetaan kurssilaisia ilmoittautumisj\u00e4rjestyksess\u00e4 niin, ett\u00e4 paritasapaino s\u00e4ilyy hyv\u00e4n\u00e4. Parin kanssa ilmoittautuvat p\u00e4\u00e4sev\u00e4t suoraan kurssille, mik\u00e4li [&hellip;]<\/p>\n","protected":false},"author":1,"featured_media":0,"parent":0,"menu_order":0,"comment_status":"closed","ping_status":"closed","template":"","meta":{"ocean_post_layout":"","ocean_both_sidebars_style":"","ocean_both_sidebars_content_width":0,"ocean_both_sidebars_sidebars_width":0,"ocean_sidebar":"0","ocean_second_sidebar":"0","ocean_disable_margins":"enable","ocean_add_body_class":"","ocean_shortcode_before_top_bar":"","ocean_shortcode_after_top_bar":"","ocean_shortcode_before_header":"","ocean_shortcode_after_header":"","ocean_has_shortcode":"","ocean_shortcode_after_title":"","ocean_shortcode_before_footer_widgets":"","ocean_shortcode_after_footer_widgets":"","ocean_shortcode_before_footer_bottom":"","ocean_shortcode_after_footer_bottom":"","ocean_display_top_bar":"default","ocean_display_header":"default","ocean_header_style":"","ocean_center_header_left_menu":"0","ocean_custom_header_template":"0","ocean_custom_logo":0,"ocean_custom_retina_logo":0,"ocean_custom_logo_max_width":0,"ocean_custom_logo_tablet_max_width":0,"ocean_custom_logo_mobile_max_width":0,"ocean_custom_logo_max_height":0,"ocean_custom_logo_tablet_max_height":0,"ocean_custom_logo_mobile_max_height":0,"ocean_header_custom_menu":"0","ocean_menu_typo_font_family":"0","ocean_menu_typo_font_subset":"","ocean_menu_typo_font_size":0,"ocean_menu_typo_font_size_tablet":0,"ocean_menu_typo_font_size_mobile":0,"ocean_menu_typo_font_size_unit":"px","ocean_menu_typo_font_weight":"","ocean_menu_typo_font_weight_tablet":"","ocean_menu_typo_font_weight_mobile":"","ocean_menu_typo_transform":"","ocean_menu_typo_transform_tablet":"","ocean_menu_typo_transform_mobile":"","ocean_menu_typo_line_height":0,"ocean_menu_typo_line_height_tablet":0,"ocean_menu_typo_line_height_mobile":0,"ocean_menu_typo_line_height_unit":"","ocean_menu_typo_spacing":0,"ocean_menu_typo_spacing_tablet":0,"ocean_menu_typo_spacing_mobile":0,"ocean_menu_typo_spacing_unit":"","ocean_menu_link_color":"","ocean_menu_link_color_hover":"","ocean_menu_link_color_active":"","ocean_menu_link_background":"","ocean_menu_link_hover_background":"","ocean_menu_link_active_background":"","ocean_menu_social_links_bg":"","ocean_menu_social_hover_links_bg":"","ocean_menu_social_links_color":"","ocean_menu_social_hover_links_color":"","ocean_disable_title":"default","ocean_disable_heading":"default","ocean_post_title":"","ocean_post_subheading":"","ocean_post_title_style":"","ocean_post_title_background_color":"","ocean_post_title_background":0,"ocean_post_title_bg_image_position":"","ocean_post_title_bg_image_attachment":"","ocean_post_title_bg_image_repeat":"","ocean_post_title_bg_image_size":"","ocean_post_title_height":0,"ocean_post_title_bg_overlay":0.5,"ocean_post_title_bg_overlay_color":"","ocean_disable_breadcrumbs":"default","ocean_breadcrumbs_color":"","ocean_breadcrumbs_separator_color":"","ocean_breadcrumbs_links_color":"","ocean_breadcrumbs_links_hover_color":"","ocean_display_footer_widgets":"default","ocean_display_footer_bottom":"default","ocean_custom_footer_template":"0","footnotes":""},"class_list":["post-3513","page","type-page","status-publish","hentry","entry"],"aioseo_notices":[],"_links":{"self":[{"href":"https:\/\/www.turkuswingsociety.com\/tss\/wp-json\/wp\/v2\/pages\/3513","targetHints":{"allow":["GET"]}}],"collection":[{"href":"https:\/\/www.turkuswingsociety.com\/tss\/wp-json\/wp\/v2\/pages"}],"about":[{"href":"https:\/\/www.turkuswingsociety.com\/tss\/wp-json\/wp\/v2\/types\/page"}],"author":[{"embeddable":true,"href":"https:\/\/www.turkuswingsociety.com\/tss\/wp-json\/wp\/v2\/users\/1"}],"replies":[{"embeddable":true,"href":"https:\/\/www.turkuswingsociety.com\/tss\/wp-json\/wp\/v2\/comments?post=3513"}],"version-history":[{"count":115,"href":"https:\/\/www.turkuswingsociety.com\/tss\/wp-json\/wp\/v2\/pages\/3513\/revisions"}],"predecessor-version":[{"id":6504,"href":"https:\/\/www.turkuswingsociety.com\/tss\/wp-json\/wp\/v2\/pages\/3513\/revisions\/6504"}],"wp:attachment":[{"href":"https:\/\/www.turkuswingsociety.com\/tss\/wp-json\/wp\/v2\/media?parent=3513"}],"curies":[{"name":"wp","href":"https:\/\/api.w.org\/{rel}","templated":true}]}}