{"id":6532,"date":"2026-03-23T11:06:22","date_gmt":"2026-03-23T08:06:22","guid":{"rendered":"https:\/\/www.turkuswingsociety.com\/tss\/?page_id=6532"},"modified":"2026-04-16T21:24:17","modified_gmt":"2026-04-16T18:24:17","slug":"west-coast-swing-tiiviskurssi","status":"publish","type":"page","link":"https:\/\/www.turkuswingsociety.com\/tss\/en\/west-coast-swing-tiiviskurssi\/","title":{"rendered":"West Coast Swing -tiiviskurssi"},"content":{"rendered":"<div style=\"height:58px\" aria-hidden=\"true\" class=\"wp-block-spacer\"><\/div>\n\n\n\n<div class=\"wp-block-cover alignfull is-light\" style=\"min-height:400px;aspect-ratio:unset;\"><img loading=\"lazy\" decoding=\"async\" width=\"1740\" height=\"800\" class=\"wp-block-cover__image-background wp-image-5188\" alt=\"\" src=\"https:\/\/turkuswingsociety.com\/tss\/wp-content\/uploads\/2023\/07\/jerejelena-EXPANDED-mustavalko-cropped-blurred-MERGED-fixed-vari-liila-tiilit-2varia-compressed-darker-2-kapea-compressed.jpg\" style=\"object-position:50% 40%\" data-object-fit=\"cover\" data-object-position=\"50% 40%\" srcset=\"https:\/\/www.turkuswingsociety.com\/tss\/wp-content\/uploads\/2023\/07\/jerejelena-EXPANDED-mustavalko-cropped-blurred-MERGED-fixed-vari-liila-tiilit-2varia-compressed-darker-2-kapea-compressed.jpg 1740w, https:\/\/www.turkuswingsociety.com\/tss\/wp-content\/uploads\/2023\/07\/jerejelena-EXPANDED-mustavalko-cropped-blurred-MERGED-fixed-vari-liila-tiilit-2varia-compressed-darker-2-kapea-compressed-300x138.jpg 300w, https:\/\/www.turkuswingsociety.com\/tss\/wp-content\/uploads\/2023\/07\/jerejelena-EXPANDED-mustavalko-cropped-blurred-MERGED-fixed-vari-liila-tiilit-2varia-compressed-darker-2-kapea-compressed-1024x471.jpg 1024w, https:\/\/www.turkuswingsociety.com\/tss\/wp-content\/uploads\/2023\/07\/jerejelena-EXPANDED-mustavalko-cropped-blurred-MERGED-fixed-vari-liila-tiilit-2varia-compressed-darker-2-kapea-compressed-768x353.jpg 768w, https:\/\/www.turkuswingsociety.com\/tss\/wp-content\/uploads\/2023\/07\/jerejelena-EXPANDED-mustavalko-cropped-blurred-MERGED-fixed-vari-liila-tiilit-2varia-compressed-darker-2-kapea-compressed-1536x706.jpg 1536w, https:\/\/www.turkuswingsociety.com\/tss\/wp-content\/uploads\/2023\/07\/jerejelena-EXPANDED-mustavalko-cropped-blurred-MERGED-fixed-vari-liila-tiilit-2varia-compressed-darker-2-kapea-compressed-18x8.jpg 18w\" sizes=\"auto, (max-width: 1740px) 100vw, 1740px\" \/><span aria-hidden=\"true\" class=\"wp-block-cover__background has-background-dim-20 has-background-dim wp-block-cover__gradient-background has-background-gradient\" style=\"background:linear-gradient(135deg,rgb(169,184,195) undefined%,rgb(238,238,238) 54%)\"><\/span><div class=\"wp-block-cover__inner-container is-layout-flow wp-block-cover-is-layout-flow\">\n<p class=\"has-text-align-center has-x-large-font-size\" style=\"font-style:normal;font-weight:400;letter-spacing:5px\"><mark style=\"background-color:rgba(0, 0, 0, 0);color:#e2d2f4\" class=\"has-inline-color\">West Coast Swing -tiiviskurssi<\/mark><\/p>\n<\/div><\/div>\n\n\n\n<div style=\"height:80px\" aria-hidden=\"true\" class=\"wp-block-spacer\"><\/div>\n\n\n\n<div class=\"wp-block-columns is-layout-flex wp-container-core-columns-is-layout-9d6595d7 wp-block-columns-is-layout-flex\">\n<div class=\"wp-block-column is-layout-flow wp-block-column-is-layout-flow\" style=\"flex-basis:15%\"><\/div>\n\n\n\n<div class=\"wp-block-column is-layout-flow wp-block-column-is-layout-flow\" style=\"flex-basis:70%\">\n<h1 class=\"wp-block-heading has-text-align-center\" style=\"letter-spacing:5px\">Turku Swing Society j\u00e4rjest\u00e4\u00e4: West Coast Swing -tiiviskurssi ja bileet<\/h1>\n\n\n\n<hr class=\"wp-block-separator has-alpha-channel-opacity is-style-wide\"\/>\n\n\n\n<p>Opettajina toimivat upeat <strong>Outi Salonen<\/strong> and <strong>Tero Rahko<\/strong>!<\/p>\n\n\n\n<p>Sukella syv\u00e4lle West Coast Swingin saloihin yhden p\u00e4iv\u00e4n ajaksi! T\u00e4ll\u00e4 tiiviskurssilla on materiaalia sek\u00e4 aloittelijalle ett\u00e4 edistyneemm\u00e4lle.<\/p>\n\n\n\n<p>Alkeisjatko-tason tunnit on tarkoitettu 0,5-2 vuotta tanssineille, joille t\u00e4m\u00e4 saattaa olla jopa ensimm\u00e4inen kurssi viikkotuntien ulkopuolella. Toivomme sinun tuntevan peruskuviot, mutta sen enemp\u00e4\u00e4 ei viel\u00e4 tarvitse osata.<\/p>\n\n\n\n<p>Jatkotason tunnit on suunnattu 2-5 vuotta aktiivisesti westi\u00e4 tanssineille ja niiden tavoitteena on tarjota sopivan haastavaa materiaalia hieman edistyneemmille. Osaat my\u00f6s vaikeampia kuvioita sek\u00e4 variaatioita ja olet alkanut kehitt\u00e4\u00e4 omaa ilmaisuasi tanssissa. Olet kiinnostunut hiomaan tanssitekniikkaasi ja ty\u00f6st\u00e4t m\u00e4\u00e4r\u00e4tietoisesti taitojasi kohti parempaa tanssia.<\/p>\n\n\n\n<p>Voit ilmoittautua vain yhdelle tasolle tai halutessasi molemmille. Ilmoittaudu yksin tai parin kanssa. Illan bileiss\u00e4 saat vain nauttia tanssin ilosta kaikenlaisten parien kanssa!<\/p>\n\n\n\n<p><strong>Place:<\/strong> Loiste Studio, Eerikinkatu 7, 3rd floor<\/p>\n\n\n\n<p><strong>Time:<\/strong> Lauantai 16.5.<br>12.30 ovet aukeavat<br>13.00-15.00 jatkotason oppitunnit (1+1 tuntia, v\u00e4liss\u00e4 pieni tauko)<br>15.00-15.30 tauko<br>15.30-17.30 alkeisjatko-tason oppitunnit (1+1 tuntia, v\u00e4liss\u00e4 pieni tauko)<br>17.45-19.45 bileet<\/p>\n\n\n\n<p><strong>Hinnat:<\/strong><br>yhden tason oppitunnit (joko jatko tai alkeisjatko) + bileet: j\u00e4senille 35 \u20ac, muille 40 \u20ac<br>koko p\u00e4iv\u00e4n oppitunnit + bileet: j\u00e4senille 59 \u20ac, muille 69 \u20ac<br>pelk\u00e4t bileet: j\u00e4senille 3 \u20ac, muille 5 \u20ac<\/p>\n\n\n\n<p><strong>Tarvittavat varusteet:<\/strong><br>Mukavat vaatteet, joissa on hyv\u00e4 liikkua. Bileiss\u00e4 voi tulla l\u00e4mmin, joten kannattaa ottaa kevyempi paita alle. Oma juomapullo ja tanssikeng\u00e4t tai sopivat sukat &#8211; salin lattia on muovimattoa, joten voi olla hyv\u00e4ksi ottaa pari erilaista vaihtoehtoa mukaan.<\/p>\n\n\n\n<p><strong>Ilmoittautuminen:<\/strong><br>Ilmoittautuminen aukeaa 15.4. klo 18. Ilmoittaudu <a href=\"https:\/\/docs.google.com\/forms\/d\/e\/1FAIpQLScBYrzQYlaJjMy1Ad8tk8jtaXjWqKu-AD10A4DWWOmGkJzc1Q\/viewform?usp=header\">t\u00e4m\u00e4n linkin kautta<\/a>.<\/p>\n\n\n\n<p>Tunneilla on parinvaihto ja pyrimme hyv\u00e4\u00e4n paritasapainoon. Ilmoittautuneet hyv\u00e4ksyt\u00e4\u00e4n ilmoittautumisj\u00e4rjestyksess\u00e4. Parin kanssa ilmoittautuvat hyv\u00e4ksyt\u00e4\u00e4n suoraan, mik\u00e4li kurssilla on tilaa. Turku Swing Society ei ole vakuuttanut osallistujia. Tunnit opetetaan suomeksi.<\/p>\n<\/div>\n\n\n\n<div class=\"wp-block-column is-layout-flow wp-block-column-is-layout-flow\" style=\"flex-basis:15%\"><\/div>\n<\/div>\n\n\n\n<p><\/p>","protected":false},"excerpt":{"rendered":"<p>Turku Swing Society j\u00e4rjest\u00e4\u00e4: West Coast Swing -tiiviskurssi ja bileet Opettajina toimivat upeat Outi Salonen ja Tero Rahko! Sukella syv\u00e4lle West Coast Swingin saloihin yhden p\u00e4iv\u00e4n ajaksi! T\u00e4ll\u00e4 tiiviskurssilla on materiaalia sek\u00e4 aloittelijalle ett\u00e4 edistyneemm\u00e4lle. Alkeisjatko-tason tunnit on tarkoitettu 0,5-2 vuotta tanssineille, joille t\u00e4m\u00e4 saattaa olla jopa ensimm\u00e4inen kurssi viikkotuntien ulkopuolella. Toivomme sinun tuntevan peruskuviot, [&hellip;]<\/p>\n","protected":false},"author":1,"featured_media":0,"parent":0,"menu_order":0,"comment_status":"closed","ping_status":"closed","template":"","meta":{"ocean_post_layout":"","ocean_both_sidebars_style":"","ocean_both_sidebars_content_width":0,"ocean_both_sidebars_sidebars_width":0,"ocean_sidebar":"","ocean_second_sidebar":"","ocean_disable_margins":"enable","ocean_add_body_class":"","ocean_shortcode_before_top_bar":"","ocean_shortcode_after_top_bar":"","ocean_shortcode_before_header":"","ocean_shortcode_after_header":"","ocean_has_shortcode":"","ocean_shortcode_after_title":"","ocean_shortcode_before_footer_widgets":"","ocean_shortcode_after_footer_widgets":"","ocean_shortcode_before_footer_bottom":"","ocean_shortcode_after_footer_bottom":"","ocean_display_top_bar":"default","ocean_display_header":"default","ocean_header_style":"","ocean_center_header_left_menu":"","ocean_custom_header_template":"","ocean_custom_logo":0,"ocean_custom_retina_logo":0,"ocean_custom_logo_max_width":0,"ocean_custom_logo_tablet_max_width":0,"ocean_custom_logo_mobile_max_width":0,"ocean_custom_logo_max_height":0,"ocean_custom_logo_tablet_max_height":0,"ocean_custom_logo_mobile_max_height":0,"ocean_header_custom_menu":"","ocean_menu_typo_font_family":"","ocean_menu_typo_font_subset":"","ocean_menu_typo_font_size":0,"ocean_menu_typo_font_size_tablet":0,"ocean_menu_typo_font_size_mobile":0,"ocean_menu_typo_font_size_unit":"px","ocean_menu_typo_font_weight":"","ocean_menu_typo_font_weight_tablet":"","ocean_menu_typo_font_weight_mobile":"","ocean_menu_typo_transform":"","ocean_menu_typo_transform_tablet":"","ocean_menu_typo_transform_mobile":"","ocean_menu_typo_line_height":0,"ocean_menu_typo_line_height_tablet":0,"ocean_menu_typo_line_height_mobile":0,"ocean_menu_typo_line_height_unit":"","ocean_menu_typo_spacing":0,"ocean_menu_typo_spacing_tablet":0,"ocean_menu_typo_spacing_mobile":0,"ocean_menu_typo_spacing_unit":"","ocean_menu_link_color":"","ocean_menu_link_color_hover":"","ocean_menu_link_color_active":"","ocean_menu_link_background":"","ocean_menu_link_hover_background":"","ocean_menu_link_active_background":"","ocean_menu_social_links_bg":"","ocean_menu_social_hover_links_bg":"","ocean_menu_social_links_color":"","ocean_menu_social_hover_links_color":"","ocean_disable_title":"default","ocean_disable_heading":"default","ocean_post_title":"","ocean_post_subheading":"","ocean_post_title_style":"","ocean_post_title_background_color":"","ocean_post_title_background":0,"ocean_post_title_bg_image_position":"","ocean_post_title_bg_image_attachment":"","ocean_post_title_bg_image_repeat":"","ocean_post_title_bg_image_size":"","ocean_post_title_height":0,"ocean_post_title_bg_overlay":0.5,"ocean_post_title_bg_overlay_color":"","ocean_disable_breadcrumbs":"default","ocean_breadcrumbs_color":"","ocean_breadcrumbs_separator_color":"","ocean_breadcrumbs_links_color":"","ocean_breadcrumbs_links_hover_color":"","ocean_display_footer_widgets":"default","ocean_display_footer_bottom":"default","ocean_custom_footer_template":"","footnotes":""},"class_list":["post-6532","page","type-page","status-publish","hentry","entry"],"aioseo_notices":[],"_links":{"self":[{"href":"https:\/\/www.turkuswingsociety.com\/tss\/en\/wp-json\/wp\/v2\/pages\/6532","targetHints":{"allow":["GET"]}}],"collection":[{"href":"https:\/\/www.turkuswingsociety.com\/tss\/en\/wp-json\/wp\/v2\/pages"}],"about":[{"href":"https:\/\/www.turkuswingsociety.com\/tss\/en\/wp-json\/wp\/v2\/types\/page"}],"author":[{"embeddable":true,"href":"https:\/\/www.turkuswingsociety.com\/tss\/en\/wp-json\/wp\/v2\/users\/1"}],"replies":[{"embeddable":true,"href":"https:\/\/www.turkuswingsociety.com\/tss\/en\/wp-json\/wp\/v2\/comments?post=6532"}],"version-history":[{"count":5,"href":"https:\/\/www.turkuswingsociety.com\/tss\/en\/wp-json\/wp\/v2\/pages\/6532\/revisions"}],"predecessor-version":[{"id":6546,"href":"https:\/\/www.turkuswingsociety.com\/tss\/en\/wp-json\/wp\/v2\/pages\/6532\/revisions\/6546"}],"wp:attachment":[{"href":"https:\/\/www.turkuswingsociety.com\/tss\/en\/wp-json\/wp\/v2\/media?parent=6532"}],"curies":[{"name":"wp","href":"https:\/\/api.w.org\/{rel}","templated":true}]}}