{"id":5132,"date":"2023-07-25T18:29:29","date_gmt":"2023-07-25T15:29:29","guid":{"rendered":"https:\/\/turkuswingsociety.com\/tss\/?page_id=5132"},"modified":"2023-12-18T14:06:08","modified_gmt":"2023-12-18T11:06:08","slug":"jaseneksi","status":"publish","type":"page","link":"https:\/\/www.turkuswingsociety.com\/tss\/en\/jaseneksi\/","title":{"rendered":"Membership"},"content":{"rendered":"<div style=\"height:58px\" aria-hidden=\"true\" class=\"wp-block-spacer\"><\/div>\n\n\n\n<div class=\"wp-block-cover alignfull is-light\" style=\"min-height:400px;aspect-ratio:unset;\"><span aria-hidden=\"true\" class=\"wp-block-cover__background has-background-dim-20 has-background-dim wp-block-cover__gradient-background has-background-gradient\" style=\"background:linear-gradient(135deg,rgb(169,184,195) undefined%,rgb(238,238,238) 54%)\"><\/span><img loading=\"lazy\" decoding=\"async\" width=\"1740\" height=\"800\" class=\"wp-block-cover__image-background wp-image-5188\" alt=\"\" src=\"https:\/\/turkuswingsociety.com\/tss\/wp-content\/uploads\/2023\/07\/jerejelena-EXPANDED-mustavalko-cropped-blurred-MERGED-fixed-vari-liila-tiilit-2varia-compressed-darker-2-kapea-compressed.jpg\" style=\"object-position:50% 40%\" data-object-fit=\"cover\" data-object-position=\"50% 40%\" srcset=\"https:\/\/www.turkuswingsociety.com\/tss\/wp-content\/uploads\/2023\/07\/jerejelena-EXPANDED-mustavalko-cropped-blurred-MERGED-fixed-vari-liila-tiilit-2varia-compressed-darker-2-kapea-compressed.jpg 1740w, https:\/\/www.turkuswingsociety.com\/tss\/wp-content\/uploads\/2023\/07\/jerejelena-EXPANDED-mustavalko-cropped-blurred-MERGED-fixed-vari-liila-tiilit-2varia-compressed-darker-2-kapea-compressed-300x138.jpg 300w, https:\/\/www.turkuswingsociety.com\/tss\/wp-content\/uploads\/2023\/07\/jerejelena-EXPANDED-mustavalko-cropped-blurred-MERGED-fixed-vari-liila-tiilit-2varia-compressed-darker-2-kapea-compressed-1024x471.jpg 1024w, https:\/\/www.turkuswingsociety.com\/tss\/wp-content\/uploads\/2023\/07\/jerejelena-EXPANDED-mustavalko-cropped-blurred-MERGED-fixed-vari-liila-tiilit-2varia-compressed-darker-2-kapea-compressed-768x353.jpg 768w, https:\/\/www.turkuswingsociety.com\/tss\/wp-content\/uploads\/2023\/07\/jerejelena-EXPANDED-mustavalko-cropped-blurred-MERGED-fixed-vari-liila-tiilit-2varia-compressed-darker-2-kapea-compressed-1536x706.jpg 1536w, https:\/\/www.turkuswingsociety.com\/tss\/wp-content\/uploads\/2023\/07\/jerejelena-EXPANDED-mustavalko-cropped-blurred-MERGED-fixed-vari-liila-tiilit-2varia-compressed-darker-2-kapea-compressed-18x8.jpg 18w\" sizes=\"auto, (max-width: 1740px) 100vw, 1740px\" \/><div class=\"wp-block-cover__inner-container is-layout-flow wp-block-cover-is-layout-flow\">\n<p class=\"has-text-align-center has-x-large-font-size\" style=\"font-style:normal;font-weight:400;letter-spacing:5px\"><mark style=\"background-color:rgba(0, 0, 0, 0);color:#e2d2f4\" class=\"has-inline-color\">MEMBERSHIP<\/mark><\/p>\n<\/div><\/div>\n\n\n\n<div style=\"height:80px\" aria-hidden=\"true\" class=\"wp-block-spacer\"><\/div>\n\n\n\n<div class=\"wp-block-columns is-layout-flex wp-container-core-columns-is-layout-9d6595d7 wp-block-columns-is-layout-flex\">\n<div class=\"wp-block-column is-layout-flow wp-block-column-is-layout-flow\" style=\"flex-basis:15%\"><\/div>\n\n\n\n<div class=\"wp-block-column is-layout-flow wp-block-column-is-layout-flow\" style=\"flex-basis:70%\">\n<h1 class=\"wp-block-heading has-text-align-center\" id=\"lista\" style=\"letter-spacing:5px\">Become a member!<\/h1>\n\n\n\n<hr class=\"wp-block-separator has-alpha-channel-opacity is-style-wide\"\/>\n\n\n\n<p>Join Turku Swing Society and become part of our dance community! <\/p>\n\n\n\n<p>As a member, you support our association's activities and receive valuable benefits (see <a href=\"#jasenedut\" data-type=\"internal\" data-id=\"#jasenedut\">membership benefits<\/a>)! We organize weekly courses exclusively for our members, while other events are open to other dancers as well (without member discounts).  <\/p>\n\n\n\n<p>Membership is valid for one calendar year (January\u2013December). When you become a member, you will receive a membership card with an annual sticker. <\/p>\n\n\n\n<ul class=\"wp-block-list\">\n<li>Membership fee: 25 \u20ac \/ calendar year<\/li>\n\n\n\n<li><strong>Join Turku Swing Society as a member<\/strong> <a rel=\"noreferrer noopener\" href=\"https:\/\/forms.gle\/FcMWHQJwLbCfDwKR6\" data-type=\"URL\" data-id=\"https:\/\/forms.gle\/FcMWHQJwLbCfDwKR6\" target=\"_blank\">here<\/a>!<\/li>\n\n\n\n<li>Check our privacy policy <a href=\"\/tss\/en\/jasenrekisteriseloste\/\" data-type=\"page\" data-id=\"5396\" target=\"_blank\" rel=\"noreferrer noopener\">here<\/a>.<\/li>\n<\/ul>\n\n\n\n<p>Would you like to stay up to date with TSS events and activities? Explore our communication and social media channels <a href=\"\/tss\/en\/tiedotus\/\" data-type=\"URL\" data-id=\"\/tss\/tiedotus\" target=\"_blank\" rel=\"noreferrer noopener\">here<\/a>.<\/p>\n<\/div>\n\n\n\n<div class=\"wp-block-column is-layout-flow wp-block-column-is-layout-flow\" style=\"flex-basis:15%\"><\/div>\n<\/div>\n\n\n\n<div style=\"height:58px\" aria-hidden=\"true\" class=\"wp-block-spacer\"><\/div>\n\n\n\n<div class=\"wp-block-columns is-layout-flex wp-container-core-columns-is-layout-9d6595d7 wp-block-columns-is-layout-flex\">\n<div class=\"wp-block-column is-layout-flow wp-block-column-is-layout-flow\" style=\"flex-basis:15%\"><\/div>\n\n\n\n<div class=\"wp-block-column is-layout-flow wp-block-column-is-layout-flow\" style=\"flex-basis:70%\">\n<h1 class=\"wp-block-heading has-text-align-center\" id=\"jasenedut\">Membership benefits<\/h1>\n\n\n\n<hr class=\"wp-block-separator has-alpha-channel-opacity is-style-wide\"\/>\n\n\n\n<p>As a member of Turku Swing Society, you get to enjoy the following membership benefits:<\/p>\n\n\n\n<ul class=\"wp-block-list\">\n<li>Discounted prices for parties and practice sessions<\/li>\n\n\n\n<li>Discount from our merchandise<\/li>\n\n\n\n<li><a href=\"http:\/\/www.susel.fi\/j%C3%A4senetupaikat\" data-type=\"URL\" data-id=\"http:\/\/www.susel.fi\/j%C3%A4senetupaikat\" target=\"_blank\" rel=\"noreferrer noopener\">SUSEL<\/a> membership benefits<\/li>\n<\/ul>\n\n\n\n<p>And that's not all! By participating in our courses and events, you will also gain a lifelong hobby, make new friends, and be surrounded by a youthful and inspiring community!<\/p>\n\n\n\n<div style=\"height:58px\" aria-hidden=\"true\" class=\"wp-block-spacer\"><\/div>\n\n\n\n<p class=\"has-text-align-center\">Welcome to Turku Swing Society!<\/p>\n<\/div>\n\n\n\n<div class=\"wp-block-column is-layout-flow wp-block-column-is-layout-flow\" style=\"flex-basis:15%\"><\/div>\n<\/div>","protected":false},"excerpt":{"rendered":"<p>Liity j\u00e4seneksi! Liity Turku Swing Societyn j\u00e4seneksi ja tule osaksi tanssiyhteis\u00f6\u00e4mme! J\u00e4senen\u00e4 tuet seuratoimintaamme ja saat rahanarvoisia etuja (ks. j\u00e4senedut)! J\u00e4rjest\u00e4mme viikkokursseja vain j\u00e4senillemme \u2013 muihin tapahtumiin ovat my\u00f6s seuran ulkopuoliset tanssijat tervetulleita (ilman j\u00e4senalennuksia). J\u00e4senyys on voimassa aina kalenterivuoden kerrallaan (tammikuu\u2013joulukuu). Liittyess\u00e4si j\u00e4seneksi saat vuositarrallisen j\u00e4senkortin. Haluatko pysy\u00e4 ajan tasalla, miss\u00e4, milloin ja mit\u00e4 [&hellip;]<\/p>\n","protected":false},"author":1,"featured_media":0,"parent":0,"menu_order":0,"comment_status":"closed","ping_status":"closed","template":"","meta":{"ocean_post_layout":"","ocean_both_sidebars_style":"","ocean_both_sidebars_content_width":0,"ocean_both_sidebars_sidebars_width":0,"ocean_sidebar":"0","ocean_second_sidebar":"0","ocean_disable_margins":"enable","ocean_add_body_class":"","ocean_shortcode_before_top_bar":"","ocean_shortcode_after_top_bar":"","ocean_shortcode_before_header":"","ocean_shortcode_after_header":"","ocean_has_shortcode":"","ocean_shortcode_after_title":"","ocean_shortcode_before_footer_widgets":"","ocean_shortcode_after_footer_widgets":"","ocean_shortcode_before_footer_bottom":"","ocean_shortcode_after_footer_bottom":"","ocean_display_top_bar":"default","ocean_display_header":"default","ocean_header_style":"","ocean_center_header_left_menu":"0","ocean_custom_header_template":"0","ocean_custom_logo":0,"ocean_custom_retina_logo":0,"ocean_custom_logo_max_width":0,"ocean_custom_logo_tablet_max_width":0,"ocean_custom_logo_mobile_max_width":0,"ocean_custom_logo_max_height":0,"ocean_custom_logo_tablet_max_height":0,"ocean_custom_logo_mobile_max_height":0,"ocean_header_custom_menu":"0","ocean_menu_typo_font_family":"0","ocean_menu_typo_font_subset":"","ocean_menu_typo_font_size":0,"ocean_menu_typo_font_size_tablet":0,"ocean_menu_typo_font_size_mobile":0,"ocean_menu_typo_font_size_unit":"px","ocean_menu_typo_font_weight":"","ocean_menu_typo_font_weight_tablet":"","ocean_menu_typo_font_weight_mobile":"","ocean_menu_typo_transform":"","ocean_menu_typo_transform_tablet":"","ocean_menu_typo_transform_mobile":"","ocean_menu_typo_line_height":0,"ocean_menu_typo_line_height_tablet":0,"ocean_menu_typo_line_height_mobile":0,"ocean_menu_typo_line_height_unit":"","ocean_menu_typo_spacing":0,"ocean_menu_typo_spacing_tablet":0,"ocean_menu_typo_spacing_mobile":0,"ocean_menu_typo_spacing_unit":"","ocean_menu_link_color":"","ocean_menu_link_color_hover":"","ocean_menu_link_color_active":"","ocean_menu_link_background":"","ocean_menu_link_hover_background":"","ocean_menu_link_active_background":"","ocean_menu_social_links_bg":"","ocean_menu_social_hover_links_bg":"","ocean_menu_social_links_color":"","ocean_menu_social_hover_links_color":"","ocean_disable_title":"default","ocean_disable_heading":"default","ocean_post_title":"","ocean_post_subheading":"","ocean_post_title_style":"","ocean_post_title_background_color":"","ocean_post_title_background":0,"ocean_post_title_bg_image_position":"","ocean_post_title_bg_image_attachment":"","ocean_post_title_bg_image_repeat":"","ocean_post_title_bg_image_size":"","ocean_post_title_height":0,"ocean_post_title_bg_overlay":0.5,"ocean_post_title_bg_overlay_color":"","ocean_disable_breadcrumbs":"default","ocean_breadcrumbs_color":"","ocean_breadcrumbs_separator_color":"","ocean_breadcrumbs_links_color":"","ocean_breadcrumbs_links_hover_color":"","ocean_display_footer_widgets":"default","ocean_display_footer_bottom":"default","ocean_custom_footer_template":"0","footnotes":""},"class_list":["post-5132","page","type-page","status-publish","hentry","entry"],"aioseo_notices":[],"_links":{"self":[{"href":"https:\/\/www.turkuswingsociety.com\/tss\/en\/wp-json\/wp\/v2\/pages\/5132","targetHints":{"allow":["GET"]}}],"collection":[{"href":"https:\/\/www.turkuswingsociety.com\/tss\/en\/wp-json\/wp\/v2\/pages"}],"about":[{"href":"https:\/\/www.turkuswingsociety.com\/tss\/en\/wp-json\/wp\/v2\/types\/page"}],"author":[{"embeddable":true,"href":"https:\/\/www.turkuswingsociety.com\/tss\/en\/wp-json\/wp\/v2\/users\/1"}],"replies":[{"embeddable":true,"href":"https:\/\/www.turkuswingsociety.com\/tss\/en\/wp-json\/wp\/v2\/comments?post=5132"}],"version-history":[{"count":39,"href":"https:\/\/www.turkuswingsociety.com\/tss\/en\/wp-json\/wp\/v2\/pages\/5132\/revisions"}],"predecessor-version":[{"id":5683,"href":"https:\/\/www.turkuswingsociety.com\/tss\/en\/wp-json\/wp\/v2\/pages\/5132\/revisions\/5683"}],"wp:attachment":[{"href":"https:\/\/www.turkuswingsociety.com\/tss\/en\/wp-json\/wp\/v2\/media?parent=5132"}],"curies":[{"name":"wp","href":"https:\/\/api.w.org\/{rel}","templated":true}]}}