{"id":4170,"date":"2023-02-08T23:59:23","date_gmt":"2023-02-08T20:59:23","guid":{"rendered":"https:\/\/turkuswingsociety.com\/tss\/?page_id=4170"},"modified":"2026-04-21T21:34:32","modified_gmt":"2026-04-21T18:34:32","slug":"tapahtumat","status":"publish","type":"page","link":"https:\/\/www.turkuswingsociety.com\/tss\/en\/tapahtumat\/","title":{"rendered":"Events"},"content":{"rendered":"<div style=\"height:58px\" aria-hidden=\"true\" class=\"wp-block-spacer\"><\/div>\n\n\n\n<div class=\"wp-block-cover alignfull is-light\" style=\"min-height:400px;aspect-ratio:unset;\"><img loading=\"lazy\" decoding=\"async\" width=\"1740\" height=\"800\" class=\"wp-block-cover__image-background wp-image-5188\" alt=\"\" src=\"https:\/\/turkuswingsociety.com\/tss\/wp-content\/uploads\/2023\/07\/jerejelena-EXPANDED-mustavalko-cropped-blurred-MERGED-fixed-vari-liila-tiilit-2varia-compressed-darker-2-kapea-compressed.jpg\" style=\"object-position:50% 40%\" data-object-fit=\"cover\" data-object-position=\"50% 40%\" srcset=\"https:\/\/www.turkuswingsociety.com\/tss\/wp-content\/uploads\/2023\/07\/jerejelena-EXPANDED-mustavalko-cropped-blurred-MERGED-fixed-vari-liila-tiilit-2varia-compressed-darker-2-kapea-compressed.jpg 1740w, https:\/\/www.turkuswingsociety.com\/tss\/wp-content\/uploads\/2023\/07\/jerejelena-EXPANDED-mustavalko-cropped-blurred-MERGED-fixed-vari-liila-tiilit-2varia-compressed-darker-2-kapea-compressed-300x138.jpg 300w, https:\/\/www.turkuswingsociety.com\/tss\/wp-content\/uploads\/2023\/07\/jerejelena-EXPANDED-mustavalko-cropped-blurred-MERGED-fixed-vari-liila-tiilit-2varia-compressed-darker-2-kapea-compressed-1024x471.jpg 1024w, https:\/\/www.turkuswingsociety.com\/tss\/wp-content\/uploads\/2023\/07\/jerejelena-EXPANDED-mustavalko-cropped-blurred-MERGED-fixed-vari-liila-tiilit-2varia-compressed-darker-2-kapea-compressed-768x353.jpg 768w, https:\/\/www.turkuswingsociety.com\/tss\/wp-content\/uploads\/2023\/07\/jerejelena-EXPANDED-mustavalko-cropped-blurred-MERGED-fixed-vari-liila-tiilit-2varia-compressed-darker-2-kapea-compressed-1536x706.jpg 1536w, https:\/\/www.turkuswingsociety.com\/tss\/wp-content\/uploads\/2023\/07\/jerejelena-EXPANDED-mustavalko-cropped-blurred-MERGED-fixed-vari-liila-tiilit-2varia-compressed-darker-2-kapea-compressed-18x8.jpg 18w\" sizes=\"auto, (max-width: 1740px) 100vw, 1740px\" \/><span aria-hidden=\"true\" class=\"wp-block-cover__background has-background-dim-20 has-background-dim wp-block-cover__gradient-background has-background-gradient\" style=\"background:linear-gradient(135deg,rgb(169,184,195) undefined%,rgb(238,238,238) 54%)\"><\/span><div class=\"wp-block-cover__inner-container is-layout-flow wp-block-cover-is-layout-flow\">\n<p class=\"has-text-align-center has-x-large-font-size\" style=\"font-style:normal;font-weight:400;letter-spacing:5px\"><mark style=\"background-color:rgba(0, 0, 0, 0);color:#e2d2f4\" class=\"has-inline-color\">EVENTS<\/mark><\/p>\n<\/div><\/div>\n\n\n\n<div style=\"height:80px\" aria-hidden=\"true\" class=\"wp-block-spacer\"><\/div>\n\n\n\n<div class=\"wp-block-columns is-layout-flex wp-container-core-columns-is-layout-9d6595d7 wp-block-columns-is-layout-flex\">\n<div class=\"wp-block-column is-layout-flow wp-block-column-is-layout-flow\" style=\"flex-basis:15%\"><\/div>\n\n\n\n<div class=\"wp-block-column is-layout-flow wp-block-column-is-layout-flow\" style=\"flex-basis:70%\">\n<h1 class=\"wp-block-heading has-text-align-center\" style=\"letter-spacing:5px\">Ongoing registrations<\/h1>\n\n\n\n<hr class=\"wp-block-separator has-alpha-channel-opacity is-style-wide\"\/>\n<\/div>\n\n\n\n<div class=\"wp-block-column is-layout-flow wp-block-column-is-layout-flow\" style=\"flex-basis:15%\"><\/div>\n<\/div>\n\n\n\n<div style=\"height:58px\" aria-hidden=\"true\" class=\"wp-block-spacer\"><\/div>\n\n\n\n<div class=\"wp-block-columns is-layout-flex wp-container-core-columns-is-layout-9d6595d7 wp-block-columns-is-layout-flex\">\n<div class=\"wp-block-column is-layout-flow wp-block-column-is-layout-flow\" style=\"flex-basis:15%\"><\/div>\n\n\n\n<div class=\"wp-block-column is-layout-flow wp-block-column-is-layout-flow\" style=\"flex-basis:70%\">\n<h1 class=\"wp-block-heading has-text-align-center\" style=\"letter-spacing:5px\">Upcoming events<\/h1>\n\n\n\n<hr class=\"wp-block-separator has-alpha-channel-opacity is-style-wide\"\/>\n\n\n\n<p>MARCH<\/p>\n\n\n\n<p>9.3. WEEKLY COURSES GO ON BREAK DUE TO FINNISH MATRICULATION EXAMINATION <\/p>\n\n\n\n<p><br>Fri 20.3. <a class=\"docs-creator\" title=\"Lindy-Westie Evening Dances\" href=\"#iltatanssit\">Lindy-Westie Evening Dances<\/a> at Proffan kellari at 18-21<br>Tue 24.3. <a href=\"#tiistaiwesti\">Tuesday West Coast Swing dances<\/a> at Proffan kellari at 18-21<\/p>\n\n\n\n<p><\/p>\n\n\n\n<p>30.3. Weekly courses continue<\/p>\n\n\n\n<p>APRIL<br>Fri 10.4. <a class=\"docs-creator\" href=\"#iltatanssit\" title=\"Lindy-Westie Evening Dances\">Lindy-Westie Evening Dances<\/a> at Proffan kellari at 18-21<br>Fri 24.4. <a class=\"docs-creator\" href=\"#iltatanssit\" title=\"Lindy-Westie Evening Dances\">Lindy-Westie Evening Dances<\/a> at Proffan kellari at 18-21<br>Sat 25.4. - Sun 26.4. <a href=\"#arkkutango\">Argentiinalaisen tangon viikonloppukurssi peruttiin. Syksyll\u00e4 kokeillaan uudestaan. <\/a><\/p>\n\n\n\n<p><\/p>\n\n\n\n<p>MAY<br>Fri 8.5. <a class=\"docs-creator\" title=\"Lindy-Westie Evening Dances\" href=\"#iltatanssit\">Lindy-Westie Evening Dances<\/a> at Proffan kellari at 18-21<br>Sat 16.5. <a href=\"https:\/\/www.turkuswingsociety.com\/tss\/en\/west-coast-swing-tiiviskurssi\/\" data-type=\"page\" data-id=\"6532\">West Coast Swing tiiviskurssi<\/a>. Opettajat Outi Salonen ja Tero Rahko. This event is only in Finnish.<br>Sat 16.5. <a href=\"#wcsbileet\">West Coast Swing party<\/a> at Loiste Studio at 17.15-19.45<br>Fri 22.5. <a class=\"docs-creator\" title=\"Lindy-Westie Evening Dances\" href=\"#iltatanssit\">Lindy-Westie Evening Dances<\/a> at Proffan kellari at 18-21<\/p>\n\n\n\n<p><\/p>\n\n\n\n<p>If you want to influence TSS's activities, share your suggestions\/wishes, for example by sending a message to our membership coordinator: jasenvastaava(at)turkuswingsociety.com<\/p>\n<\/div>\n\n\n\n<div class=\"wp-block-column is-layout-flow wp-block-column-is-layout-flow\" style=\"flex-basis:15%\"><\/div>\n<\/div>\n\n\n\n<div style=\"height:58px\" aria-hidden=\"true\" class=\"wp-block-spacer\"><\/div>\n\n\n\n<div class=\"wp-block-columns is-layout-flex wp-container-core-columns-is-layout-9d6595d7 wp-block-columns-is-layout-flex\">\n<div class=\"wp-block-column is-layout-flow wp-block-column-is-layout-flow\" style=\"flex-basis:15%\"><\/div>\n\n\n\n<div class=\"wp-block-column is-layout-flow wp-block-column-is-layout-flow\" style=\"flex-basis:70%\">\n<h1 class=\"wp-block-heading has-text-align-center\" id=\"wcsbileet\" style=\"letter-spacing:5px\">West Coast Swing party<\/h1>\n\n\n\n<hr class=\"wp-block-separator has-alpha-channel-opacity is-style-wide\"\/>\n\n\n\n<p>All are welcome to Turku Swing Society's West Coast Swing party at Bolero in Turku. Come dance in a relaxed atmosphere and enjoy a fun evening with WCS music!<\/p>\n\n\n\n<p>The event is suitable for all West Coast Swing dancers, regardless of skill level. You can come alone or with a partner \u2013 no partner is required.<\/p>\n\n\n\n<p>Before the party there is also <a href=\"https:\/\/www.turkuswingsociety.com\/tss\/en\/west-coast-swing-tiiviskurssi\/\" data-type=\"page\" data-id=\"6532\">West Coast Swing intensive course in Finnish<\/a>!<\/p>\n\n\n\n<p><strong>Time: <\/strong>Sat 16.5. at 17.15-19.45<br><strong>Place:<\/strong> Loiste Studio, Eerikinkatu 7, 3rd floor<br><strong>Price:<\/strong> members 3 \u20ac \/ others 5 \u20ac<br><strong>Payment methods:<\/strong> MobilePay or cash.<\/p>\n\n\n\n<p>The room's floor is vinyl, so it might be a good idea to bring a couple of different footwear options.<\/p>\n\n\n\n<p>Welcome to dance!<\/p>\n\n\n\n<div style=\"height:58px\" aria-hidden=\"true\" class=\"wp-block-spacer\"><\/div>\n<\/div>\n\n\n\n<div class=\"wp-block-column is-layout-flow wp-block-column-is-layout-flow\" style=\"flex-basis:15%\"><\/div>\n<\/div>\n\n\n\n<div class=\"wp-block-columns is-layout-flex wp-container-core-columns-is-layout-9d6595d7 wp-block-columns-is-layout-flex\">\n<div class=\"wp-block-column is-layout-flow wp-block-column-is-layout-flow\" style=\"flex-basis:15%\"><\/div>\n\n\n\n<div class=\"wp-block-column is-layout-flow wp-block-column-is-layout-flow\" style=\"flex-basis:70%\">\n<h1 class=\"wp-block-heading has-text-align-center\" id=\"iltatanssit\" style=\"letter-spacing:5px\">Lindy-Westie Evening Dances<\/h1>\n\n\n\n<hr class=\"wp-block-separator has-alpha-channel-opacity is-style-wide\"\/>\n\n\n\n<p>The popular West Coast Swing and Lindy Hop dances on weekday evenings continue in the autumn in the beating heart of Turku's student scene: the famous Proffan Kellari bar.<\/p>\n\n\n\n<p>The evening dances are an informal, no-entrance fee, low-threshold event organised by the society and held in the upstairs cabinet of Proffa's Kellari (Rehtorinpellonkatu 6, Turku). During the evening we will play music of both dance genres according to the wishes of the participants. Please note that the room has a tiled floor with seams, which may not be the cleanest. We recommend saving your best leather dance shoes for better floors!<\/p>\n\n\n\n<p>The dates for the evening dances are:<\/p>\n\n\n\n<ul class=\"wp-block-list\">\n<li>Fri 30.1. at 18-21<\/li>\n\n\n\n<li>Fri 13.2. at 18-21<\/li>\n\n\n\n<li>Fri 27.2. at 18-21<\/li>\n\n\n\n<li>Fri 20.3. at 18-21<\/li>\n\n\n\n<li>Fri 10.4. at 18-21<\/li>\n\n\n\n<li>Fri 24.4. at 18-21<\/li>\n\n\n\n<li>Fri 8.5. at 18-21<\/li>\n\n\n\n<li>Fri 22.5. at 18-21<\/li>\n<\/ul>\n\n\n\n<p>Welcome everyone, also beginners and those who are just interested in the dances!<\/p>\n\n\n\n<div style=\"height:58px\" aria-hidden=\"true\" class=\"wp-block-spacer\"><\/div>\n<\/div>\n\n\n\n<div class=\"wp-block-column is-layout-flow wp-block-column-is-layout-flow\" style=\"flex-basis:15%\"><\/div>\n<\/div>\n\n\n\n<div class=\"wp-block-columns is-layout-flex wp-container-core-columns-is-layout-9d6595d7 wp-block-columns-is-layout-flex\">\n<div class=\"wp-block-column is-layout-flow wp-block-column-is-layout-flow\" style=\"flex-basis:15%\"><\/div>\n\n\n\n<div class=\"wp-block-column is-layout-flow wp-block-column-is-layout-flow\" style=\"flex-basis:70%\">\n<h1 class=\"wp-block-heading has-text-align-center\" id=\"tiistaiwesti\" style=\"letter-spacing:5px\">Tuesday West Coast Swing dances<\/h1>\n\n\n\n<hr class=\"wp-block-separator has-alpha-channel-opacity is-style-wide\"\/>\n\n\n\n<p>Tuesday West Coast Swing dances follow largely the same concept as <a href=\"#iltatanssit\">Lindy-Westie Evening Dances<\/a>. This time, only West Coast Swing music will be played \u2013 those interested in Lindy Hop can head to Saaristobaari for <a href=\"https:\/\/www.flyingsteps.fi\/tapahtumat\/\" data-type=\"link\" data-id=\"https:\/\/www.flyingsteps.fi\/tapahtumat\/\">Swing Tuesday<\/a>.<\/p>\n\n\n\n<p>Tuesday Westie dances are a great opportunity to keep your dancing skills up while the weekly courses are on break. We aim to play beginner-friendly music that is easy to lead and follow. Please note that the venue has a seamed tile floor, which may not be the cleanest. We recommend saving your best leather-soled dance shoes for better floors!<\/p>\n\n\n\n<p>The venue is the upstairs cabinet at Proffan Kellari (Rehtoripellonkatu 6, Turku), familiar from Friday dances.<\/p>\n\n\n\n<p>The dates for the Tuesday dance nights are:<\/p>\n\n\n\n<ul class=\"wp-block-list\">\n<li>Tue 10.3. at 18-21<\/li>\n\n\n\n<li>Tue 24.3. at 18-21<\/li>\n<\/ul>\n\n\n\n<p>Welcome everyone, even those who are just interested in the dances!<\/p>\n\n\n\n<div style=\"height:58px\" aria-hidden=\"true\" class=\"wp-block-spacer\"><\/div>\n\n\n\n<h1 class=\"wp-block-heading has-text-align-center\" id=\"arkkutango\" style=\"letter-spacing:5px\">Tutustu argentiinalaiseen tangoon VIIKONLOPPUKURSSIN j\u00e4rjest\u00e4mist\u00e4 kokeillaan uudestaan syksyll\u00e4<\/h1>\n\n\n\n<hr class=\"wp-block-separator has-alpha-channel-opacity is-style-wide\"\/>\n\n\n\n<p><strong>Target audience:<\/strong> Anyone who wants to try or learn Argentine tango.<\/p>\n\n\n\n<p>The course introduces the basics of Argentine tango: movement, music, and culture. You do not need any prior dance experience or skills to participate in the course. During the classes, we will do exercises both alone and in pairs, learning to move with a partner to the music while taking into account the unique characteristics of Argentine tango.<\/p>\n\n\n\n<p>If you are already familiar with other dance styles or want to brush up on the basics of Argentine tango after a break, this course is also perfect for you.<\/p>\n\n\n\n<p><strong>Language:<\/strong> Finnish, English if needed<br><strong>Instructor:<\/strong> Eeva-Mari Salminen<\/p>\n\n\n\n<p>You can register with a partner or on your own. We aim to have an equal number of leads and followers in the class. Partner swapping is optional but recommended. Wear comfortable, flexible clothing that allows for easy movement, and bring flat or heeled dance\/workout shoes. You can also practice in socks.<\/p>\n\n\n\n<p><strong>Schedule<\/strong><\/p>\n\n\n\n<p>la ilmoitetaan my\u00f6hemmin<br>11:00-12:15 Session 1<br>12.30-13.45 Session 2<\/p>\n\n\n\n<p>su ilmoitetaan my\u00f6hemmin<br>11.00-12.15 Session 3<br>12.30-13.45 Session 4<\/p>\n\n\n\n<p><strong>Course fee<\/strong><br>59\u20ac\/person<\/p>\n\n\n\n<p><strong>Course location<\/strong><br>Flying Steps\/Bolero, SALI3<br>Uhril\u00e4hteenkatu 2, Turku<\/p>\n\n\n\n<p><strong>Registration<\/strong> by email at<br>tangoargentino@turkuswingsociety.com<\/p>\n\n\n\n<p>In your registration message, include your <strong>name, email address, phone number, and address<\/strong>.<br>If you are attending with a partner, please also include your partner\u2019s name, email address, phone number, and address.<br>Please also let us know whether you\u2019ll be participating as a leader or a follower.<\/p>\n\n\n\n<p><\/p>\n\n\n\n<div style=\"height:58px\" aria-hidden=\"true\" class=\"wp-block-spacer\"><\/div>\n<\/div>\n\n\n\n<div class=\"wp-block-column is-layout-flow wp-block-column-is-layout-flow\" style=\"flex-basis:15%\"><\/div>\n<\/div>\n\n\n\n<p><\/p>","protected":false},"excerpt":{"rendered":"<p>K\u00e4ynniss\u00e4 olevat ilmoittautumiset Tulevia tapahtumia MAALISKUU 9.3 YO-KIRJOITUKSET ALKAVAT, KAIKKI VIIKKOKURSSIT TAUOLLA. Pe 20.3. Lindy-Westi iltatanssit Proffan kellarissa klo 18-21Ti 24.3. kurssitauon tiistaiwestitanssit Proffan kellarissa klo 18-21 30.3. Viikkokurssit jatkuvat HUHTIKUUPe 10.4. Lindy-Westi iltatanssit Proffan kellarissa klo 18-21Pe 24.4. Lindy-Westi iltatanssit Proffan kellarissa klo 18-21La 25.4. &#8211; Su 26.4. Argentiinalaisen tangon viikonloppukurssi peruttiin. Syksyll\u00e4 kokeillaan [&hellip;]<\/p>\n","protected":false},"author":1,"featured_media":0,"parent":0,"menu_order":0,"comment_status":"closed","ping_status":"closed","template":"","meta":{"ocean_post_layout":"","ocean_both_sidebars_style":"","ocean_both_sidebars_content_width":0,"ocean_both_sidebars_sidebars_width":0,"ocean_sidebar":"0","ocean_second_sidebar":"0","ocean_disable_margins":"enable","ocean_add_body_class":"","ocean_shortcode_before_top_bar":"","ocean_shortcode_after_top_bar":"","ocean_shortcode_before_header":"","ocean_shortcode_after_header":"","ocean_has_shortcode":"","ocean_shortcode_after_title":"","ocean_shortcode_before_footer_widgets":"","ocean_shortcode_after_footer_widgets":"","ocean_shortcode_before_footer_bottom":"","ocean_shortcode_after_footer_bottom":"","ocean_display_top_bar":"default","ocean_display_header":"default","ocean_header_style":"","ocean_center_header_left_menu":"0","ocean_custom_header_template":"0","ocean_custom_logo":0,"ocean_custom_retina_logo":0,"ocean_custom_logo_max_width":0,"ocean_custom_logo_tablet_max_width":0,"ocean_custom_logo_mobile_max_width":0,"ocean_custom_logo_max_height":0,"ocean_custom_logo_tablet_max_height":0,"ocean_custom_logo_mobile_max_height":0,"ocean_header_custom_menu":"0","ocean_menu_typo_font_family":"0","ocean_menu_typo_font_subset":"","ocean_menu_typo_font_size":0,"ocean_menu_typo_font_size_tablet":0,"ocean_menu_typo_font_size_mobile":0,"ocean_menu_typo_font_size_unit":"px","ocean_menu_typo_font_weight":"","ocean_menu_typo_font_weight_tablet":"","ocean_menu_typo_font_weight_mobile":"","ocean_menu_typo_transform":"","ocean_menu_typo_transform_tablet":"","ocean_menu_typo_transform_mobile":"","ocean_menu_typo_line_height":0,"ocean_menu_typo_line_height_tablet":0,"ocean_menu_typo_line_height_mobile":0,"ocean_menu_typo_line_height_unit":"","ocean_menu_typo_spacing":0,"ocean_menu_typo_spacing_tablet":0,"ocean_menu_typo_spacing_mobile":0,"ocean_menu_typo_spacing_unit":"","ocean_menu_link_color":"","ocean_menu_link_color_hover":"","ocean_menu_link_color_active":"","ocean_menu_link_background":"","ocean_menu_link_hover_background":"","ocean_menu_link_active_background":"","ocean_menu_social_links_bg":"","ocean_menu_social_hover_links_bg":"","ocean_menu_social_links_color":"","ocean_menu_social_hover_links_color":"","ocean_disable_title":"default","ocean_disable_heading":"default","ocean_post_title":"","ocean_post_subheading":"","ocean_post_title_style":"","ocean_post_title_background_color":"","ocean_post_title_background":0,"ocean_post_title_bg_image_position":"","ocean_post_title_bg_image_attachment":"","ocean_post_title_bg_image_repeat":"","ocean_post_title_bg_image_size":"","ocean_post_title_height":0,"ocean_post_title_bg_overlay":0.5,"ocean_post_title_bg_overlay_color":"","ocean_disable_breadcrumbs":"default","ocean_breadcrumbs_color":"","ocean_breadcrumbs_separator_color":"","ocean_breadcrumbs_links_color":"","ocean_breadcrumbs_links_hover_color":"","ocean_display_footer_widgets":"default","ocean_display_footer_bottom":"default","ocean_custom_footer_template":"0","footnotes":""},"class_list":["post-4170","page","type-page","status-publish","hentry","entry"],"aioseo_notices":[],"_links":{"self":[{"href":"https:\/\/www.turkuswingsociety.com\/tss\/en\/wp-json\/wp\/v2\/pages\/4170","targetHints":{"allow":["GET"]}}],"collection":[{"href":"https:\/\/www.turkuswingsociety.com\/tss\/en\/wp-json\/wp\/v2\/pages"}],"about":[{"href":"https:\/\/www.turkuswingsociety.com\/tss\/en\/wp-json\/wp\/v2\/types\/page"}],"author":[{"embeddable":true,"href":"https:\/\/www.turkuswingsociety.com\/tss\/en\/wp-json\/wp\/v2\/users\/1"}],"replies":[{"embeddable":true,"href":"https:\/\/www.turkuswingsociety.com\/tss\/en\/wp-json\/wp\/v2\/comments?post=4170"}],"version-history":[{"count":356,"href":"https:\/\/www.turkuswingsociety.com\/tss\/en\/wp-json\/wp\/v2\/pages\/4170\/revisions"}],"predecessor-version":[{"id":6548,"href":"https:\/\/www.turkuswingsociety.com\/tss\/en\/wp-json\/wp\/v2\/pages\/4170\/revisions\/6548"}],"wp:attachment":[{"href":"https:\/\/www.turkuswingsociety.com\/tss\/en\/wp-json\/wp\/v2\/media?parent=4170"}],"curies":[{"name":"wp","href":"https:\/\/api.w.org\/{rel}","templated":true}]}}