{"id":3984,"date":"2023-02-06T01:06:48","date_gmt":"2023-02-05T22:06:48","guid":{"rendered":"https:\/\/turkuswingsociety.com\/tss\/?page_id=3984"},"modified":"2025-01-16T21:23:13","modified_gmt":"2025-01-16T18:23:13","slug":"tietoa-meista","status":"publish","type":"page","link":"https:\/\/www.turkuswingsociety.com\/tss\/en\/tietoa-meista\/","title":{"rendered":"About us"},"content":{"rendered":"<div style=\"height:58px\" aria-hidden=\"true\" class=\"wp-block-spacer\"><\/div>\n\n\n\n<div class=\"wp-block-cover alignfull is-light\" style=\"min-height:400px;aspect-ratio:unset;\"><span aria-hidden=\"true\" class=\"wp-block-cover__background has-background-dim-20 has-background-dim wp-block-cover__gradient-background has-background-gradient\" style=\"background:linear-gradient(135deg,rgb(169,184,195) undefined%,rgb(238,238,238) 54%)\"><\/span><img loading=\"lazy\" decoding=\"async\" width=\"1740\" height=\"800\" class=\"wp-block-cover__image-background wp-image-5188\" alt=\"\" src=\"https:\/\/turkuswingsociety.com\/tss\/wp-content\/uploads\/2023\/07\/jerejelena-EXPANDED-mustavalko-cropped-blurred-MERGED-fixed-vari-liila-tiilit-2varia-compressed-darker-2-kapea-compressed.jpg\" style=\"object-position:50% 40%\" data-object-fit=\"cover\" data-object-position=\"50% 40%\" srcset=\"https:\/\/www.turkuswingsociety.com\/tss\/wp-content\/uploads\/2023\/07\/jerejelena-EXPANDED-mustavalko-cropped-blurred-MERGED-fixed-vari-liila-tiilit-2varia-compressed-darker-2-kapea-compressed.jpg 1740w, https:\/\/www.turkuswingsociety.com\/tss\/wp-content\/uploads\/2023\/07\/jerejelena-EXPANDED-mustavalko-cropped-blurred-MERGED-fixed-vari-liila-tiilit-2varia-compressed-darker-2-kapea-compressed-300x138.jpg 300w, https:\/\/www.turkuswingsociety.com\/tss\/wp-content\/uploads\/2023\/07\/jerejelena-EXPANDED-mustavalko-cropped-blurred-MERGED-fixed-vari-liila-tiilit-2varia-compressed-darker-2-kapea-compressed-1024x471.jpg 1024w, https:\/\/www.turkuswingsociety.com\/tss\/wp-content\/uploads\/2023\/07\/jerejelena-EXPANDED-mustavalko-cropped-blurred-MERGED-fixed-vari-liila-tiilit-2varia-compressed-darker-2-kapea-compressed-768x353.jpg 768w, https:\/\/www.turkuswingsociety.com\/tss\/wp-content\/uploads\/2023\/07\/jerejelena-EXPANDED-mustavalko-cropped-blurred-MERGED-fixed-vari-liila-tiilit-2varia-compressed-darker-2-kapea-compressed-1536x706.jpg 1536w, https:\/\/www.turkuswingsociety.com\/tss\/wp-content\/uploads\/2023\/07\/jerejelena-EXPANDED-mustavalko-cropped-blurred-MERGED-fixed-vari-liila-tiilit-2varia-compressed-darker-2-kapea-compressed-18x8.jpg 18w\" sizes=\"auto, (max-width: 1740px) 100vw, 1740px\" \/><div class=\"wp-block-cover__inner-container is-layout-flow wp-block-cover-is-layout-flow\">\n<p class=\"has-text-align-center has-x-large-font-size\" style=\"font-style:normal;font-weight:400;letter-spacing:5px\"><mark style=\"background-color:rgba(0, 0, 0, 0);color:#e2d2f4\" class=\"has-inline-color\">ABOUT US<\/mark><\/p>\n<\/div><\/div>\n\n\n\n<div style=\"height:80px\" aria-hidden=\"true\" class=\"wp-block-spacer\"><\/div>\n\n\n\n<div class=\"wp-block-columns is-layout-flex wp-container-core-columns-is-layout-9d6595d7 wp-block-columns-is-layout-flex\">\n<div class=\"wp-block-column is-layout-flow wp-block-column-is-layout-flow\" style=\"flex-basis:15%\"><\/div>\n\n\n\n<div class=\"wp-block-column is-layout-flow wp-block-column-is-layout-flow\" style=\"flex-basis:70%\">\n<h1 class=\"wp-block-heading has-text-align-center\" style=\"letter-spacing:5px\">Turku Swing Society Ry<\/h1>\n\n\n\n<hr class=\"wp-block-separator has-alpha-channel-opacity is-style-wide\"\/>\n\n\n\n<p>We are a vibrant rock'n'swing partner dance association specializing in swing dances and Argentine tango. Turku Swing Society (TSS) was established in October 2005, and our goal is to promote swing dances and Argentine tango and to be more than just a dance association. We strive to create a community where everyone is on an equal footing and where everyone is included and valued.<\/p>\n\n\n\n<p>We organise weekly lessons of <a href=\"\/tss\/en\/tanssilajit\/#lindy\" target=\"_blank\" rel=\"noreferrer noopener\">Lindy Hop<\/a>, <a href=\"\/tss\/en\/tanssilajit\/#wcs\" target=\"_blank\" rel=\"noreferrer noopener\">West Coast Swing<\/a> and <a href=\"\/tss\/en\/tanssilajit\/#tango\" target=\"_blank\" rel=\"noreferrer noopener\">Argentine Tango<\/a> in the autumn and spring seasons depending on availability. We also hold dance parties and free practices throughout the year and offer occasional classes in the summer. We also organise different weekend and intensive courses. We offer lessons by level groups from the very beginners to those who have been dancing for a long time.<\/p>\n\n\n\n<p>We inform about upcoming events and other current matters on our website, in our member newsletter, and on social media. Read more about our communication <a href=\"\/tss\/en\/tiedotus\/\" target=\"_blank\" rel=\"noreferrer noopener\">here<\/a>.<\/p>\n\n\n\n<p>Here you can find the association's current <a href=\"\/tss\/en\/saannot\/\" target=\"_blank\" rel=\"noreferrer noopener\">rules<\/a>, <a href=\"\/tss\/en\/toimintakertomus-ja-suunnitelma\/\" data-type=\"URL\" data-id=\"\/tss\/toimintakertomus-ja-suunnitelma\/\" target=\"_blank\" rel=\"noreferrer noopener\">action plan, activity report<\/a> and <a href=\"\/tss\/en\/jasenrekisteriseloste\/\" target=\"_blank\" rel=\"noreferrer noopener\">privacy policy<\/a>.<\/p>\n<\/div>\n\n\n\n<div class=\"wp-block-column is-layout-flow wp-block-column-is-layout-flow\" style=\"flex-basis:15%\"><\/div>\n<\/div>\n\n\n\n<div style=\"height:58px\" aria-hidden=\"true\" class=\"wp-block-spacer\"><\/div>\n\n\n\n<div class=\"wp-block-columns is-layout-flex wp-container-core-columns-is-layout-9d6595d7 wp-block-columns-is-layout-flex\">\n<div class=\"wp-block-column is-layout-flow wp-block-column-is-layout-flow\" style=\"flex-basis:15%\"><\/div>\n\n\n\n<div class=\"wp-block-column is-layout-flow wp-block-column-is-layout-flow\" style=\"flex-basis:70%\">\n<h1 class=\"wp-block-heading has-text-align-center\" style=\"letter-spacing:5px\">Board and active members 2025<\/h1>\n\n\n\n<hr class=\"wp-block-separator has-alpha-channel-opacity is-style-wide\"\/>\n\n\n\n<p class=\"translation-block\">Our activities are based entirely on the contribution of volunteers. We are constantly looking for new enthusiastic helpers for various responsibilities, both small and larger, to sustain our association's activities.<\/p>\n\n\n\n<p>All members are welcome to attend the meetings of the Turku Swing Society board. If you would like to get involved and have a say, or simply listen in, feel free to ask our head of the board for the next meeting time!<\/p>\n\n\n\n<p>If you are interested in association activities, you can find more information <a href=\"\/tss\/en\/vapaaehtoiseksi\/\" target=\"_blank\" rel=\"noreferrer noopener\">here<\/a>!<\/p>\n\n\n\n<h3 class=\"wp-block-heading\" style=\"letter-spacing:2px\"><strong>Board members:<\/strong><\/h3>\n\n\n\n<ul class=\"wp-block-list\">\n<li>Head of the Board and Lindy Hop Coordinator: Nuutti Vertanen: puheenjohtaja(at)turkuswingsociety.com, lindyhop(at)turkuswingsociety.com<\/li>\n\n\n\n<li>Varapuheenjohtaja, west coast swing -vastaava, tila- ja musiikkivastaava:&nbsp;Antero Sepp\u00e4nen: wcs(at)turkuswingsociety.com<\/li>\n\n\n\n<li>Secretary: Maria Myll\u00e4ri: tiedottaja(at)turkuswingsociety.com<\/li>\n\n\n\n<li>Treasurer: Jelena Vuorinen: rahastonhoitaja(at)turkuswingsociety.com<\/li>\n\n\n\n<li>Deputy members: Oona Peltonen, Markus Harteela<\/li>\n<\/ul>\n\n\n\n<h3 class=\"wp-block-heading\" style=\"letter-spacing:2px\"><strong>Other coordinators:<\/strong><\/h3>\n\n\n\n<ul class=\"wp-block-list\">\n<li>Member Representative and Data Security, Equality, and Well-being Coordinator: Oona Peltonen: jasenvastaava(at)turkuswingsociety.com<\/li>\n\n\n\n<li>Webmaster: Mari Salonen<\/li>\n\n\n\n<li>Social Media Coordinator: Ellinoora Havaste<\/li>\n\n\n\n<li>Registration Coordinator:\u00a0Sergey Borisov<\/li>\n\n\n\n<li>Argentine Tango Coordinator:\u00a0Robert Hafr\u00e9n, tangoargentino(at)turkuswingsociety.com<\/li>\n\n\n\n<li>Assistant West Coast Swing Coordinator:\u00a0Mikko Peltonen de Santiago<\/li>\n<\/ul>\n<\/div>\n\n\n\n<div class=\"wp-block-column is-layout-flow wp-block-column-is-layout-flow\" style=\"flex-basis:15%\"><\/div>\n<\/div>\n\n\n\n<div style=\"height:58px\" aria-hidden=\"true\" class=\"wp-block-spacer\"><\/div>\n\n\n\n<div class=\"wp-block-columns is-layout-flex wp-container-core-columns-is-layout-9d6595d7 wp-block-columns-is-layout-flex\">\n<div class=\"wp-block-column is-layout-flow wp-block-column-is-layout-flow\" style=\"flex-basis:15%\"><\/div>\n\n\n\n<div class=\"wp-block-column is-layout-flow wp-block-column-is-layout-flow\" style=\"flex-basis:70%\">\n<h1 class=\"wp-block-heading has-text-align-center\" style=\"letter-spacing:5px\">Teachers 2025<\/h1>\n\n\n\n<hr class=\"wp-block-separator has-alpha-channel-opacity is-style-wide\"\/>\n\n\n\n<p>Our teachers are dedicated volunteers who have been practicing their dance styles for a long time. They continuously maintain and develop their skills, and some of them also compete in their respective dance styles.<\/p>\n\n\n\n<ul class=\"wp-block-list\">\n<li>Lindy Hop: Jasmin Moussa, Olli Moisio, Marianna Manninen<\/li>\n\n\n\n<li>West coast swing: Terhi Vuovirta, Hannu-Pekka Schukov, Jelena Vuorinen, Disa Sj\u00f6gren, Mikko Peltonen de Santiago, Antero Sepp\u00e4nen, Markus Harteela<\/li>\n\n\n\n<li>Argentine Tango: Eeva-Mari Salminen<\/li>\n<\/ul>\n<\/div>\n\n\n\n<div class=\"wp-block-column is-layout-flow wp-block-column-is-layout-flow\" style=\"flex-basis:15%\"><\/div>\n<\/div>\n\n\n\n<div style=\"height:39px\" aria-hidden=\"true\" class=\"wp-block-spacer\"><\/div>","protected":false},"excerpt":{"rendered":"<p>Turku Swing Society Ry Olemme nuorekas swingtansseihin ja argentiinalaiseen tangoon erikoistunut rock\u2019n\u2019swing-paritanssiseura ja aktiivinen tanssiyhteis\u00f6. Turku Swing Society ry (TSS) on perustettu lokakuussa 2005 ja tavoitteenamme on tehd\u00e4 swingtansseja ja argentiinalaista tangoa tunnetuksi, ja olla enemm\u00e4n kuin vain tanssiseura. Haluamme olla yhteis\u00f6, jossa kaikki ovat samalla viivalla ja johon kaikki ovat tervetulleita. J\u00e4rjest\u00e4mme mahdollisuuksien mukaan [&hellip;]<\/p>\n","protected":false},"author":1,"featured_media":0,"parent":0,"menu_order":0,"comment_status":"closed","ping_status":"closed","template":"","meta":{"ocean_post_layout":"","ocean_both_sidebars_style":"","ocean_both_sidebars_content_width":0,"ocean_both_sidebars_sidebars_width":0,"ocean_sidebar":"0","ocean_second_sidebar":"0","ocean_disable_margins":"enable","ocean_add_body_class":"","ocean_shortcode_before_top_bar":"","ocean_shortcode_after_top_bar":"","ocean_shortcode_before_header":"","ocean_shortcode_after_header":"","ocean_has_shortcode":"","ocean_shortcode_after_title":"","ocean_shortcode_before_footer_widgets":"","ocean_shortcode_after_footer_widgets":"","ocean_shortcode_before_footer_bottom":"","ocean_shortcode_after_footer_bottom":"","ocean_display_top_bar":"default","ocean_display_header":"default","ocean_header_style":"","ocean_center_header_left_menu":"0","ocean_custom_header_template":"0","ocean_custom_logo":0,"ocean_custom_retina_logo":0,"ocean_custom_logo_max_width":0,"ocean_custom_logo_tablet_max_width":0,"ocean_custom_logo_mobile_max_width":0,"ocean_custom_logo_max_height":0,"ocean_custom_logo_tablet_max_height":0,"ocean_custom_logo_mobile_max_height":0,"ocean_header_custom_menu":"0","ocean_menu_typo_font_family":"0","ocean_menu_typo_font_subset":"","ocean_menu_typo_font_size":0,"ocean_menu_typo_font_size_tablet":0,"ocean_menu_typo_font_size_mobile":0,"ocean_menu_typo_font_size_unit":"px","ocean_menu_typo_font_weight":"","ocean_menu_typo_font_weight_tablet":"","ocean_menu_typo_font_weight_mobile":"","ocean_menu_typo_transform":"","ocean_menu_typo_transform_tablet":"","ocean_menu_typo_transform_mobile":"","ocean_menu_typo_line_height":0,"ocean_menu_typo_line_height_tablet":0,"ocean_menu_typo_line_height_mobile":0,"ocean_menu_typo_line_height_unit":"","ocean_menu_typo_spacing":0,"ocean_menu_typo_spacing_tablet":0,"ocean_menu_typo_spacing_mobile":0,"ocean_menu_typo_spacing_unit":"","ocean_menu_link_color":"","ocean_menu_link_color_hover":"","ocean_menu_link_color_active":"","ocean_menu_link_background":"","ocean_menu_link_hover_background":"","ocean_menu_link_active_background":"","ocean_menu_social_links_bg":"","ocean_menu_social_hover_links_bg":"","ocean_menu_social_links_color":"","ocean_menu_social_hover_links_color":"","ocean_disable_title":"default","ocean_disable_heading":"default","ocean_post_title":"","ocean_post_subheading":"","ocean_post_title_style":"","ocean_post_title_background_color":"","ocean_post_title_background":0,"ocean_post_title_bg_image_position":"","ocean_post_title_bg_image_attachment":"","ocean_post_title_bg_image_repeat":"","ocean_post_title_bg_image_size":"","ocean_post_title_height":0,"ocean_post_title_bg_overlay":0.5,"ocean_post_title_bg_overlay_color":"","ocean_disable_breadcrumbs":"default","ocean_breadcrumbs_color":"","ocean_breadcrumbs_separator_color":"","ocean_breadcrumbs_links_color":"","ocean_breadcrumbs_links_hover_color":"","ocean_display_footer_widgets":"default","ocean_display_footer_bottom":"default","ocean_custom_footer_template":"0","footnotes":""},"class_list":["post-3984","page","type-page","status-publish","hentry","entry"],"aioseo_notices":[],"_links":{"self":[{"href":"https:\/\/www.turkuswingsociety.com\/tss\/en\/wp-json\/wp\/v2\/pages\/3984","targetHints":{"allow":["GET"]}}],"collection":[{"href":"https:\/\/www.turkuswingsociety.com\/tss\/en\/wp-json\/wp\/v2\/pages"}],"about":[{"href":"https:\/\/www.turkuswingsociety.com\/tss\/en\/wp-json\/wp\/v2\/types\/page"}],"author":[{"embeddable":true,"href":"https:\/\/www.turkuswingsociety.com\/tss\/en\/wp-json\/wp\/v2\/users\/1"}],"replies":[{"embeddable":true,"href":"https:\/\/www.turkuswingsociety.com\/tss\/en\/wp-json\/wp\/v2\/comments?post=3984"}],"version-history":[{"count":61,"href":"https:\/\/www.turkuswingsociety.com\/tss\/en\/wp-json\/wp\/v2\/pages\/3984\/revisions"}],"predecessor-version":[{"id":6234,"href":"https:\/\/www.turkuswingsociety.com\/tss\/en\/wp-json\/wp\/v2\/pages\/3984\/revisions\/6234"}],"wp:attachment":[{"href":"https:\/\/www.turkuswingsociety.com\/tss\/en\/wp-json\/wp\/v2\/media?parent=3984"}],"curies":[{"name":"wp","href":"https:\/\/api.w.org\/{rel}","templated":true}]}}