{"id":3886,"date":"2023-02-05T22:32:55","date_gmt":"2023-02-05T19:32:55","guid":{"rendered":"https:\/\/turkuswingsociety.com\/tss\/?page_id=3886"},"modified":"2025-09-01T19:57:32","modified_gmt":"2025-09-01T16:57:32","slug":"hinnasto","status":"publish","type":"page","link":"https:\/\/www.turkuswingsociety.com\/tss\/en\/hinnasto\/","title":{"rendered":"Prices"},"content":{"rendered":"<div style=\"height:58px\" aria-hidden=\"true\" class=\"wp-block-spacer\"><\/div>\n\n\n\n<div class=\"wp-block-cover alignfull is-light\" style=\"min-height:400px;aspect-ratio:unset;\"><img loading=\"lazy\" decoding=\"async\" width=\"1740\" height=\"800\" class=\"wp-block-cover__image-background wp-image-5188\" alt=\"\" src=\"https:\/\/turkuswingsociety.com\/tss\/wp-content\/uploads\/2023\/07\/jerejelena-EXPANDED-mustavalko-cropped-blurred-MERGED-fixed-vari-liila-tiilit-2varia-compressed-darker-2-kapea-compressed.jpg\" style=\"object-position:50% 40%\" data-object-fit=\"cover\" data-object-position=\"50% 40%\" srcset=\"https:\/\/www.turkuswingsociety.com\/tss\/wp-content\/uploads\/2023\/07\/jerejelena-EXPANDED-mustavalko-cropped-blurred-MERGED-fixed-vari-liila-tiilit-2varia-compressed-darker-2-kapea-compressed.jpg 1740w, https:\/\/www.turkuswingsociety.com\/tss\/wp-content\/uploads\/2023\/07\/jerejelena-EXPANDED-mustavalko-cropped-blurred-MERGED-fixed-vari-liila-tiilit-2varia-compressed-darker-2-kapea-compressed-300x138.jpg 300w, https:\/\/www.turkuswingsociety.com\/tss\/wp-content\/uploads\/2023\/07\/jerejelena-EXPANDED-mustavalko-cropped-blurred-MERGED-fixed-vari-liila-tiilit-2varia-compressed-darker-2-kapea-compressed-1024x471.jpg 1024w, https:\/\/www.turkuswingsociety.com\/tss\/wp-content\/uploads\/2023\/07\/jerejelena-EXPANDED-mustavalko-cropped-blurred-MERGED-fixed-vari-liila-tiilit-2varia-compressed-darker-2-kapea-compressed-768x353.jpg 768w, https:\/\/www.turkuswingsociety.com\/tss\/wp-content\/uploads\/2023\/07\/jerejelena-EXPANDED-mustavalko-cropped-blurred-MERGED-fixed-vari-liila-tiilit-2varia-compressed-darker-2-kapea-compressed-1536x706.jpg 1536w, https:\/\/www.turkuswingsociety.com\/tss\/wp-content\/uploads\/2023\/07\/jerejelena-EXPANDED-mustavalko-cropped-blurred-MERGED-fixed-vari-liila-tiilit-2varia-compressed-darker-2-kapea-compressed-18x8.jpg 18w\" sizes=\"auto, (max-width: 1740px) 100vw, 1740px\" \/><span aria-hidden=\"true\" class=\"wp-block-cover__background has-background-dim-20 has-background-dim wp-block-cover__gradient-background has-background-gradient\" style=\"background:linear-gradient(135deg,rgb(169,184,195) undefined%,rgb(238,238,238) 54%)\"><\/span><div class=\"wp-block-cover__inner-container is-layout-flow wp-block-cover-is-layout-flow\">\n<p class=\"has-text-align-center has-x-large-font-size\" style=\"font-style:normal;font-weight:400;letter-spacing:5px\"><mark style=\"background-color:rgba(0, 0, 0, 0);color:#e2d2f4\" class=\"has-inline-color\">PRICES<\/mark><\/p>\n<\/div><\/div>\n\n\n\n<div style=\"height:80px\" aria-hidden=\"true\" class=\"wp-block-spacer\"><\/div>\n\n\n\n<div class=\"wp-block-columns is-layout-flex wp-container-core-columns-is-layout-9d6595d7 wp-block-columns-is-layout-flex\">\n<div class=\"wp-block-column is-layout-flow wp-block-column-is-layout-flow\" style=\"flex-basis:15%\"><\/div>\n\n\n\n<div class=\"wp-block-column is-layout-flow wp-block-column-is-layout-flow\" style=\"flex-basis:70%\">\n<h1 class=\"wp-block-heading has-text-align-center\" style=\"letter-spacing:5px\">Autumn season fees 2025<\/h1>\n\n\n\n<hr class=\"wp-block-separator has-alpha-channel-opacity is-style-wide\"\/>\n\n\n\n<div class=\"wp-block-columns are-vertically-aligned-center has-background is-layout-flex wp-container-core-columns-is-layout-9d6595d7 wp-block-columns-is-layout-flex\" style=\"background-color:#210e5e4f\">\n<div class=\"wp-block-column is-vertically-aligned-center is-layout-flow wp-block-column-is-layout-flow\">\n<div style=\"height:20px\" aria-hidden=\"true\" class=\"wp-block-spacer\"><\/div>\n\n\n\n<h3 class=\"wp-block-heading has-text-align-right\" style=\"letter-spacing:2px\"><strong>Discount groups<\/strong><\/h3>\n\n\n\n<p class=\"has-text-align-right\">55 \u20ac \/ 11 sessions (CampusSport: 45 \u20ac)<\/p>\n<\/div>\n\n\n\n<div class=\"wp-block-column is-vertically-aligned-center is-layout-flow wp-block-column-is-layout-flow\">\n<div style=\"height:20px\" aria-hidden=\"true\" class=\"wp-block-spacer\"><\/div>\n\n\n\n<h3 class=\"wp-block-heading has-text-align-center\" style=\"letter-spacing:2px\"><strong>Employed<\/strong><\/h3>\n\n\n\n<p class=\"has-text-align-center\">110 \u20ac \/ 11 sessions (CampusSport: 100 \u20ac)<\/p>\n<\/div>\n\n\n\n<div class=\"wp-block-column is-layout-flow wp-block-column-is-layout-flow\">\n<div style=\"height:20px\" aria-hidden=\"true\" class=\"wp-block-spacer\"><\/div>\n\n\n\n<h3 class=\"wp-block-heading\" style=\"letter-spacing:2px\"><strong>Membership fee<\/strong><\/h3>\n\n\n\n<p><strong>25 \u20ac<\/strong> \/ calendar year<br>(January-December)<\/p>\n<\/div>\n<\/div>\n\n\n\n<ul class=\"wp-block-list\">\n<li>Come and try out the first classes of our courses for&nbsp;<strong>FREE<\/strong>&nbsp;without pre-registration! However, remember that we balance leaders and followers on our courses, so you'll more likely get a spot in the course, if you register in advance or with a partner!<\/li>\n\n\n\n<li class=\"translation-block\">When you have paid the course fee, you are eligible to attend <strong>all the courses of the season at the same price!<\/strong> Remember to pre-register for all the courses you wish to join.<\/li>\n\n\n\n<li>The membership fee, paid once per calendar year (Jan\u2013Dec), is added to the season's course fee.<\/li>\n\n\n\n<li>We offer a significantly discounted price for individuals with lower income (students, postgraduate students, unemployed individuals, and retirees). CampusSport members are eligible for an additional discount.<\/li>\n\n\n\n<li>You can also register only as a <a href=\"https:\/\/www.turkuswingsociety.com\/tss\/en\/jaseneksi\/\" target=\"_blank\" rel=\"noopener\" title=\"\">member<\/a>, allowing you to enjoy our membership benefits and show your support to Turku Swing Society.<\/li>\n\n\n\n<li>Payment instructions will be sent to the registered participants once the course selections are finalized. Please remember to check your spam folder as well!<\/li>\n<\/ul>\n\n\n\n<div style=\"height:58px\" aria-hidden=\"true\" class=\"wp-block-spacer\"><\/div>\n\n\n\n<h1 class=\"wp-block-heading has-text-align-center\">Membership benefits<\/h1>\n\n\n\n<hr class=\"wp-block-separator has-alpha-channel-opacity is-style-wide\"\/>\n\n\n\n<p>As a member of Turku Swing Society, you get to enjoy the following membership benefits:<\/p>\n\n\n\n<ul class=\"wp-block-list\">\n<li>Discounted prices for parties and practice sessions<\/li>\n\n\n\n<li>Discounted prices for <a href=\"https:\/\/www.turkuswingsociety.com\/tss\/en\/kannatustuotteet\/\" target=\"_blank\" rel=\"noopener\" title=\"\">our merchandise<\/a><\/li>\n\n\n\n<li><a href=\"http:\/\/www.susel.fi\/j%C3%A4senetupaikat\" data-type=\"URL\" data-id=\"http:\/\/www.susel.fi\/j%C3%A4senetupaikat\" target=\"_blank\" rel=\"noreferrer noopener\">SUSEL<\/a> membership benefits<\/li>\n<\/ul>\n\n\n\n<p>And that's not all! By participating in our courses and events, you will also gain a lifelong hobby, make new friends, and be surrounded by a youthful and inspiring community!<\/p>\n\n\n\n<div style=\"height:58px\" aria-hidden=\"true\" class=\"wp-block-spacer\"><\/div>\n\n\n\n<h1 class=\"wp-block-heading has-text-align-center\">Gift cards<\/h1>\n\n\n\n<hr class=\"wp-block-separator has-alpha-channel-opacity is-style-wide\"\/>\n\n\n\n<p>Surprise your loved ones with a gift full of dance! You can choose the desired amount for the gift card, and it can be used as a payment method for Turku Swing Society's dance courses and events for one year from the date of purchase. For more information, please contact our member representative at jasenvastaava(at)turkuswingsociety.com!<\/p>\n\n\n\n<div style=\"height:58px\" aria-hidden=\"true\" class=\"wp-block-spacer\"><\/div>\n<\/div>\n\n\n\n<div class=\"wp-block-column is-layout-flow wp-block-column-is-layout-flow\" style=\"flex-basis:15%\"><\/div>\n<\/div>","protected":false},"excerpt":{"rendered":"<p>Syyskauden hinnat 2025 Alennusryhm\u00e4t 55 \u20ac \/ 11 kertaa (CampusSport: 45 \u20ac) Ty\u00f6ss\u00e4k\u00e4yv\u00e4t 110 \u20ac \/ 11 kertaa (CampusSport: 100 \u20ac) J\u00e4senmaksu 25 \u20ac \/ kalenterivuosi(tammikuu-joulukuu) J\u00e4senedut Turku Swing Societyn j\u00e4senen\u00e4 saat nauttia seuraavista j\u00e4seneduista: Eik\u00e4 siin\u00e4 viel\u00e4 kaikki! Osallistumalla kursseillemme ja tapahtumiin saat lis\u00e4ksi elinik\u00e4isen tanssiharrastuksen, uusia yst\u00e4vi\u00e4 ja ymp\u00e4rillesi nuorekkaan ja innostavan yhteis\u00f6n! [&hellip;]<\/p>\n","protected":false},"author":1,"featured_media":0,"parent":0,"menu_order":0,"comment_status":"closed","ping_status":"closed","template":"","meta":{"ocean_post_layout":"","ocean_both_sidebars_style":"","ocean_both_sidebars_content_width":0,"ocean_both_sidebars_sidebars_width":0,"ocean_sidebar":"0","ocean_second_sidebar":"0","ocean_disable_margins":"enable","ocean_add_body_class":"","ocean_shortcode_before_top_bar":"","ocean_shortcode_after_top_bar":"","ocean_shortcode_before_header":"","ocean_shortcode_after_header":"","ocean_has_shortcode":"","ocean_shortcode_after_title":"","ocean_shortcode_before_footer_widgets":"","ocean_shortcode_after_footer_widgets":"","ocean_shortcode_before_footer_bottom":"","ocean_shortcode_after_footer_bottom":"","ocean_display_top_bar":"default","ocean_display_header":"default","ocean_header_style":"","ocean_center_header_left_menu":"0","ocean_custom_header_template":"0","ocean_custom_logo":0,"ocean_custom_retina_logo":0,"ocean_custom_logo_max_width":0,"ocean_custom_logo_tablet_max_width":0,"ocean_custom_logo_mobile_max_width":0,"ocean_custom_logo_max_height":0,"ocean_custom_logo_tablet_max_height":0,"ocean_custom_logo_mobile_max_height":0,"ocean_header_custom_menu":"0","ocean_menu_typo_font_family":"0","ocean_menu_typo_font_subset":"","ocean_menu_typo_font_size":0,"ocean_menu_typo_font_size_tablet":0,"ocean_menu_typo_font_size_mobile":0,"ocean_menu_typo_font_size_unit":"px","ocean_menu_typo_font_weight":"","ocean_menu_typo_font_weight_tablet":"","ocean_menu_typo_font_weight_mobile":"","ocean_menu_typo_transform":"","ocean_menu_typo_transform_tablet":"","ocean_menu_typo_transform_mobile":"","ocean_menu_typo_line_height":0,"ocean_menu_typo_line_height_tablet":0,"ocean_menu_typo_line_height_mobile":0,"ocean_menu_typo_line_height_unit":"","ocean_menu_typo_spacing":0,"ocean_menu_typo_spacing_tablet":0,"ocean_menu_typo_spacing_mobile":0,"ocean_menu_typo_spacing_unit":"","ocean_menu_link_color":"","ocean_menu_link_color_hover":"","ocean_menu_link_color_active":"","ocean_menu_link_background":"","ocean_menu_link_hover_background":"","ocean_menu_link_active_background":"","ocean_menu_social_links_bg":"","ocean_menu_social_hover_links_bg":"","ocean_menu_social_links_color":"","ocean_menu_social_hover_links_color":"","ocean_disable_title":"default","ocean_disable_heading":"default","ocean_post_title":"","ocean_post_subheading":"","ocean_post_title_style":"","ocean_post_title_background_color":"","ocean_post_title_background":0,"ocean_post_title_bg_image_position":"","ocean_post_title_bg_image_attachment":"","ocean_post_title_bg_image_repeat":"","ocean_post_title_bg_image_size":"","ocean_post_title_height":0,"ocean_post_title_bg_overlay":0.5,"ocean_post_title_bg_overlay_color":"","ocean_disable_breadcrumbs":"default","ocean_breadcrumbs_color":"","ocean_breadcrumbs_separator_color":"","ocean_breadcrumbs_links_color":"","ocean_breadcrumbs_links_hover_color":"","ocean_display_footer_widgets":"default","ocean_display_footer_bottom":"default","ocean_custom_footer_template":"0","footnotes":""},"class_list":["post-3886","page","type-page","status-publish","hentry","entry"],"aioseo_notices":[],"_links":{"self":[{"href":"https:\/\/www.turkuswingsociety.com\/tss\/en\/wp-json\/wp\/v2\/pages\/3886","targetHints":{"allow":["GET"]}}],"collection":[{"href":"https:\/\/www.turkuswingsociety.com\/tss\/en\/wp-json\/wp\/v2\/pages"}],"about":[{"href":"https:\/\/www.turkuswingsociety.com\/tss\/en\/wp-json\/wp\/v2\/types\/page"}],"author":[{"embeddable":true,"href":"https:\/\/www.turkuswingsociety.com\/tss\/en\/wp-json\/wp\/v2\/users\/1"}],"replies":[{"embeddable":true,"href":"https:\/\/www.turkuswingsociety.com\/tss\/en\/wp-json\/wp\/v2\/comments?post=3886"}],"version-history":[{"count":72,"href":"https:\/\/www.turkuswingsociety.com\/tss\/en\/wp-json\/wp\/v2\/pages\/3886\/revisions"}],"predecessor-version":[{"id":6380,"href":"https:\/\/www.turkuswingsociety.com\/tss\/en\/wp-json\/wp\/v2\/pages\/3886\/revisions\/6380"}],"wp:attachment":[{"href":"https:\/\/www.turkuswingsociety.com\/tss\/en\/wp-json\/wp\/v2\/media?parent=3886"}],"curies":[{"name":"wp","href":"https:\/\/api.w.org\/{rel}","templated":true}]}}