{"id":3833,"date":"2023-02-05T21:13:15","date_gmt":"2023-02-05T18:13:15","guid":{"rendered":"https:\/\/turkuswingsociety.com\/tss\/?page_id=3833"},"modified":"2023-09-17T00:48:02","modified_gmt":"2023-09-16T21:48:02","slug":"palaute","status":"publish","type":"page","link":"https:\/\/www.turkuswingsociety.com\/tss\/en\/palaute\/","title":{"rendered":"Feedback"},"content":{"rendered":"<div style=\"height:58px\" aria-hidden=\"true\" class=\"wp-block-spacer\"><\/div>\n\n\n\n<div class=\"wp-block-cover alignfull is-light\" style=\"min-height:400px;aspect-ratio:unset;\"><span aria-hidden=\"true\" class=\"wp-block-cover__background has-background-dim-20 has-background-dim wp-block-cover__gradient-background has-background-gradient\" style=\"background:linear-gradient(135deg,rgb(169,184,195) undefined%,rgb(238,238,238) 54%)\"><\/span><img loading=\"lazy\" decoding=\"async\" width=\"1740\" height=\"800\" class=\"wp-block-cover__image-background wp-image-5188\" alt=\"\" src=\"https:\/\/turkuswingsociety.com\/tss\/wp-content\/uploads\/2023\/07\/jerejelena-EXPANDED-mustavalko-cropped-blurred-MERGED-fixed-vari-liila-tiilit-2varia-compressed-darker-2-kapea-compressed.jpg\" style=\"object-position:50% 40%\" data-object-fit=\"cover\" data-object-position=\"50% 40%\" srcset=\"https:\/\/www.turkuswingsociety.com\/tss\/wp-content\/uploads\/2023\/07\/jerejelena-EXPANDED-mustavalko-cropped-blurred-MERGED-fixed-vari-liila-tiilit-2varia-compressed-darker-2-kapea-compressed.jpg 1740w, https:\/\/www.turkuswingsociety.com\/tss\/wp-content\/uploads\/2023\/07\/jerejelena-EXPANDED-mustavalko-cropped-blurred-MERGED-fixed-vari-liila-tiilit-2varia-compressed-darker-2-kapea-compressed-300x138.jpg 300w, https:\/\/www.turkuswingsociety.com\/tss\/wp-content\/uploads\/2023\/07\/jerejelena-EXPANDED-mustavalko-cropped-blurred-MERGED-fixed-vari-liila-tiilit-2varia-compressed-darker-2-kapea-compressed-1024x471.jpg 1024w, https:\/\/www.turkuswingsociety.com\/tss\/wp-content\/uploads\/2023\/07\/jerejelena-EXPANDED-mustavalko-cropped-blurred-MERGED-fixed-vari-liila-tiilit-2varia-compressed-darker-2-kapea-compressed-768x353.jpg 768w, https:\/\/www.turkuswingsociety.com\/tss\/wp-content\/uploads\/2023\/07\/jerejelena-EXPANDED-mustavalko-cropped-blurred-MERGED-fixed-vari-liila-tiilit-2varia-compressed-darker-2-kapea-compressed-1536x706.jpg 1536w, https:\/\/www.turkuswingsociety.com\/tss\/wp-content\/uploads\/2023\/07\/jerejelena-EXPANDED-mustavalko-cropped-blurred-MERGED-fixed-vari-liila-tiilit-2varia-compressed-darker-2-kapea-compressed-18x8.jpg 18w\" sizes=\"auto, (max-width: 1740px) 100vw, 1740px\" \/><div class=\"wp-block-cover__inner-container is-layout-flow wp-block-cover-is-layout-flow\">\n<p class=\"has-text-align-center has-x-large-font-size\" style=\"font-style:normal;font-weight:400;letter-spacing:5px\"><mark style=\"background-color:rgba(0, 0, 0, 0);color:#e2d2f4\" class=\"has-inline-color\">FEEDBACK<\/mark><\/p>\n<\/div><\/div>\n\n\n\n<div style=\"height:80px\" aria-hidden=\"true\" class=\"wp-block-spacer\"><\/div>\n\n\n\n<div class=\"wp-block-columns is-layout-flex wp-container-core-columns-is-layout-9d6595d7 wp-block-columns-is-layout-flex\">\n<div class=\"wp-block-column is-layout-flow wp-block-column-is-layout-flow\" style=\"flex-basis:15%\"><\/div>\n\n\n\n<div class=\"wp-block-column is-layout-flow wp-block-column-is-layout-flow\" style=\"flex-basis:70%\">\n<h1 class=\"wp-block-heading has-text-align-center\" style=\"letter-spacing:5px\">Feedback forms<\/h1>\n\n\n\n<hr class=\"wp-block-separator has-alpha-channel-opacity is-style-wide\"\/>\n\n\n\n<p>You can send us feedback (e.g. concerning our courses or events etc.) by filling the feedback forms attached below. If you wish your feedback to be anonymous, you don\u2019t have to type in your name. However, in case you would like to receive a reply, please fill in your email address.<br>All feedback is very important to us. We want to know how we can be a better dance society for you! We also welcome your suggestions and wishes for future activities! <\/p>\n\n\n\n<ul class=\"wp-block-list\">\n<li>You can find the <strong>general feedback form<\/strong> <a rel=\"noreferrer noopener\" href=\"https:\/\/forms.gle\/YrwergP4N6p3KKtt6\" target=\"_blank\">here<\/a>.<\/li>\n\n\n\n<li>You can access the <strong>course feedback form<\/strong> <a rel=\"noreferrer noopener\" href=\"https:\/\/forms.gle\/i4HAYq4RLBpJWWJcA\" data-type=\"URL\" data-id=\"https:\/\/forms.gle\/JP2gi4pEZRpeAW417\" target=\"_blank\">here<\/a>.<\/li>\n\n\n\n<li class=\"translation-block\">Check our privacy policy <a rel=\"noreferrer noopener\" href=\"https:\/\/turkuswingsociety.com\/tss\/en\/jasenrekisteriseloste\" target=\"_blank\">here<\/a>.<\/li>\n<\/ul>\n\n\n\n<p>We collect feedback from our courses after each season, but feel free to fill out the course feedback form during the season as well! We carefully read all feedback and aim to adjust our courses according to our members' wishes. <\/p>\n<\/div>\n\n\n\n<div class=\"wp-block-column is-layout-flow wp-block-column-is-layout-flow\" style=\"flex-basis:15%\"><\/div>\n<\/div>","protected":false},"excerpt":{"rendered":"<p>Palautelomakkeet Oheisilla lomakkeilla voit l\u00e4hett\u00e4\u00e4 palautetta mist\u00e4 tahansa Turku Swing Society:n toiminnasta tai kursseista. Voit l\u00e4hett\u00e4\u00e4 kommenttisi omalla nimell\u00e4si tai anonyymisti. Mik\u00e4li haluat vastauksen, t\u00e4yt\u00e4th\u00e4n my\u00f6s s\u00e4hk\u00f6postiosoitteesi. Kaikki palaute on meille eritt\u00e4in t\u00e4rke\u00e4\u00e4. Haluamme tiet\u00e4\u00e4, miten voisimme olla parempi tanssiseura juuri sinulle! Otamme ilomielin vastaan my\u00f6s ehdotuksia ja toiveita tulevasta toiminnasta! Ker\u00e4\u00e4mme kursseistamme aina kauden [&hellip;]<\/p>\n","protected":false},"author":1,"featured_media":0,"parent":0,"menu_order":0,"comment_status":"closed","ping_status":"closed","template":"","meta":{"ocean_post_layout":"","ocean_both_sidebars_style":"","ocean_both_sidebars_content_width":0,"ocean_both_sidebars_sidebars_width":0,"ocean_sidebar":"0","ocean_second_sidebar":"0","ocean_disable_margins":"enable","ocean_add_body_class":"","ocean_shortcode_before_top_bar":"","ocean_shortcode_after_top_bar":"","ocean_shortcode_before_header":"","ocean_shortcode_after_header":"","ocean_has_shortcode":"","ocean_shortcode_after_title":"","ocean_shortcode_before_footer_widgets":"","ocean_shortcode_after_footer_widgets":"","ocean_shortcode_before_footer_bottom":"","ocean_shortcode_after_footer_bottom":"","ocean_display_top_bar":"default","ocean_display_header":"default","ocean_header_style":"","ocean_center_header_left_menu":"0","ocean_custom_header_template":"0","ocean_custom_logo":0,"ocean_custom_retina_logo":0,"ocean_custom_logo_max_width":0,"ocean_custom_logo_tablet_max_width":0,"ocean_custom_logo_mobile_max_width":0,"ocean_custom_logo_max_height":0,"ocean_custom_logo_tablet_max_height":0,"ocean_custom_logo_mobile_max_height":0,"ocean_header_custom_menu":"0","ocean_menu_typo_font_family":"0","ocean_menu_typo_font_subset":"","ocean_menu_typo_font_size":0,"ocean_menu_typo_font_size_tablet":0,"ocean_menu_typo_font_size_mobile":0,"ocean_menu_typo_font_size_unit":"px","ocean_menu_typo_font_weight":"","ocean_menu_typo_font_weight_tablet":"","ocean_menu_typo_font_weight_mobile":"","ocean_menu_typo_transform":"","ocean_menu_typo_transform_tablet":"","ocean_menu_typo_transform_mobile":"","ocean_menu_typo_line_height":0,"ocean_menu_typo_line_height_tablet":0,"ocean_menu_typo_line_height_mobile":0,"ocean_menu_typo_line_height_unit":"","ocean_menu_typo_spacing":0,"ocean_menu_typo_spacing_tablet":0,"ocean_menu_typo_spacing_mobile":0,"ocean_menu_typo_spacing_unit":"","ocean_menu_link_color":"","ocean_menu_link_color_hover":"","ocean_menu_link_color_active":"","ocean_menu_link_background":"","ocean_menu_link_hover_background":"","ocean_menu_link_active_background":"","ocean_menu_social_links_bg":"","ocean_menu_social_hover_links_bg":"","ocean_menu_social_links_color":"","ocean_menu_social_hover_links_color":"","ocean_disable_title":"default","ocean_disable_heading":"default","ocean_post_title":"","ocean_post_subheading":"","ocean_post_title_style":"","ocean_post_title_background_color":"","ocean_post_title_background":0,"ocean_post_title_bg_image_position":"","ocean_post_title_bg_image_attachment":"","ocean_post_title_bg_image_repeat":"","ocean_post_title_bg_image_size":"","ocean_post_title_height":0,"ocean_post_title_bg_overlay":0.5,"ocean_post_title_bg_overlay_color":"","ocean_disable_breadcrumbs":"default","ocean_breadcrumbs_color":"","ocean_breadcrumbs_separator_color":"","ocean_breadcrumbs_links_color":"","ocean_breadcrumbs_links_hover_color":"","ocean_display_footer_widgets":"default","ocean_display_footer_bottom":"default","ocean_custom_footer_template":"0","footnotes":""},"class_list":["post-3833","page","type-page","status-publish","hentry","entry"],"aioseo_notices":[],"_links":{"self":[{"href":"https:\/\/www.turkuswingsociety.com\/tss\/en\/wp-json\/wp\/v2\/pages\/3833","targetHints":{"allow":["GET"]}}],"collection":[{"href":"https:\/\/www.turkuswingsociety.com\/tss\/en\/wp-json\/wp\/v2\/pages"}],"about":[{"href":"https:\/\/www.turkuswingsociety.com\/tss\/en\/wp-json\/wp\/v2\/types\/page"}],"author":[{"embeddable":true,"href":"https:\/\/www.turkuswingsociety.com\/tss\/en\/wp-json\/wp\/v2\/users\/1"}],"replies":[{"embeddable":true,"href":"https:\/\/www.turkuswingsociety.com\/tss\/en\/wp-json\/wp\/v2\/comments?post=3833"}],"version-history":[{"count":40,"href":"https:\/\/www.turkuswingsociety.com\/tss\/en\/wp-json\/wp\/v2\/pages\/3833\/revisions"}],"predecessor-version":[{"id":5560,"href":"https:\/\/www.turkuswingsociety.com\/tss\/en\/wp-json\/wp\/v2\/pages\/3833\/revisions\/5560"}],"wp:attachment":[{"href":"https:\/\/www.turkuswingsociety.com\/tss\/en\/wp-json\/wp\/v2\/media?parent=3833"}],"curies":[{"name":"wp","href":"https:\/\/api.w.org\/{rel}","templated":true}]}}